{"id":1325,"date":"2025-12-18T22:38:51","date_gmt":"2025-12-18T14:38:51","guid":{"rendered":"https:\/\/omnidexcn.com\/?page_id=1325"},"modified":"2026-03-11T11:58:19","modified_gmt":"2026-03-11T03:58:19","slug":"qualitatskontrolle","status":"publish","type":"page","link":"https:\/\/omnidexcn.com\/de\/qualitatskontrolle\/","title":{"rendered":"Qualit\u00e4tskontrolle"},"content":{"rendered":"<div data-elementor-type=\"wp-page\" data-elementor-id=\"1325\" class=\"elementor elementor-1325\" data-elementor-post-type=\"page\">\n\t\t\t\t\t\t<section class=\"elementor-section elementor-top-section elementor-element elementor-element-fa1d427 elementor-section-boxed elementor-section-height-default elementor-section-height-default\" data-id=\"fa1d427\" data-element_type=\"section\">\n\t\t\t\t\t\t<div class=\"elementor-container elementor-column-gap-default\">\n\t\t\t\t\t<div class=\"elementor-column elementor-col-100 elementor-top-column elementor-element elementor-element-57b02ef\" data-id=\"57b02ef\" data-element_type=\"column\">\n\t\t\t<div class=\"elementor-widget-wrap elementor-element-populated\">\n\t\t\t\t\t\t<section class=\"elementor-section elementor-inner-section elementor-element elementor-element-d3235f9 elementor-section-boxed elementor-section-height-default elementor-section-height-default\" data-id=\"d3235f9\" data-element_type=\"section\">\n\t\t\t\t\t\t<div class=\"elementor-container elementor-column-gap-default\">\n\t\t\t\t\t<div class=\"elementor-column elementor-col-50 elementor-inner-column elementor-element elementor-element-4f0a5df\" data-id=\"4f0a5df\" data-element_type=\"column\">\n\t\t\t<div class=\"elementor-widget-wrap elementor-element-populated\">\n\t\t\t\t\t\t<div class=\"elementor-element elementor-element-633dafb elementor-widget elementor-widget-icon-box\" data-id=\"633dafb\" data-element_type=\"widget\" data-widget_type=\"icon-box.default\">\n\t\t\t\t<div class=\"elementor-widget-container\">\n\t\t\t\t\t\t\t<div class=\"elementor-icon-box-wrapper\">\n\n\t\t\t\n\t\t\t\t\t\t<div class=\"elementor-icon-box-content\">\n\n\t\t\t\t\t\t\t\t\t<h2 class=\"elementor-icon-box-title\">\n\t\t\t\t\t\t<span  >\n\t\t\t\t\t\t\tQualit\u00e4tsphilosophie\t\t\t\t\t\t<\/span>\n\t\t\t\t\t<\/h2>\n\t\t\t\t\n\t\t\t\t\t\t\t\t\t<p class=\"elementor-icon-box-description\">\n\t\t\t\t\t\tQualit\u00e4t ist ein zentraler Bestandteil aller Fertigungsprozesse. Strukturierte Abl\u00e4ufe stellen sicher, dass Produkte stets Kundenanforderungen, Normen und internen Standards entsprechen.\t\t\t\t\t<\/p>\n\t\t\t\t\n\t\t\t<\/div>\n\t\t\t\n\t\t<\/div>\n\t\t\t\t\t\t<\/div>\n\t\t\t\t<\/div>\n\t\t\t\t<div class=\"elementor-element elementor-element-ff947d8 elementor-widget elementor-widget-icon-box\" data-id=\"ff947d8\" data-element_type=\"widget\" data-widget_type=\"icon-box.default\">\n\t\t\t\t<div class=\"elementor-widget-container\">\n\t\t\t\t\t\t\t<div class=\"elementor-icon-box-wrapper\">\n\n\t\t\t\n\t\t\t\t\t\t<div class=\"elementor-icon-box-content\">\n\n\t\t\t\t\t\t\t\t\t<h2 class=\"elementor-icon-box-title\">\n\t\t\t\t\t\t<span  >\n\t\t\t\t\t\t\tISO 9001 Qualit\u00e4tsmanagementsystem\t\t\t\t\t\t<\/span>\n\t\t\t\t\t<\/h2>\n\t\t\t\t\n\t\t\t\t\t\t\t\t\t<p class=\"elementor-icon-box-description\">\n\t\t\t\t\t\tWir arbeiten strikt nach ISO 9001 und werden seit \u00fcber 12 Jahren j\u00e4hrlich erfolgreich auditiert.\t\t\t\t\t<\/p>\n\t\t\t\t\n\t\t\t<\/div>\n\t\t\t\n\t\t<\/div>\n\t\t\t\t\t\t<\/div>\n\t\t\t\t<\/div>\n\t\t\t\t<div class=\"elementor-element elementor-element-06dd11c elementor-widget elementor-widget-icon-box\" data-id=\"06dd11c\" data-element_type=\"widget\" data-widget_type=\"icon-box.default\">\n\t\t\t\t<div class=\"elementor-widget-container\">\n\t\t\t\t\t\t\t<div class=\"elementor-icon-box-wrapper\">\n\n\t\t\t\n\t\t\t\t\t\t<div class=\"elementor-icon-box-content\">\n\n\t\t\t\t\t\t\t\t\t<h2 class=\"elementor-icon-box-title\">\n\t\t\t\t\t\t<span  >\n\t\t\t\t\t\t\tEigenst\u00e4ndige Qualit\u00e4tsabteilung\t\t\t\t\t\t<\/span>\n\t\t\t\t\t<\/h2>\n\t\t\t\t\n\t\t\t\t\t\t\t\t\t<p class=\"elementor-icon-box-description\">\n\t\t\t\t\t\tDie Qualit\u00e4tskontrolle wird von einer unabh\u00e4ngigen Abteilung unterst\u00fctzt, die Pr\u00fcfungen, Dokumentation und Korrekturma\u00dfnahmen \u00fcberwacht.\t\t\t\t\t<\/p>\n\t\t\t\t\n\t\t\t<\/div>\n\t\t\t\n\t\t<\/div>\n\t\t\t\t\t\t<\/div>\n\t\t\t\t<\/div>\n\t\t\t\t\t<\/div>\n\t\t<\/div>\n\t\t\t\t<div class=\"elementor-column elementor-col-50 elementor-inner-column elementor-element elementor-element-84fbc64\" data-id=\"84fbc64\" data-element_type=\"column\">\n\t\t\t<div class=\"elementor-widget-wrap elementor-element-populated\">\n\t\t\t\t\t\t<div class=\"elementor-element elementor-element-cfbe7c0 elementor-widget elementor-widget-image\" data-id=\"cfbe7c0\" data-element_type=\"widget\" data-widget_type=\"image.default\">\n\t\t\t\t<div class=\"elementor-widget-container\">\n\t\t\t\t\t\t\t\t\t\t\t\t\t\t\t<img fetchpriority=\"high\" decoding=\"async\" width=\"500\" height=\"614\" src=\"https:\/\/omnidexcn.com\/wp-content\/uploads\/2025\/12\/quality-control-page-image.jpg\" class=\"attachment-large size-large wp-image-1328\" alt=\"\" srcset=\"https:\/\/omnidexcn.com\/wp-content\/uploads\/2025\/12\/quality-control-page-image.jpg 500w, https:\/\/omnidexcn.com\/wp-content\/uploads\/2025\/12\/quality-control-page-image-244x300.jpg 244w, https:\/\/omnidexcn.com\/wp-content\/uploads\/2025\/12\/quality-control-page-image-10x12.jpg 10w\" sizes=\"(max-width: 500px) 100vw, 500px\" \/>\t\t\t\t\t\t\t\t\t\t\t\t\t\t\t<\/div>\n\t\t\t\t<\/div>\n\t\t\t\t\t<\/div>\n\t\t<\/div>\n\t\t\t\t\t<\/div>\n\t\t<\/section>\n\t\t\t\t<section class=\"elementor-section elementor-inner-section elementor-element elementor-element-676e58e elementor-section-boxed elementor-section-height-default elementor-section-height-default\" data-id=\"676e58e\" data-element_type=\"section\">\n\t\t\t\t\t\t<div class=\"elementor-container elementor-column-gap-default\">\n\t\t\t\t\t<div class=\"elementor-column elementor-col-50 elementor-inner-column elementor-element elementor-element-23b075a\" data-id=\"23b075a\" data-element_type=\"column\">\n\t\t\t<div class=\"elementor-widget-wrap elementor-element-populated\">\n\t\t\t\t\t\t<div class=\"elementor-element elementor-element-359bf98 elementor-widget elementor-widget-image\" data-id=\"359bf98\" data-element_type=\"widget\" data-widget_type=\"image.default\">\n\t\t\t\t<div class=\"elementor-widget-container\">\n\t\t\t\t\t\t\t\t\t\t\t\t\t\t\t<img decoding=\"async\" width=\"580\" height=\"386\" src=\"https:\/\/omnidexcn.com\/wp-content\/uploads\/2026\/02\/IMG_6309-1.jpg\" class=\"attachment-large size-large wp-image-1679\" alt=\"\" srcset=\"https:\/\/omnidexcn.com\/wp-content\/uploads\/2026\/02\/IMG_6309-1.jpg 800w, https:\/\/omnidexcn.com\/wp-content\/uploads\/2026\/02\/IMG_6309-1-300x200.jpg 300w, https:\/\/omnidexcn.com\/wp-content\/uploads\/2026\/02\/IMG_6309-1-768x512.jpg 768w, https:\/\/omnidexcn.com\/wp-content\/uploads\/2026\/02\/IMG_6309-1-18x12.jpg 18w, https:\/\/omnidexcn.com\/wp-content\/uploads\/2026\/02\/IMG_6309-1-600x400.jpg 600w\" sizes=\"(max-width: 580px) 100vw, 580px\" \/>\t\t\t\t\t\t\t\t\t\t\t\t\t\t\t<\/div>\n\t\t\t\t<\/div>\n\t\t\t\t\t<\/div>\n\t\t<\/div>\n\t\t\t\t<div class=\"elementor-column elementor-col-50 elementor-inner-column elementor-element elementor-element-6d9e21b\" data-id=\"6d9e21b\" data-element_type=\"column\">\n\t\t\t<div class=\"elementor-widget-wrap elementor-element-populated\">\n\t\t\t\t\t\t<div class=\"elementor-element elementor-element-745e8c6 elementor-widget elementor-widget-icon-box\" data-id=\"745e8c6\" data-element_type=\"widget\" data-widget_type=\"icon-box.default\">\n\t\t\t\t<div class=\"elementor-widget-container\">\n\t\t\t\t\t\t\t<div class=\"elementor-icon-box-wrapper\">\n\n\t\t\t\n\t\t\t\t\t\t<div class=\"elementor-icon-box-content\">\n\n\t\t\t\t\t\t\t\t\t<h2 class=\"elementor-icon-box-title\">\n\t\t\t\t\t\t<span  >\n\t\t\t\t\t\t\tPr\u00fcfung und Messtechnik\t\t\t\t\t\t<\/span>\n\t\t\t\t\t<\/h2>\n\t\t\t\t\n\t\t\t\t\t\t\t\t\t<p class=\"elementor-icon-box-description\">\n\t\t\t\t\t\tPr\u00fcfungen umfassen Ma\u00dfkontrollen, kalibrierte Messungen, Sichtpr\u00fcfungen sowie Funktionskontrollen.\t\t\t\t\t<\/p>\n\t\t\t\t\n\t\t\t<\/div>\n\t\t\t\n\t\t<\/div>\n\t\t\t\t\t\t<\/div>\n\t\t\t\t<\/div>\n\t\t\t\t<div class=\"elementor-element elementor-element-6ffc907 elementor-widget elementor-widget-icon-box\" data-id=\"6ffc907\" data-element_type=\"widget\" data-widget_type=\"icon-box.default\">\n\t\t\t\t<div class=\"elementor-widget-container\">\n\t\t\t\t\t\t\t<div class=\"elementor-icon-box-wrapper\">\n\n\t\t\t\n\t\t\t\t\t\t<div class=\"elementor-icon-box-content\">\n\n\t\t\t\t\t\t\t\t\t<h2 class=\"elementor-icon-box-title\">\n\t\t\t\t\t\t<span  >\n\t\t\t\t\t\t\tKontinuierliche Verbesserung\t\t\t\t\t\t<\/span>\n\t\t\t\t\t<\/h2>\n\t\t\t\t\n\t\t\t\t\t\t\t\t\t<p class=\"elementor-icon-box-description\">\n\t\t\t\t\t\tQualit\u00e4tssysteme werden kontinuierlich \u00fcberwacht und verbessert.\t\t\t\t\t<\/p>\n\t\t\t\t\n\t\t\t<\/div>\n\t\t\t\n\t\t<\/div>\n\t\t\t\t\t\t<\/div>\n\t\t\t\t<\/div>\n\t\t\t\t\t<\/div>\n\t\t<\/div>\n\t\t\t\t\t<\/div>\n\t\t<\/section>\n\t\t\t\t<section class=\"elementor-section elementor-inner-section elementor-element elementor-element-3269710 elementor-section-boxed elementor-section-height-default elementor-section-height-default\" data-id=\"3269710\" data-element_type=\"section\">\n\t\t\t\t\t\t<div class=\"elementor-container elementor-column-gap-default\">\n\t\t\t\t\t<div class=\"elementor-column elementor-col-50 elementor-inner-column elementor-element elementor-element-5ea1f1c\" data-id=\"5ea1f1c\" data-element_type=\"column\">\n\t\t\t<div class=\"elementor-widget-wrap elementor-element-populated\">\n\t\t\t\t\t\t<div class=\"elementor-element elementor-element-dd6c11d elementor-widget elementor-widget-icon-box\" data-id=\"dd6c11d\" data-element_type=\"widget\" data-widget_type=\"icon-box.default\">\n\t\t\t\t<div class=\"elementor-widget-container\">\n\t\t\t\t\t\t\t<div class=\"elementor-icon-box-wrapper\">\n\n\t\t\t\n\t\t\t\t\t\t<div class=\"elementor-icon-box-content\">\n\n\t\t\t\t\t\t\t\t\t<h2 class=\"elementor-icon-box-title\">\n\t\t\t\t\t\t<span  >\n\t\t\t\t\t\t\tIntegrierte Qualit\u00e4tssicherung\t\t\t\t\t\t<\/span>\n\t\t\t\t\t<\/h2>\n\t\t\t\t\n\t\t\t\t\t\t\t\t\t<p class=\"elementor-icon-box-description\">\n\t\t\t\t\t\tQualit\u00e4tssicherung ist in alle Prozesse integriert \u2013 von CNC bis Montage.\t\t\t\t\t<\/p>\n\t\t\t\t\n\t\t\t<\/div>\n\t\t\t\n\t\t<\/div>\n\t\t\t\t\t\t<\/div>\n\t\t\t\t<\/div>\n\t\t\t\t<div class=\"elementor-element elementor-element-51c4dc0 elementor-widget elementor-widget-icon-box\" data-id=\"51c4dc0\" data-element_type=\"widget\" data-widget_type=\"icon-box.default\">\n\t\t\t\t<div class=\"elementor-widget-container\">\n\t\t\t\t\t\t\t<div class=\"elementor-icon-box-wrapper\">\n\n\t\t\t\n\t\t\t\t\t\t<div class=\"elementor-icon-box-content\">\n\n\t\t\t\t\t\t\t\t\t<h2 class=\"elementor-icon-box-title\">\n\t\t\t\t\t\t<span  >\n\t\t\t\t\t\t\tKonstante Qualit\u00e4t. Zuverl\u00e4ssige Lieferung.\t\t\t\t\t\t<\/span>\n\t\t\t\t\t<\/h2>\n\t\t\t\t\n\t\t\t\t\t\t\t\t\t<p class=\"elementor-icon-box-description\">\n\t\t\t\t\t\tBei Omnidex ist Qualit\u00e4t in jeden Schritt integriert \u2013 nicht nur am Ende gepr\u00fcft. Vom Rohmaterial bis zur Lieferung wird jedes Teil kontrolliert, um Ihre Anforderungen zuverl\u00e4ssig zu erf\u00fcllen.\t\t\t\t\t<\/p>\n\t\t\t\t\n\t\t\t<\/div>\n\t\t\t\n\t\t<\/div>\n\t\t\t\t\t\t<\/div>\n\t\t\t\t<\/div>\n\t\t\t\t\t<\/div>\n\t\t<\/div>\n\t\t\t\t<div class=\"elementor-column elementor-col-50 elementor-inner-column elementor-element elementor-element-2c0efee\" data-id=\"2c0efee\" data-element_type=\"column\">\n\t\t\t<div class=\"elementor-widget-wrap elementor-element-populated\">\n\t\t\t\t\t\t<div class=\"elementor-element elementor-element-1635a2d elementor-widget elementor-widget-image\" data-id=\"1635a2d\" data-element_type=\"widget\" data-widget_type=\"image.default\">\n\t\t\t\t<div class=\"elementor-widget-container\">\n\t\t\t\t\t\t\t\t\t\t\t\t\t\t\t<img decoding=\"async\" width=\"580\" height=\"386\" src=\"https:\/\/omnidexcn.com\/wp-content\/uploads\/2026\/02\/IMG_6304-1.jpg\" class=\"attachment-large size-large wp-image-1678\" alt=\"\" srcset=\"https:\/\/omnidexcn.com\/wp-content\/uploads\/2026\/02\/IMG_6304-1.jpg 800w, https:\/\/omnidexcn.com\/wp-content\/uploads\/2026\/02\/IMG_6304-1-300x200.jpg 300w, https:\/\/omnidexcn.com\/wp-content\/uploads\/2026\/02\/IMG_6304-1-768x512.jpg 768w, https:\/\/omnidexcn.com\/wp-content\/uploads\/2026\/02\/IMG_6304-1-18x12.jpg 18w, https:\/\/omnidexcn.com\/wp-content\/uploads\/2026\/02\/IMG_6304-1-600x400.jpg 600w\" sizes=\"(max-width: 580px) 100vw, 580px\" \/>\t\t\t\t\t\t\t\t\t\t\t\t\t\t\t<\/div>\n\t\t\t\t<\/div>\n\t\t\t\t\t<\/div>\n\t\t<\/div>\n\t\t\t\t\t<\/div>\n\t\t<\/section>\n\t\t\t\t<section class=\"elementor-section elementor-inner-section elementor-element elementor-element-bc52dd3 elementor-section-boxed elementor-section-height-default elementor-section-height-default\" data-id=\"bc52dd3\" data-element_type=\"section\">\n\t\t\t\t\t\t<div class=\"elementor-container elementor-column-gap-default\">\n\t\t\t\t\t<div class=\"elementor-column elementor-col-50 elementor-inner-column elementor-element elementor-element-4d384b2\" data-id=\"4d384b2\" data-element_type=\"column\">\n\t\t\t<div class=\"elementor-widget-wrap elementor-element-populated\">\n\t\t\t\t\t\t<div class=\"elementor-element elementor-element-ac031db elementor-widget elementor-widget-image\" data-id=\"ac031db\" data-element_type=\"widget\" data-widget_type=\"image.default\">\n\t\t\t\t<div class=\"elementor-widget-container\">\n\t\t\t\t\t\t\t\t\t\t\t\t\t\t\t<img loading=\"lazy\" decoding=\"async\" width=\"580\" height=\"386\" src=\"https:\/\/omnidexcn.com\/wp-content\/uploads\/2026\/02\/IMG_6430-1.jpg\" class=\"attachment-large size-large wp-image-1680\" alt=\"\" srcset=\"https:\/\/omnidexcn.com\/wp-content\/uploads\/2026\/02\/IMG_6430-1.jpg 800w, https:\/\/omnidexcn.com\/wp-content\/uploads\/2026\/02\/IMG_6430-1-300x200.jpg 300w, https:\/\/omnidexcn.com\/wp-content\/uploads\/2026\/02\/IMG_6430-1-768x512.jpg 768w, https:\/\/omnidexcn.com\/wp-content\/uploads\/2026\/02\/IMG_6430-1-18x12.jpg 18w, https:\/\/omnidexcn.com\/wp-content\/uploads\/2026\/02\/IMG_6430-1-600x400.jpg 600w\" sizes=\"(max-width: 580px) 100vw, 580px\" \/>\t\t\t\t\t\t\t\t\t\t\t\t\t\t\t<\/div>\n\t\t\t\t<\/div>\n\t\t\t\t\t<\/div>\n\t\t<\/div>\n\t\t\t\t<div class=\"elementor-column elementor-col-50 elementor-inner-column elementor-element elementor-element-58b237f\" data-id=\"58b237f\" data-element_type=\"column\">\n\t\t\t<div class=\"elementor-widget-wrap elementor-element-populated\">\n\t\t\t\t\t\t<div class=\"elementor-element elementor-element-71d0e38 elementor-widget elementor-widget-icon-box\" data-id=\"71d0e38\" data-element_type=\"widget\" data-widget_type=\"icon-box.default\">\n\t\t\t\t<div class=\"elementor-widget-container\">\n\t\t\t\t\t\t\t<div class=\"elementor-icon-box-wrapper\">\n\n\t\t\t\n\t\t\t\t\t\t<div class=\"elementor-icon-box-content\">\n\n\t\t\t\t\t\t\t\t\t<h2 class=\"elementor-icon-box-title\">\n\t\t\t\t\t\t<span  >\n\t\t\t\t\t\t\tNuestro enfoque\t\t\t\t\t\t<\/span>\n\t\t\t\t\t<\/h2>\n\t\t\t\t\n\t\t\t\t\t\t\t\t\t<p class=\"elementor-icon-box-description\">\n\t\t\t\t\t\t<ul>\n<li>Pr\u00fcfung von Zeichnungen und Spezifikationen<\/li>\n<li> Wareneingangskontrolle<\/li>\n<li>In-Prozess-Pr\u00fcfungen<\/li>\n<li>Endkontrolle (Ma\u00dfe und Sichtpr\u00fcfung)<\/li>\n<li>Dokumentation und R\u00fcckverfolgbarkeit<\/li>\n<\/ul>\n\t\t\t\t\t<\/p>\n\t\t\t\t\n\t\t\t<\/div>\n\t\t\t\n\t\t<\/div>\n\t\t\t\t\t\t<\/div>\n\t\t\t\t<\/div>\n\t\t\t\t<div class=\"elementor-element elementor-element-39900bc elementor-widget elementor-widget-icon-box\" data-id=\"39900bc\" data-element_type=\"widget\" data-widget_type=\"icon-box.default\">\n\t\t\t\t<div class=\"elementor-widget-container\">\n\t\t\t\t\t\t\t<div class=\"elementor-icon-box-wrapper\">\n\n\t\t\t\n\t\t\t\t\t\t<div class=\"elementor-icon-box-content\">\n\n\t\t\t\t\t\t\t\t\t<h2 class=\"elementor-icon-box-title\">\n\t\t\t\t\t\t<span  >\n\t\t\t\t\t\t\tPr\u00fcfkapazit\u00e4ten\t\t\t\t\t\t<\/span>\n\t\t\t\t\t<\/h2>\n\t\t\t\t\n\t\t\t\t\t\t\t\t\t<p class=\"elementor-icon-box-description\">\n\t\t\t\t\t\t<ul>\n<li>Erstmusterpr\u00fcfung (FAI)<\/li>\n<li>CMM- und Pr\u00e4zisionsmessung<\/li>\n<li>Messschieber, Lehren und Vorrichtungen<\/li>\n<li> Oberfl\u00e4chen- und H\u00e4rtepr\u00fcfung<\/li>\n<li> Funktions- und Montagepr\u00fcfungen<\/li>\n<li>AQL oder 100%-Pr\u00fcfung<\/li>\n<\/ul>\n\t\t\t\t\t<\/p>\n\t\t\t\t\n\t\t\t<\/div>\n\t\t\t\n\t\t<\/div>\n\t\t\t\t\t\t<\/div>\n\t\t\t\t<\/div>\n\t\t\t\t\t<\/div>\n\t\t<\/div>\n\t\t\t\t\t<\/div>\n\t\t<\/section>\n\t\t\t\t\t<\/div>\n\t\t<\/div>\n\t\t\t\t\t<\/div>\n\t\t<\/section>\n\t\t\t\t<section class=\"elementor-section elementor-top-section elementor-element elementor-element-e1fe585 elementor-section-boxed elementor-section-height-default elementor-section-height-default\" data-id=\"e1fe585\" data-element_type=\"section\">\n\t\t\t\t\t\t<div class=\"elementor-container elementor-column-gap-default\">\n\t\t\t\t\t<div class=\"elementor-column elementor-col-100 elementor-top-column elementor-element elementor-element-a74a35f\" data-id=\"a74a35f\" data-element_type=\"column\">\n\t\t\t<div class=\"elementor-widget-wrap elementor-element-populated\">\n\t\t\t\t\t\t<div class=\"elementor-element elementor-element-d6a283a elementor-widget elementor-widget-text-editor\" data-id=\"d6a283a\" data-element_type=\"widget\" data-widget_type=\"text-editor.default\">\n\t\t\t\t<div class=\"elementor-widget-container\">\n\t\t\t\t\t\t\t\t\t<h2>F\u00fcr Pr\u00e4zisions- und kritische Teile<\/h2><p>Wir unterst\u00fctzen Pr\u00e4zisionszahnr\u00e4der, CNC-Bauteile, Schwei\u00dfkonstruktionen, Guss und komplette Baugruppen. Pr\u00fcfberichte und Zertifikate werden bei Bedarf geliefert.<\/p><h2>Warum es wichtig ist<\/h2><p>Weniger Fehler. Schnellere Freigaben. Konstante Nachbestellungen. Niedrigere Gesamtkosten. Vertrauen bei jeder Lieferung.<\/p>\t\t\t\t\t\t\t\t<\/div>\n\t\t\t\t<\/div>\n\t\t\t\t<div class=\"elementor-element elementor-element-23c2936 elementor-widget elementor-widget-text-editor\" data-id=\"23c2936\" data-element_type=\"widget\" data-widget_type=\"text-editor.default\">\n\t\t\t\t<div class=\"elementor-widget-container\">\n\t\t\t\t\t\t\t\t\t<p>Senden Sie uns Ihre Zeichnungen \u2013 wir erstellen den passenden Pr\u00fcfplan.<\/p>\t\t\t\t\t\t\t\t<\/div>\n\t\t\t\t<\/div>\n\t\t\t\t<div class=\"elementor-element elementor-element-5839f56 elementor-align-center elementor-widget elementor-widget-button\" data-id=\"5839f56\" data-element_type=\"widget\" data-widget_type=\"button.default\">\n\t\t\t\t<div class=\"elementor-widget-container\">\n\t\t\t\t\t\t\t\t\t<div class=\"elementor-button-wrapper\">\n\t\t\t\t\t<a class=\"elementor-button elementor-button-link elementor-size-sm\" href=\"https:\/\/omnidexcn.com\/de\/kontaktieren-sie-uns\/\" target=\"_blank\">\n\t\t\t\t\t\t<span class=\"elementor-button-content-wrapper\">\n\t\t\t\t\t\t<span class=\"elementor-button-icon\">\n\t\t\t\t<i aria-hidden=\"true\" class=\"far fa-arrow-alt-circle-right\"><\/i>\t\t\t<\/span>\n\t\t\t\t\t\t\t\t\t<span class=\"elementor-button-text\">Angebot anfordern<\/span>\n\t\t\t\t\t<\/span>\n\t\t\t\t\t<\/a>\n\t\t\t\t<\/div>\n\t\t\t\t\t\t\t\t<\/div>\n\t\t\t\t<\/div>\n\t\t\t\t\t<\/div>\n\t\t<\/div>\n\t\t\t\t\t<\/div>\n\t\t<\/section>\n\t\t\t\t<section class=\"elementor-section elementor-top-section elementor-element elementor-element-99cff83 elementor-section-full_width elementor-section-height-default elementor-section-height-default\" data-id=\"99cff83\" data-element_type=\"section\">\n\t\t\t\t\t\t<div class=\"elementor-container elementor-column-gap-default\">\n\t\t\t\t\t<div class=\"elementor-column elementor-col-100 elementor-top-column elementor-element elementor-element-3af0f75\" data-id=\"3af0f75\" data-element_type=\"column\">\n\t\t\t<div class=\"elementor-widget-wrap elementor-element-populated\">\n\t\t\t\t\t\t<div class=\"elementor-element elementor-element-5fcdc19 elementor-widget elementor-widget-template\" data-id=\"5fcdc19\" data-element_type=\"widget\" data-widget_type=\"template.default\">\n\t\t\t\t<div class=\"elementor-widget-container\">\n\t\t\t\t\t\t\t<div class=\"elementor-template\">\n\t\t\t\t\t<div data-elementor-type=\"section\" data-elementor-id=\"1596\" class=\"elementor elementor-1596\" data-elementor-post-type=\"elementor_library\">\n\t\t\t\t\t<section class=\"elementor-section elementor-top-section elementor-element elementor-element-4cd2b9e4 elementor-section-full_width elementor-section-height-default elementor-section-height-default\" data-id=\"4cd2b9e4\" data-element_type=\"section\">\n\t\t\t\t\t\t<div class=\"elementor-container elementor-column-gap-default\">\n\t\t\t\t\t<div class=\"elementor-column elementor-col-100 elementor-top-column elementor-element elementor-element-65c281b1\" data-id=\"65c281b1\" data-element_type=\"column\">\n\t\t\t<div class=\"elementor-widget-wrap elementor-element-populated\">\n\t\t\t\t\t\t<div class=\"elementor-element elementor-element-789cf0c1 elementor-widget elementor-widget-call-us\" data-id=\"789cf0c1\" data-element_type=\"widget\" data-widget_type=\"call-us.default\">\n\t\t\t\t<div class=\"elementor-widget-container\">\n\t\t\t\t\t\t\t\t<div class=\"section-full self-intro-section-outer overlay-wraper\" style=\"background-image:url(https:\/\/gridvalley.net\/wp\/industroz\/wp-content\/uploads\/2020\/04\/bg-6.jpg)\">                                 \n\t\t\t\t<div class=\"overlay-main site-bg-secondry opacity-09\"><\/div>\n\t\t\t\t<div class=\"self-intro-top bg-gray p-t80 p-b30\">\n\t\t\t\t\t<div class=\"container\">\n\t\t\t\t\t\t<div class=\"row justify-content-end\">\n\n\t\t\t\t\t\t\t<div class=\"col-lg-6 col-md-12\">\n\t\t\t\t\t\t\t\t<!-- TITLE START-->\n\t\t\t\t\t\t\t\t<div class=\"left wt-small-separator-outer\">\n\t\t\t\t\t\t\t\t\t\t\t\t\t\t\t\t\t\t\t<div class=\"wt-small-separator site-text-primary\">\n\t\t\t\t\t\t\t\t\t\t\t<div class=\"sep-leaf-left\"><\/div>\n\t\t\t\t\t\t\t\t\t\t\t<div>Sprechen Sie noch heute mit unserem Engineering-Team<\/div>\n\t\t\t\t\t\t\t\t\t\t\t<div class=\"sep-leaf-right\"><\/div>\n\t\t\t\t\t\t\t\t\t\t<\/div>\t\n\t\t\t\t\t\t\t\t\t\t\t\t\t\t\t\t\t\t\t\t<h2>Suchen Sie einen zuverl\u00e4ssigen Fertigungspartner?<\/h2>\n\t\t\t\t\t\t\t\t\t\t\t\t\t\t\t\t\t\t\t\t<p>Optimieren Sie Ihre Prozesse mit standardisierter Qualit\u00e4t<\/p>\n\t\t\t\t\t\t\t\t\t\t\t\t\t\t\t\t\t\t<\/div>\n\t\t\t\t\t\t\t\t<!-- TITLE END-->\n\t\t\t\t\t\t\t<\/div>                              \n\n\t\t\t\t\t\t<\/div>\n\t\t\t\t\t<\/div>\n\t\t\t\t<\/div> \n\t\t\t\t<div class=\"self-intro-bottom p-t80 p-b70\">\n\t\t\t\t\t<div class=\"container\">\n\t\t\t\t\t\t<div class=\"row justify-content-end\">\n\t\t\t\t\t\t\t<div class=\"col-lg-6 col-md-6\">\n\t\t\t\t\t\t\t\t<div class=\"self-info-detail\">\n\t\t\t\t\t\t\t\t\t\t\t\t\t\t\t\t\t\t\t<div class=\"wt-icon-box-wraper p-b10 left\">\n\t\t\t\t\t\t\t\t\t\t\t<div class=\"icon-md m-b20\">\n\t\t\t\t\t\t\t\t\t\t\t\t<span class=\"icon-cell site-text-primary\"><i class=\"flaticon-call\"><\/i><\/span>\n\t\t\t\t\t\t\t\t\t\t\t<\/div>\n\t\t\t\t\t\t\t\t\t\t\t<div class=\"icon-content text-white\">\n\t\t\t\t\t\t\t\t\t\t\t\t<h3 class=\"wt-tilte\">Haben Sie eine Frage? Rufen Sie uns jetzt an<\/h3>\n\t\t\t\t\t\t\t\t\t\t\t\t+86 20 8388 7080\t\t\t\t\t\t\t\t\t\t\t<\/div>\n\t\t\t\t\t\t\t\t\t\t<\/div>\n\t\t\t\t\t\t\t\t\t\t\t\t\t\t\t\t\t\t\t\t<div class=\"wt-icon-box-wraper p-b10 left\">\n\t\t\t\t\t\t\t\t\t\t\t<div class=\"icon-md m-b20\">\n\t\t\t\t\t\t\t\t\t\t\t\t<span class=\"icon-cell site-text-primary\"><i class=\"flaticon-mail\"><\/i><\/span>\n\t\t\t\t\t\t\t\t\t\t\t<\/div>\n\t\t\t\t\t\t\t\t\t\t\t<div class=\"icon-content text-white\">\n\t\t\t\t\t\t\t\t\t\t\t\t<h3 class=\"wt-tilte\">Brauchen Sie Unterst\u00fctzung? Schreiben Sie uns eine E-Mail<\/h3>\n\t\t\t\t\t\t\t\t\t\t\t\tenquiries@omnidexcn.com\t\t\t\t\t\t\t\t\t\t\t<\/div>\n\t\t\t\t\t\t\t\t\t\t<\/div>\n\t\t\t\t\t\t\t\t\t\t\t\t\t\t\t\t\t\t<\/div>\n\t\t\t\t\t\t\t<\/div>\n\t\t\t\t\t\t<\/div>\n\t\t\t\t\t<\/div>\n\t\t\t\t<\/div>  \n\t\t\t\t<div class=\"container\">\n\t\t\t\t\t<div class=\"self-intro-pic-block\">\n\t\t\t\t\t\t<div class=\"wt-media\"><img decoding=\"async\" src=\"https:\/\/omnidexcn.com\/wp-content\/uploads\/2026\/02\/engineer.png\" alt=\"img\"><\/div>\n\t\t\t\t\t<\/div>\n\t\t\t\t<\/div>\n\n\t\t\t<\/div>\t\n\t\t\t\t\t\t\t\t\t<\/div>\n\t\t\t\t<\/div>\n\t\t\t\t\t<\/div>\n\t\t<\/div>\n\t\t\t\t\t<\/div>\n\t\t<\/section>\n\t\t\t\t<\/div>\n\t\t\t\t<\/div>\n\t\t\t\t\t\t<\/div>\n\t\t\t\t<\/div>\n\t\t\t\t\t<\/div>\n\t\t<\/div>\n\t\t\t\t\t<\/div>\n\t\t<\/section>\n\t\t\t\t<\/div>","protected":false},"excerpt":{"rendered":"<p>Quality Management Philosophy Quality is a core operational priority across all manufacturing activities. We maintain structured processes to ensure products consistently meet customer specifications, regulatory requirements, and internal standards. ISO 9001 Quality Management System We meticulously follow ISO 9001 quality management standards and have been audited annually for the past 12 years, passing each audit [&hellip;]<\/p>","protected":false},"author":1,"featured_media":0,"parent":0,"menu_order":0,"comment_status":"closed","ping_status":"closed","template":"","meta":{"_acf_changed":false,"pagelayer_contact_templates":[],"_pagelayer_content":"","footnotes":""},"class_list":["post-1325","page","type-page","status-publish","hentry"],"acf":[],"_links":{"self":[{"href":"https:\/\/omnidexcn.com\/de\/wp-json\/wp\/v2\/pages\/1325","targetHints":{"allow":["GET"]}}],"collection":[{"href":"https:\/\/omnidexcn.com\/de\/wp-json\/wp\/v2\/pages"}],"about":[{"href":"https:\/\/omnidexcn.com\/de\/wp-json\/wp\/v2\/types\/page"}],"author":[{"embeddable":true,"href":"https:\/\/omnidexcn.com\/de\/wp-json\/wp\/v2\/users\/1"}],"replies":[{"embeddable":true,"href":"https:\/\/omnidexcn.com\/de\/wp-json\/wp\/v2\/comments?post=1325"}],"version-history":[{"count":71,"href":"https:\/\/omnidexcn.com\/de\/wp-json\/wp\/v2\/pages\/1325\/revisions"}],"predecessor-version":[{"id":1945,"href":"https:\/\/omnidexcn.com\/de\/wp-json\/wp\/v2\/pages\/1325\/revisions\/1945"}],"wp:attachment":[{"href":"https:\/\/omnidexcn.com\/de\/wp-json\/wp\/v2\/media?parent=1325"}],"curies":[{"name":"wp","href":"https:\/\/api.w.org\/{rel}","templated":true}]}}