{"id":1755,"date":"2026-02-18T15:19:33","date_gmt":"2026-02-18T07:19:33","guid":{"rendered":"https:\/\/omnidexcn.com\/?page_id=1755"},"modified":"2026-03-13T23:31:26","modified_gmt":"2026-03-13T15:31:26","slug":"schlusselfertig-wie-es-funktioniert","status":"publish","type":"page","link":"https:\/\/omnidexcn.com\/de\/schlusselfertig-wie-es-funktioniert\/","title":{"rendered":"Schl\u00fcsselfertiger Fertigungsprozess"},"content":{"rendered":"<div data-elementor-type=\"wp-page\" data-elementor-id=\"1755\" class=\"elementor elementor-1755\" data-elementor-post-type=\"page\">\n\t\t\t\t\t\t<section class=\"elementor-section elementor-top-section elementor-element elementor-element-b866b70 elementor-section-boxed elementor-section-height-default elementor-section-height-default\" data-id=\"b866b70\" data-element_type=\"section\">\n\t\t\t\t\t\t<div class=\"elementor-container elementor-column-gap-default\">\n\t\t\t\t\t<div class=\"elementor-column elementor-col-100 elementor-top-column elementor-element elementor-element-8b7dad8\" data-id=\"8b7dad8\" data-element_type=\"column\">\n\t\t\t<div class=\"elementor-widget-wrap elementor-element-populated\">\n\t\t\t\t\t\t<div class=\"elementor-element elementor-element-1fffe13 elementor-widget elementor-widget-spacer\" data-id=\"1fffe13\" data-element_type=\"widget\" data-widget_type=\"spacer.default\">\n\t\t\t\t<div class=\"elementor-widget-container\">\n\t\t\t\t\t\t\t<div class=\"elementor-spacer\">\n\t\t\t<div class=\"elementor-spacer-inner\"><\/div>\n\t\t<\/div>\n\t\t\t\t\t\t<\/div>\n\t\t\t\t<\/div>\n\t\t\t\t<div class=\"elementor-element elementor-element-90be52e elementor-widget elementor-widget-text-editor\" data-id=\"90be52e\" data-element_type=\"widget\" data-widget_type=\"text-editor.default\">\n\t\t\t\t<div class=\"elementor-widget-container\">\n\t\t\t\t\t\t\t\t\t<h2>So funktionieren die Turnkey-L\u00f6sungen von Omnidex<\/h2><p>Die Turnkey-L\u00f6sungen von Omnidex sind darauf ausgelegt, sich flexibel an jedes Projekt anzupassen \u2013 von wenigen Prozessschritten bis hin zu vollst\u00e4ndig integrierten Fertigungsprogrammen. Kunden k\u00f6nnen in jeder Phase einsteigen, von der Konzeptentwicklung bis zur Produktion, Montage, Qualit\u00e4tssicherung und globalen Lieferung, und behalten dabei jederzeit volle Transparenz und Kontrolle.<\/p><h2><span style=\"color: #000000;\"><strong>Skalierbare Fertigung f\u00fcr jede Produktionsmenge<\/strong><\/span><\/h2><p>Im Gegensatz zu traditionellen Lieferanten ist der Omnidex-Ansatz flexibel skalierbar. Projekte k\u00f6nnen wenige Prozesse umfassen oder vollst\u00e4ndig erweitert werden \u2013 je nach Bedarf von Prototypen bis zur Gro\u00dfserie.<\/p>\t\t\t\t\t\t\t\t<\/div>\n\t\t\t\t<\/div>\n\t\t\t\t<div class=\"elementor-element elementor-element-0c63879 elementor-widget elementor-widget-heading\" data-id=\"0c63879\" data-element_type=\"widget\" data-widget_type=\"heading.default\">\n\t\t\t\t<div class=\"elementor-widget-container\">\n\t\t\t\t\t<h2 class=\"elementor-heading-title elementor-size-default\">Der Omnidex Turnkey-Prozess<\/h2>\t\t\t\t<\/div>\n\t\t\t\t<\/div>\n\t\t\t\t<div class=\"elementor-element elementor-element-f2d2156 elementor-widget__width-initial elementor-widget elementor-widget-html\" data-id=\"f2d2156\" data-element_type=\"widget\" data-widget_type=\"html.default\">\n\t\t\t\t<div class=\"elementor-widget-container\">\n\t\t\t\t\t<h2 align=\"center\">Schl\u00fcsselfertiger Fertigungsprozess \u2014 So funktioniert es<\/h2>\r\n\r\n<!-- OMNIDEX TURNKEY PROCESS CHART (RESPONSIVE) -->\r\n<section class=\"omx-turnkey-chart\" aria-label=\"Omnidex schl\u00fcsselfertiges Prozessdiagramm\">\r\n  <!-- CORE FLOW (always shown) -->\r\n  <div class=\"omx-flow omx-flow-core\">\r\n    <div class=\"omx-node omx-node-start\">\r\n      <h3>Anfrage<\/h3>\r\n      <p>Erste Anforderungen, Zeichnungen, Mengen, Zielkosten und Zeitplan.<\/p>\r\n    <\/div>\r\n\r\n    <div class=\"omx-arrow\" aria-hidden=\"true\"><\/div>\r\n\r\n    <div class=\"omx-node\">\r\n      <h3>Technische Pr\u00fcfung<\/h3>\r\n      <p>Machbarkeit, Materialien, Toleranzen, Risiken und Anforderungen.<\/p>\r\n    <\/div>\r\n\r\n    <div class=\"omx-arrow\" aria-hidden=\"true\"><\/div>\r\n\r\n    <div class=\"omx-node\">\r\n      <h3>Prozessauswahl<\/h3>\r\n      <p>Auswahl der ben\u00f6tigten Prozesse.<\/p>\r\n    <\/div>\r\n\r\n    <div class=\"omx-arrow\" aria-hidden=\"true\"><\/div>\r\n\r\n    <div class=\"omx-node\">\r\n      <h3>Angebot und Planung<\/h3>\r\n      <p>Kosten, Lieferzeiten, QA-Plan und Bedingungen.<\/p>\r\n    <\/div>\r\n\r\n    <div class=\"omx-arrow\" aria-hidden=\"true\"><\/div>\r\n\r\n    <div class=\"omx-node\">\r\n      <h3>Produktion<\/h3>\r\n      <p>Gesteuerte Fertigung \u00fcber Prozesse und Lieferanten.<\/p>\r\n    <\/div>\r\n\r\n    <div class=\"omx-arrow\" aria-hidden=\"true\"><\/div>\r\n\r\n    <div class=\"omx-node\">\r\n      <h3>Qualit\u00e4tspr\u00fcfung und Verifizierung<\/h3>\r\n      <p>Pr\u00fcfung, Tests, Dokumentation und Korrekturma\u00dfnahmen.<\/p>\r\n    <\/div>\r\n\r\n    <div class=\"omx-arrow\" aria-hidden=\"true\"><\/div>\r\n\r\n    <div class=\"omx-node omx-node-end\">\r\n      <h3>Lieferung<\/h3>\r\n      <p>Verpackung, Exportdokumente, Versand und Support.<\/p>\r\n    <\/div>\r\n  <\/div>\r\n\r\n  <!-- OPTIONAL ROUTES (desktop\/tablet: shown as cards; mobile: collapsible) -->\r\n  <div class=\"omx-optional\">\r\n    <div class=\"omx-optional-desktop\" aria-label=\"Optionale Verfahrenswege (Desktop)\">\r\n      <h4>Optionale Prozessmodule (nur bei Bedarf hinzuf\u00fcgen)<\/h4>\r\n      <div class=\"omx-grid\">\r\n        <div class=\"omx-chip\"><strong>Guss<\/strong><br><span>Werkzeuge, Modelle, Gie\u00dferei, W\u00e4rmebehandlung<\/span><\/div>\r\n        <div class=\"omx-chip\"><strong>CNC-Bearbeitung<\/strong><br><span>Fr\u00e4sen, Drehen, Schleifen, Mehrachsen<\/span><\/div>\r\n        <div class=\"omx-chip\"><strong>Metallfertigung<\/strong><br><span>Schneiden, Biegen, Schwei\u00dfen, Baugruppen<\/span><\/div>\r\n        <div class=\"omx-chip\"><strong>Kunststoffe<\/strong><br><span>Spritzguss, Bearbeitung, Polymere<\/span><\/div>\r\n        <div class=\"omx-chip\"><strong>Elektronik<\/strong><br><span>PCB\/SMT, Verkabelung, Tests<\/span><\/div>\r\n        <div class=\"omx-chip\"><strong>Montage und Test<\/strong><br><span>Baugruppen, Endmontage, Funktionspr\u00fcfung<\/span><\/div>\r\n        <div class=\"omx-chip\"><strong>Fertigstellung<\/strong><br><span>Lackieren, Beschichten, Anodisieren<\/span><\/div>\r\n        <div class=\"omx-chip\"><strong>Logistik<\/strong><br><span>Verpackung, Exportdokumente, Versand<\/span><\/div>\r\n      <\/div>\r\n    <\/div>\r\n\r\n    <details class=\"omx-optional-mobile\">\r\n      <summary><strong>Optionale Verfahrenswege<\/strong> (zum Vergr\u00f6\u00dfern antippen)<\/summary>\r\n      <div class=\"omx-grid\">\r\n        <div class=\"omx-chip\"><strong>Guss<\/strong><br><span>Werkzeuge, Modelle, Gie\u00dferei, W\u00e4rmebehandlung<\/span><\/div>\r\n        <div class=\"omx-chip\"><strong>CNC-Bearbeitung<\/strong><br><span>Fr\u00e4sen, Drehen, Schleifen, Mehrachsen<\/span><\/div>\r\n        <div class=\"omx-chip\"><strong>Metallfertigung<\/strong><br><span>Schneiden, Biegen, Schwei\u00dfen, Baugruppen<\/span><\/div>\r\n        <div class=\"omx-chip\"><strong>Kunststoffe<\/strong><br><span>Spritzguss, Bearbeitung, Polymere<\/span><\/div>\r\n        <div class=\"omx-chip\"><strong>Elektronik<\/strong><br><span>PCB\/SMT, Verkabelung, Tests<\/span><\/div>\r\n        <div class=\"omx-chip\"><strong>Montage und Test<\/strong><br><span>Baugruppen, Endmontage, Funktionspr\u00fcfung<\/span><\/div>\r\n        <div class=\"omx-chip\"><strong>Fertigstellung<\/strong><br><span>Lackieren, Beschichten, Anodisieren<\/span><\/div>\r\n        <div class=\"omx-chip\"><strong>Logistik<\/strong><br><span>Verpackung, Exportdokumente, Versand<\/span><\/div>\r\n      <\/div>\r\n    <\/details>\r\n  <\/div>\r\n\r\n  <p class=\"omx-note\">\r\n    <strong>Der Kernprozess wird immer befolgt,<\/strong> optionale Schritte werden nur bei Bedarf erg\u00e4nzt. Dadurch eignet sich das System f\u00fcr Prototypen bis Serienproduktion.\r\n  <\/p>\r\n<\/section>\r\n\r\n\t\t\t\t<\/div>\n\t\t\t\t<\/div>\n\t\t\t\t<section class=\"elementor-section elementor-inner-section elementor-element elementor-element-79e634d elementor-section-boxed elementor-section-height-default elementor-section-height-default\" data-id=\"79e634d\" data-element_type=\"section\">\n\t\t\t\t\t\t<div class=\"elementor-container elementor-column-gap-default\">\n\t\t\t\t\t<div class=\"elementor-column elementor-col-100 elementor-inner-column elementor-element elementor-element-6699360\" data-id=\"6699360\" data-element_type=\"column\">\n\t\t\t<div class=\"elementor-widget-wrap elementor-element-populated\">\n\t\t\t\t\t\t<div class=\"elementor-element elementor-element-4a6d068 elementor-align-center elementor-widget elementor-widget-button\" data-id=\"4a6d068\" data-element_type=\"widget\" data-widget_type=\"button.default\">\n\t\t\t\t<div class=\"elementor-widget-container\">\n\t\t\t\t\t\t\t\t\t<div class=\"elementor-button-wrapper\">\n\t\t\t\t\t<a class=\"elementor-button elementor-button-link elementor-size-sm\" href=\"https:\/\/omnidexcn.com\/de\/kontaktieren-sie-uns\/\" target=\"_blank\">\n\t\t\t\t\t\t<span class=\"elementor-button-content-wrapper\">\n\t\t\t\t\t\t<span class=\"elementor-button-icon\">\n\t\t\t\t<i aria-hidden=\"true\" class=\"far fa-arrow-alt-circle-right\"><\/i>\t\t\t<\/span>\n\t\t\t\t\t\t\t\t\t<span class=\"elementor-button-text\">Angebot anfordern<\/span>\n\t\t\t\t\t<\/span>\n\t\t\t\t\t<\/a>\n\t\t\t\t<\/div>\n\t\t\t\t\t\t\t\t<\/div>\n\t\t\t\t<\/div>\n\t\t\t\t\t<\/div>\n\t\t<\/div>\n\t\t\t\t\t<\/div>\n\t\t<\/section>\n\t\t\t\t<div class=\"elementor-element elementor-element-382ab91 elementor-widget elementor-widget-text-editor\" data-id=\"382ab91\" data-element_type=\"widget\" data-widget_type=\"text-editor.default\">\n\t\t\t\t<div class=\"elementor-widget-container\">\n\t\t\t\t\t\t\t\t\t<h2><strong>Funktionsweise der Prozessstruktur<\/strong><\/h2><p>Die Struktur zeigt, wie Prozesse je nach Anforderungen kombiniert werden. Jeder Auftrag folgt einem klaren Ablauf zur Sicherstellung von Qualit\u00e4t, Effizienz und Risikokontrolle.<\/p><h2><strong>Individuelle Fertigungsl\u00f6sungen<\/strong><\/h2><p>Durch einen zentralen Ansprechpartner vereinfacht Omnidex komplexe Lieferketten und reduziert Risiken. Kunden profitieren von koordinierter Projektsteuerung, integrierter Qualit\u00e4tssicherung und einem globalen Netzwerk.<\/p>\t\t\t\t\t\t\t\t<\/div>\n\t\t\t\t<\/div>\n\t\t\t\t\t<\/div>\n\t\t<\/div>\n\t\t\t\t\t<\/div>\n\t\t<\/section>\n\t\t\t\t<section class=\"elementor-section elementor-top-section elementor-element elementor-element-5f14a8a elementor-section-boxed elementor-section-height-default elementor-section-height-default\" data-id=\"5f14a8a\" data-element_type=\"section\">\n\t\t\t\t\t\t<div class=\"elementor-container elementor-column-gap-default\">\n\t\t\t\t\t<div class=\"elementor-column elementor-col-100 elementor-top-column elementor-element elementor-element-b40cec8\" data-id=\"b40cec8\" data-element_type=\"column\">\n\t\t\t<div class=\"elementor-widget-wrap elementor-element-populated\">\n\t\t\t\t\t\t<div class=\"elementor-element elementor-element-73153bd elementor-widget elementor-widget-spacer\" data-id=\"73153bd\" data-element_type=\"widget\" data-widget_type=\"spacer.default\">\n\t\t\t\t<div class=\"elementor-widget-container\">\n\t\t\t\t\t\t\t<div class=\"elementor-spacer\">\n\t\t\t<div class=\"elementor-spacer-inner\"><\/div>\n\t\t<\/div>\n\t\t\t\t\t\t<\/div>\n\t\t\t\t<\/div>\n\t\t\t\t\t<\/div>\n\t\t<\/div>\n\t\t\t\t\t<\/div>\n\t\t<\/section>\n\t\t\t\t<\/div>","protected":false},"excerpt":{"rendered":"<p>How Omnidex Turnkey Solutions Work Omnidex turnkey manufacturing solutions are designed to adapt precisely to the needs of each project, whether the requirement is a small number of production steps or a fully integrated multi-disciplinary manufacturing programme. Our structured process allows customers to engage at any stage \u2014 from early concept development through to complete [&hellip;]<\/p>","protected":false},"author":1,"featured_media":0,"parent":0,"menu_order":0,"comment_status":"closed","ping_status":"closed","template":"","meta":{"_acf_changed":false,"pagelayer_contact_templates":[],"_pagelayer_content":"","footnotes":""},"class_list":["post-1755","page","type-page","status-publish","hentry"],"acf":[],"_links":{"self":[{"href":"https:\/\/omnidexcn.com\/de\/wp-json\/wp\/v2\/pages\/1755","targetHints":{"allow":["GET"]}}],"collection":[{"href":"https:\/\/omnidexcn.com\/de\/wp-json\/wp\/v2\/pages"}],"about":[{"href":"https:\/\/omnidexcn.com\/de\/wp-json\/wp\/v2\/types\/page"}],"author":[{"embeddable":true,"href":"https:\/\/omnidexcn.com\/de\/wp-json\/wp\/v2\/users\/1"}],"replies":[{"embeddable":true,"href":"https:\/\/omnidexcn.com\/de\/wp-json\/wp\/v2\/comments?post=1755"}],"version-history":[{"count":44,"href":"https:\/\/omnidexcn.com\/de\/wp-json\/wp\/v2\/pages\/1755\/revisions"}],"predecessor-version":[{"id":2124,"href":"https:\/\/omnidexcn.com\/de\/wp-json\/wp\/v2\/pages\/1755\/revisions\/2124"}],"wp:attachment":[{"href":"https:\/\/omnidexcn.com\/de\/wp-json\/wp\/v2\/media?parent=1755"}],"curies":[{"name":"wp","href":"https:\/\/api.w.org\/{rel}","templated":true}]}}