{"id":221,"date":"2020-04-12T13:00:03","date_gmt":"2020-04-12T13:00:03","guid":{"rendered":"https:\/\/omnidexcn.com\/?page_id=221"},"modified":"2026-03-11T11:56:20","modified_gmt":"2026-03-11T03:56:20","slug":"leistungsubersicht","status":"publish","type":"page","link":"https:\/\/omnidexcn.com\/de\/leistungsubersicht\/","title":{"rendered":"Leistungs\u00fcbersicht"},"content":{"rendered":"<div data-elementor-type=\"wp-page\" data-elementor-id=\"221\" class=\"elementor elementor-221\" data-elementor-post-type=\"page\">\n\t\t\t\t\t\t<section class=\"elementor-section elementor-top-section elementor-element elementor-element-84faa76 elementor-section-boxed elementor-section-height-default elementor-section-height-default\" data-id=\"84faa76\" data-element_type=\"section\" data-settings=\"{&quot;background_background&quot;:&quot;classic&quot;}\">\n\t\t\t\t\t\t<div class=\"elementor-container elementor-column-gap-default\">\n\t\t\t\t\t<div class=\"elementor-column elementor-col-100 elementor-top-column elementor-element elementor-element-937fe9c\" data-id=\"937fe9c\" data-element_type=\"column\">\n\t\t\t<div class=\"elementor-widget-wrap elementor-element-populated\">\n\t\t\t\t\t\t<div class=\"elementor-element elementor-element-753e14c elementor-widget elementor-widget-services-section\" data-id=\"753e14c\" data-element_type=\"widget\" data-widget_type=\"services-section.default\">\n\t\t\t\t<div class=\"elementor-widget-container\">\n\t\t\t\t\t\t\t\t            \n            <div class=\"section-full small-device p-b40 top-half-section-outer\">\n\t\t\t\t<!-- IMAGE CAROUSEL START -->\n\t\t\t\t<div class=\"section-content clearfix\">\n\t\t\t\t\t\t\t\t\t\t\t<div class=\"section-head center wt-small-separator-outer text-center\">\n\t\t\t\t\t\t\t<div class=\"wt-small-separator site-text-primary\">\n\t\t\t\t\t\t\t\t<div class=\"sep-leaf-left\"><\/div>\n\t\t\t\t\t\t\t\t<div> F\u00fchrende Industriedienstleistungen <\/div>\n\t\t\t\t\t\t\t\t<div class=\"sep-leaf-right\"><\/div>\n\t\t\t\t\t\t\t<\/div>\n\t\t\t\t\t\t\t<h2>Hochleistungsf\u00e4higkeiten f\u00fcr verschiedene Branchen<\/h2>\n\t\t\t\t\t\t<\/div>\t\n\t\t\t\t\t\t\t\t\t\t\t\n\t\t\t\t\t<div class=\"row d-flex justify-content-center\">\n\t\t\t\t\t\t\t\t\t\t\t\t\t<div class=\"col-lg-4 col-md-6 m-b50\">\n\t\t\t\t\t\t\t\t<div class=\"service-border-box\">\n\t\t\t\t\t\t\t\t\t<div class=\"wt-box service-box-1\">\n\t\t\t\t\t\t\t\t\t\t<div class=\"wt-icon-box-wraper\">\n\t\t\t\t\t\t\t\t\t\t\t\n\t\t\t\t\t\t\t\t\t\t\t\t\t\t\t\t\t\t\t\t\t\t\t<div class=\"wt-icon-box-md site-bg-primary site-image-icon\">\n\t\t\t\t\t\t\t\t\t\t\t\t\t<img decoding=\"async\" src=\"https:\/\/omnidexcn.com\/wp-content\/uploads\/2020\/04\/Icon6-Black.png\" alt=\"img\">\n\t\t\t\t\t\t\t\t\t\t\t\t<\/div>\n\t\t\t\t\t\t\t\t\t\t\t\t\t\t\t\t\t\t\t\t\t\t\t\n\t\t\t\t\t\t\t\t\t\t\t<div class=\"wt-icon-number\"><span>01<\/span><\/div>\n\t\t\t\t\t\t\t\t\t\t<\/div>\n\t\t\t\t\t\t\t\t\t\t<div class=\"service-box-title title-style-2 site-text-secondry\">\n\t\t\t\t\t\t\t\t\t\t\t<span class=\"s-title-one\">Gie\u00dfen und Schmieden<\/span>     \n\t\t\t\t\t\t\t\t\t\t<\/div>\n\t\t\t\t\t\t\t\t\t\t<div class=\"service-box-content\">\n\t\t\t\t\t\t\t\t\t\t\t                                            \n                                            <p>Pr\u00e4zisionsguss aus Eisen, Stahl, Aluminium und Speziallegierungen, erg\u00e4nzt durch Werkzeugkonstruktion, Bearbeitung, Oberfl\u00e4chenbehandlung, Pr\u00fcfung und globale Logistik \u2013 von Prototypen bis zur Serienproduktion. &nbsp;&nbsp;&nbsp;&nbsp;&nbsp;&nbsp;&nbsp;&nbsp;&nbsp;&nbsp;&nbsp;&nbsp;&nbsp;&nbsp;&nbsp;&nbsp;&nbsp;&nbsp;&nbsp;&nbsp;&nbsp;&nbsp;&nbsp;&nbsp;&nbsp;&nbsp;&nbsp;&nbsp;&nbsp;&nbsp;&nbsp;&nbsp;&nbsp;&nbsp;&nbsp;&nbsp;&nbsp;&nbsp;&nbsp;&nbsp;<\/p>\n\t\t\t\t\t\t\t\t\t\t\t<a href=\"https:\/\/omnidexcn.com\/de\/dienstleistungen\/giesen-schmieden\/\" class=\"site-button-link\">Read More<\/a>\n\t\t\t\t\t\t\t\t\t\t<\/div>\n\t\t\t\t\t\t\t\t\t<\/div>\n\t\t\t\t\t\t\t\t<\/div>    \n\t\t\t\t\t\t\t<\/div>\n\t\t\t\t\t\t\t\t\t\t\t\t\t\t<div class=\"col-lg-4 col-md-6 m-b50\">\n\t\t\t\t\t\t\t\t<div class=\"service-border-box\">\n\t\t\t\t\t\t\t\t\t<div class=\"wt-box service-box-1\">\n\t\t\t\t\t\t\t\t\t\t<div class=\"wt-icon-box-wraper\">\n\t\t\t\t\t\t\t\t\t\t\t\n\t\t\t\t\t\t\t\t\t\t\t\t\t\t\t\t\t\t\t\t\t\t\t<div class=\"wt-icon-box-md site-bg-primary site-image-icon\">\n\t\t\t\t\t\t\t\t\t\t\t\t\t<img decoding=\"async\" src=\"https:\/\/omnidexcn.com\/wp-content\/uploads\/2020\/04\/fabrication.png\" alt=\"img\">\n\t\t\t\t\t\t\t\t\t\t\t\t<\/div>\n\t\t\t\t\t\t\t\t\t\t\t\t\t\t\t\t\t\t\t\t\t\t\t\n\t\t\t\t\t\t\t\t\t\t\t<div class=\"wt-icon-number\"><span>02<\/span><\/div>\n\t\t\t\t\t\t\t\t\t\t<\/div>\n\t\t\t\t\t\t\t\t\t\t<div class=\"service-box-title title-style-2 site-text-secondry\">\n\t\t\t\t\t\t\t\t\t\t\t<span class=\"s-title-one\">Metallverarbeitung und Schwei\u00dfen<\/span>     \n\t\t\t\t\t\t\t\t\t\t<\/div>\n\t\t\t\t\t\t\t\t\t\t<div class=\"service-box-content\">\n\t\t\t\t\t\t\t\t\t\t\t                                            \n                                            <p>Individuelle Metallfertigung mit Laserschneiden, Biegen, Schwei\u00dfen und Oberfl\u00e4chenbehandlung f\u00fcr pr\u00e4zise, langlebige Baugruppen. &nbsp;&nbsp;&nbsp;&nbsp;&nbsp;&nbsp;&nbsp;&nbsp;&nbsp;&nbsp;&nbsp;&nbsp;&nbsp;&nbsp;&nbsp;&nbsp;&nbsp;&nbsp;&nbsp;&nbsp;&nbsp;&nbsp;&nbsp;&nbsp;&nbsp;&nbsp;&nbsp;&nbsp;&nbsp;&nbsp;&nbsp;&nbsp;&nbsp;&nbsp;&nbsp;&nbsp;&nbsp;&nbsp;&nbsp;&nbsp;<\/p>\n\t\t\t\t\t\t\t\t\t\t\t<a href=\"https:\/\/omnidexcn.com\/de\/dienstleistungen\/fabrication-welding\/\" class=\"site-button-link\">Read More<\/a>\n\t\t\t\t\t\t\t\t\t\t<\/div>\n\t\t\t\t\t\t\t\t\t<\/div>\n\t\t\t\t\t\t\t\t<\/div>    \n\t\t\t\t\t\t\t<\/div>\n\t\t\t\t\t\t\t\t\t\t\t\t\t\t<div class=\"col-lg-4 col-md-6 m-b50\">\n\t\t\t\t\t\t\t\t<div class=\"service-border-box\">\n\t\t\t\t\t\t\t\t\t<div class=\"wt-box service-box-1\">\n\t\t\t\t\t\t\t\t\t\t<div class=\"wt-icon-box-wraper\">\n\t\t\t\t\t\t\t\t\t\t\t\n\t\t\t\t\t\t\t\t\t\t\t\t\t\t\t\t\t\t\t\t\t\t\t<div class=\"wt-icon-box-md site-bg-primary site-image-icon\">\n\t\t\t\t\t\t\t\t\t\t\t\t\t<img decoding=\"async\" src=\"https:\/\/omnidexcn.com\/wp-content\/uploads\/2020\/04\/cnc-machine.png\" alt=\"img\">\n\t\t\t\t\t\t\t\t\t\t\t\t<\/div>\n\t\t\t\t\t\t\t\t\t\t\t\t\t\t\t\t\t\t\t\t\t\t\t\n\t\t\t\t\t\t\t\t\t\t\t<div class=\"wt-icon-number\"><span>03<\/span><\/div>\n\t\t\t\t\t\t\t\t\t\t<\/div>\n\t\t\t\t\t\t\t\t\t\t<div class=\"service-box-title title-style-2 site-text-secondry\">\n\t\t\t\t\t\t\t\t\t\t\t<span class=\"s-title-one\">CNC-Bearbeitung<\/span>     \n\t\t\t\t\t\t\t\t\t\t<\/div>\n\t\t\t\t\t\t\t\t\t\t<div class=\"service-box-content\">\n\t\t\t\t\t\t\t\t\t\t\t                                            \n                                            <p>Hochpr\u00e4zise CNC-Fertigung f\u00fcr komplexe Bauteile mit Fr\u00e4sen, Drehen und Mehr-Achs-Bearbeitung sowie Qualit\u00e4tskontrolle.<\/p>\n\t\t\t\t\t\t\t\t\t\t\t<a href=\"https:\/\/omnidexcn.com\/de\/dienstleistungen\/cnc-machining\/\" class=\"site-button-link\">Read More<\/a>\n\t\t\t\t\t\t\t\t\t\t<\/div>\n\t\t\t\t\t\t\t\t\t<\/div>\n\t\t\t\t\t\t\t\t<\/div>    \n\t\t\t\t\t\t\t<\/div>\n\t\t\t\t\t\t\t\t\t\t\t\t\t\t<div class=\"col-lg-4 col-md-6 m-b50\">\n\t\t\t\t\t\t\t\t<div class=\"service-border-box\">\n\t\t\t\t\t\t\t\t\t<div class=\"wt-box service-box-1\">\n\t\t\t\t\t\t\t\t\t\t<div class=\"wt-icon-box-wraper\">\n\t\t\t\t\t\t\t\t\t\t\t\n\t\t\t\t\t\t\t\t\t\t\t\t\t\t\t\t\t\t\t\t\t\t\t<div class=\"wt-icon-box-md site-bg-primary site-image-icon\">\n\t\t\t\t\t\t\t\t\t\t\t\t\t<img decoding=\"async\" src=\"https:\/\/omnidexcn.com\/wp-content\/uploads\/2020\/04\/plastic.png\" alt=\"img\">\n\t\t\t\t\t\t\t\t\t\t\t\t<\/div>\n\t\t\t\t\t\t\t\t\t\t\t\t\t\t\t\t\t\t\t\t\t\t\t\n\t\t\t\t\t\t\t\t\t\t\t<div class=\"wt-icon-number\"><span>04<\/span><\/div>\n\t\t\t\t\t\t\t\t\t\t<\/div>\n\t\t\t\t\t\t\t\t\t\t<div class=\"service-box-title title-style-2 site-text-secondry\">\n\t\t\t\t\t\t\t\t\t\t\t<span class=\"s-title-one\">Kunststoffe und Carbon<\/span>     \n\t\t\t\t\t\t\t\t\t\t<\/div>\n\t\t\t\t\t\t\t\t\t\t<div class=\"service-box-content\">\n\t\t\t\t\t\t\t\t\t\t\t                                            \n                                            <p>Technische Kunststoffteile und Verbundwerkstoffe mit Spritzguss und Nachbearbeitung f\u00fcr leichte und langlebige L\u00f6sungen. &nbsp;&nbsp;&nbsp;&nbsp;&nbsp;&nbsp;&nbsp;&nbsp;&nbsp;&nbsp;&nbsp;&nbsp;&nbsp;&nbsp;&nbsp;&nbsp;&nbsp;&nbsp;&nbsp;&nbsp;&nbsp;&nbsp;&nbsp;&nbsp;&nbsp;&nbsp;&nbsp;&nbsp;&nbsp;&nbsp;&nbsp;&nbsp;&nbsp;&nbsp;&nbsp;&nbsp;&nbsp;&nbsp;&nbsp;&nbsp;<\/p>\n\t\t\t\t\t\t\t\t\t\t\t<a href=\"https:\/\/omnidexcn.com\/de\/dienstleistungen\/plastics-carbon-fiber\/\" class=\"site-button-link\">Read More<\/a>\n\t\t\t\t\t\t\t\t\t\t<\/div>\n\t\t\t\t\t\t\t\t\t<\/div>\n\t\t\t\t\t\t\t\t<\/div>    \n\t\t\t\t\t\t\t<\/div>\n\t\t\t\t\t\t\t\t\t\t\t\t\t\t<div class=\"col-lg-4 col-md-6 m-b50\">\n\t\t\t\t\t\t\t\t<div class=\"service-border-box\">\n\t\t\t\t\t\t\t\t\t<div class=\"wt-box service-box-1\">\n\t\t\t\t\t\t\t\t\t\t<div class=\"wt-icon-box-wraper\">\n\t\t\t\t\t\t\t\t\t\t\t\n\t\t\t\t\t\t\t\t\t\t\t\t\t\t\t\t\t\t\t\t\t\t\t<div class=\"wt-icon-box-md site-bg-primary site-image-icon\">\n\t\t\t\t\t\t\t\t\t\t\t\t\t<img decoding=\"async\" src=\"https:\/\/omnidexcn.com\/wp-content\/uploads\/2020\/04\/electronics.png\" alt=\"img\">\n\t\t\t\t\t\t\t\t\t\t\t\t<\/div>\n\t\t\t\t\t\t\t\t\t\t\t\t\t\t\t\t\t\t\t\t\t\t\t\n\t\t\t\t\t\t\t\t\t\t\t<div class=\"wt-icon-number\"><span>05<\/span><\/div>\n\t\t\t\t\t\t\t\t\t\t<\/div>\n\t\t\t\t\t\t\t\t\t\t<div class=\"service-box-title title-style-2 site-text-secondry\">\n\t\t\t\t\t\t\t\t\t\t\t<span class=\"s-title-one\">Elektronikfertigung<\/span>     \n\t\t\t\t\t\t\t\t\t\t<\/div>\n\t\t\t\t\t\t\t\t\t\t<div class=\"service-box-content\">\n\t\t\t\t\t\t\t\t\t\t\t                                            \n                                            <p>Integrierte Elektronikfertigung mit PCB-Best\u00fcckung, Komponentenbeschaffung und Tests f\u00fcr industrielle Anwendungen. &nbsp;&nbsp;&nbsp;&nbsp;&nbsp;&nbsp;&nbsp;&nbsp;&nbsp;&nbsp;&nbsp;&nbsp;&nbsp;&nbsp;&nbsp;&nbsp;&nbsp;&nbsp;&nbsp;&nbsp;&nbsp;&nbsp;&nbsp;&nbsp;&nbsp;&nbsp;&nbsp;&nbsp;&nbsp;&nbsp;&nbsp;&nbsp;&nbsp;&nbsp;&nbsp;&nbsp;&nbsp;&nbsp;&nbsp;&nbsp;<\/p>\n\t\t\t\t\t\t\t\t\t\t\t<a href=\"https:\/\/omnidexcn.com\/de\/dienstleistungen\/elektronikfertigung\/\" class=\"site-button-link\">Read More<\/a>\n\t\t\t\t\t\t\t\t\t\t<\/div>\n\t\t\t\t\t\t\t\t\t<\/div>\n\t\t\t\t\t\t\t\t<\/div>    \n\t\t\t\t\t\t\t<\/div>\n\t\t\t\t\t\t\t\t\t\t\t\t\t\t<div class=\"col-lg-4 col-md-6 m-b50\">\n\t\t\t\t\t\t\t\t<div class=\"service-border-box\">\n\t\t\t\t\t\t\t\t\t<div class=\"wt-box service-box-1\">\n\t\t\t\t\t\t\t\t\t\t<div class=\"wt-icon-box-wraper\">\n\t\t\t\t\t\t\t\t\t\t\t\n\t\t\t\t\t\t\t\t\t\t\t\t\t\t\t\t\t\t\t\t\t\t\t<div class=\"wt-icon-box-md site-bg-primary site-image-icon\">\n\t\t\t\t\t\t\t\t\t\t\t\t\t<img decoding=\"async\" src=\"https:\/\/omnidexcn.com\/wp-content\/uploads\/2020\/04\/turnkey.png\" alt=\"img\">\n\t\t\t\t\t\t\t\t\t\t\t\t<\/div>\n\t\t\t\t\t\t\t\t\t\t\t\t\t\t\t\t\t\t\t\t\t\t\t\n\t\t\t\t\t\t\t\t\t\t\t<div class=\"wt-icon-number\"><span>06<\/span><\/div>\n\t\t\t\t\t\t\t\t\t\t<\/div>\n\t\t\t\t\t\t\t\t\t\t<div class=\"service-box-title title-style-2 site-text-secondry\">\n\t\t\t\t\t\t\t\t\t\t\t<span class=\"s-title-one\">Schl\u00fcsselfertige Fertigung &amp; Lieferkette<\/span>     \n\t\t\t\t\t\t\t\t\t\t<\/div>\n\t\t\t\t\t\t\t\t\t\t<div class=\"service-box-content\">\n\t\t\t\t\t\t\t\t\t\t\t                                            \n                                            <p>Ganzheitliche L\u00f6sungen von der Konzeptphase \u00fcber Produktion bis zur Lieferung mit zentraler Verantwortung f\u00fcr komplexe Projekte.<\/p>\n\t\t\t\t\t\t\t\t\t\t\t<a href=\"https:\/\/omnidexcn.com\/de\/dienstleistungen\/schlusselfertige-herstellung\/\" class=\"site-button-link\">Read More<\/a>\n\t\t\t\t\t\t\t\t\t\t<\/div>\n\t\t\t\t\t\t\t\t\t<\/div>\n\t\t\t\t\t\t\t\t<\/div>    \n\t\t\t\t\t\t\t<\/div>\n\t\t\t\t\t\t\t\t\t\t\t\t<\/div>\n\t\t\t\t<\/div>\n\t\t\t<\/div>\n            \n            \n\t\t\t\t\t\t\t<\/div>\n\t\t\t\t<\/div>\n\t\t\t\t<div class=\"elementor-element elementor-element-3d94aa8 elementor-align-center elementor-widget elementor-widget-button\" data-id=\"3d94aa8\" data-element_type=\"widget\" data-widget_type=\"button.default\">\n\t\t\t\t<div class=\"elementor-widget-container\">\n\t\t\t\t\t\t\t\t\t<div class=\"elementor-button-wrapper\">\n\t\t\t\t\t<a class=\"elementor-button elementor-button-link elementor-size-sm\" href=\"https:\/\/omnidexcn.com\/de\/kontaktieren-sie-uns\/\" target=\"_blank\">\n\t\t\t\t\t\t<span class=\"elementor-button-content-wrapper\">\n\t\t\t\t\t\t<span class=\"elementor-button-icon\">\n\t\t\t\t<i aria-hidden=\"true\" class=\"far fa-arrow-alt-circle-right\"><\/i>\t\t\t<\/span>\n\t\t\t\t\t\t\t\t\t<span class=\"elementor-button-text\">Angebot anfordern<\/span>\n\t\t\t\t\t<\/span>\n\t\t\t\t\t<\/a>\n\t\t\t\t<\/div>\n\t\t\t\t\t\t\t\t<\/div>\n\t\t\t\t<\/div>\n\t\t\t\t\t<\/div>\n\t\t<\/div>\n\t\t\t\t\t<\/div>\n\t\t<\/section>\n\t\t\t\t<\/div>","protected":false},"excerpt":{"rendered":"<p>The Best Industry services High Performance Capabilities For Multiple Industries! 01 Casting &amp; Forging Precision metal castings in iron, steel, aluminium and specialist alloys, supported by full tooling design, pattern development, machining, finishing, inspection, and global logistics \u2014 from prototypes to high-volume production runs. &nbsp;&nbsp;&nbsp;&nbsp;&nbsp;&nbsp;&nbsp;&nbsp;&nbsp;&nbsp;&nbsp;&nbsp;&nbsp;&nbsp;&nbsp;&nbsp;&nbsp;&nbsp;&nbsp;&nbsp;&nbsp;&nbsp;&nbsp;&nbsp;&nbsp;&nbsp;&nbsp;&nbsp;&nbsp;&nbsp;&nbsp;&nbsp;&nbsp;&nbsp;&nbsp;&nbsp;&nbsp;&nbsp;&nbsp;&nbsp; Read More 02 Fabrication &amp; Welding Custom metal fabrication covering [&hellip;]<\/p>","protected":false},"author":1,"featured_media":0,"parent":0,"menu_order":0,"comment_status":"closed","ping_status":"closed","template":"","meta":{"_acf_changed":false,"pagelayer_contact_templates":[],"_pagelayer_content":"","footnotes":""},"class_list":["post-221","page","type-page","status-publish","hentry"],"acf":[],"_links":{"self":[{"href":"https:\/\/omnidexcn.com\/de\/wp-json\/wp\/v2\/pages\/221","targetHints":{"allow":["GET"]}}],"collection":[{"href":"https:\/\/omnidexcn.com\/de\/wp-json\/wp\/v2\/pages"}],"about":[{"href":"https:\/\/omnidexcn.com\/de\/wp-json\/wp\/v2\/types\/page"}],"author":[{"embeddable":true,"href":"https:\/\/omnidexcn.com\/de\/wp-json\/wp\/v2\/users\/1"}],"replies":[{"embeddable":true,"href":"https:\/\/omnidexcn.com\/de\/wp-json\/wp\/v2\/comments?post=221"}],"version-history":[{"count":31,"href":"https:\/\/omnidexcn.com\/de\/wp-json\/wp\/v2\/pages\/221\/revisions"}],"predecessor-version":[{"id":1936,"href":"https:\/\/omnidexcn.com\/de\/wp-json\/wp\/v2\/pages\/221\/revisions\/1936"}],"wp:attachment":[{"href":"https:\/\/omnidexcn.com\/de\/wp-json\/wp\/v2\/media?parent=221"}],"curies":[{"name":"wp","href":"https:\/\/api.w.org\/{rel}","templated":true}]}}