{"id":1325,"date":"2025-12-18T22:38:51","date_gmt":"2025-12-18T14:38:51","guid":{"rendered":"https:\/\/omnidexcn.com\/?page_id=1325"},"modified":"2026-03-11T11:58:19","modified_gmt":"2026-03-11T03:58:19","slug":"control-de-calidad","status":"publish","type":"page","link":"https:\/\/omnidexcn.com\/es\/control-de-calidad\/","title":{"rendered":"Control De Calidad"},"content":{"rendered":"<div data-elementor-type=\"wp-page\" data-elementor-id=\"1325\" class=\"elementor elementor-1325\" data-elementor-post-type=\"page\">\n\t\t\t\t\t\t<section class=\"elementor-section elementor-top-section elementor-element elementor-element-fa1d427 elementor-section-boxed elementor-section-height-default elementor-section-height-default\" data-id=\"fa1d427\" data-element_type=\"section\">\n\t\t\t\t\t\t<div class=\"elementor-container elementor-column-gap-default\">\n\t\t\t\t\t<div class=\"elementor-column elementor-col-100 elementor-top-column elementor-element elementor-element-57b02ef\" data-id=\"57b02ef\" data-element_type=\"column\">\n\t\t\t<div class=\"elementor-widget-wrap elementor-element-populated\">\n\t\t\t\t\t\t<section class=\"elementor-section elementor-inner-section elementor-element elementor-element-d3235f9 elementor-section-boxed elementor-section-height-default elementor-section-height-default\" data-id=\"d3235f9\" data-element_type=\"section\">\n\t\t\t\t\t\t<div class=\"elementor-container elementor-column-gap-default\">\n\t\t\t\t\t<div class=\"elementor-column elementor-col-50 elementor-inner-column elementor-element elementor-element-4f0a5df\" data-id=\"4f0a5df\" data-element_type=\"column\">\n\t\t\t<div class=\"elementor-widget-wrap elementor-element-populated\">\n\t\t\t\t\t\t<div class=\"elementor-element elementor-element-633dafb elementor-widget elementor-widget-icon-box\" data-id=\"633dafb\" data-element_type=\"widget\" data-widget_type=\"icon-box.default\">\n\t\t\t\t<div class=\"elementor-widget-container\">\n\t\t\t\t\t\t\t<div class=\"elementor-icon-box-wrapper\">\n\n\t\t\t\n\t\t\t\t\t\t<div class=\"elementor-icon-box-content\">\n\n\t\t\t\t\t\t\t\t\t<h2 class=\"elementor-icon-box-title\">\n\t\t\t\t\t\t<span  >\n\t\t\t\t\t\t\tFilosof\u00eda de Calidad\t\t\t\t\t\t<\/span>\n\t\t\t\t\t<\/h2>\n\t\t\t\t\n\t\t\t\t\t\t\t\t\t<p class=\"elementor-icon-box-description\">\n\t\t\t\t\t\tLa calidad es una prioridad en todas las actividades de fabricaci\u00f3n. Mantenemos procesos estructurados para garantizar que los productos cumplan especificaciones, normativas y est\u00e1ndares internos.\t\t\t\t\t<\/p>\n\t\t\t\t\n\t\t\t<\/div>\n\t\t\t\n\t\t<\/div>\n\t\t\t\t\t\t<\/div>\n\t\t\t\t<\/div>\n\t\t\t\t<div class=\"elementor-element elementor-element-ff947d8 elementor-widget elementor-widget-icon-box\" data-id=\"ff947d8\" data-element_type=\"widget\" data-widget_type=\"icon-box.default\">\n\t\t\t\t<div class=\"elementor-widget-container\">\n\t\t\t\t\t\t\t<div class=\"elementor-icon-box-wrapper\">\n\n\t\t\t\n\t\t\t\t\t\t<div class=\"elementor-icon-box-content\">\n\n\t\t\t\t\t\t\t\t\t<h2 class=\"elementor-icon-box-title\">\n\t\t\t\t\t\t<span  >\n\t\t\t\t\t\t\tSistema de gesti\u00f3n de calidad ISO 9001\t\t\t\t\t\t<\/span>\n\t\t\t\t\t<\/h2>\n\t\t\t\t\n\t\t\t\t\t\t\t\t\t<p class=\"elementor-icon-box-description\">\n\t\t\t\t\t\tSeguimos ISO 9001 con auditor\u00edas anuales durante m\u00e1s de 12 a\u00f1os, con resultados consistentes.\t\t\t\t\t<\/p>\n\t\t\t\t\n\t\t\t<\/div>\n\t\t\t\n\t\t<\/div>\n\t\t\t\t\t\t<\/div>\n\t\t\t\t<\/div>\n\t\t\t\t<div class=\"elementor-element elementor-element-06dd11c elementor-widget elementor-widget-icon-box\" data-id=\"06dd11c\" data-element_type=\"widget\" data-widget_type=\"icon-box.default\">\n\t\t\t\t<div class=\"elementor-widget-container\">\n\t\t\t\t\t\t\t<div class=\"elementor-icon-box-wrapper\">\n\n\t\t\t\n\t\t\t\t\t\t<div class=\"elementor-icon-box-content\">\n\n\t\t\t\t\t\t\t\t\t<h2 class=\"elementor-icon-box-title\">\n\t\t\t\t\t\t<span  >\n\t\t\t\t\t\t\tDepartamento de Calidad Dedicado\t\t\t\t\t\t<\/span>\n\t\t\t\t\t<\/h2>\n\t\t\t\t\n\t\t\t\t\t\t\t\t\t<p class=\"elementor-icon-box-description\">\n\t\t\t\t\t\tEl control de calidad est\u00e1 respaldado por un departamento independiente que supervisa inspecciones y documentaci\u00f3n.\t\t\t\t\t<\/p>\n\t\t\t\t\n\t\t\t<\/div>\n\t\t\t\n\t\t<\/div>\n\t\t\t\t\t\t<\/div>\n\t\t\t\t<\/div>\n\t\t\t\t\t<\/div>\n\t\t<\/div>\n\t\t\t\t<div class=\"elementor-column elementor-col-50 elementor-inner-column elementor-element elementor-element-84fbc64\" data-id=\"84fbc64\" data-element_type=\"column\">\n\t\t\t<div class=\"elementor-widget-wrap elementor-element-populated\">\n\t\t\t\t\t\t<div class=\"elementor-element elementor-element-cfbe7c0 elementor-widget elementor-widget-image\" data-id=\"cfbe7c0\" data-element_type=\"widget\" data-widget_type=\"image.default\">\n\t\t\t\t<div class=\"elementor-widget-container\">\n\t\t\t\t\t\t\t\t\t\t\t\t\t\t\t<img fetchpriority=\"high\" decoding=\"async\" width=\"500\" height=\"614\" src=\"https:\/\/omnidexcn.com\/wp-content\/uploads\/2025\/12\/quality-control-page-image.jpg\" class=\"attachment-large size-large wp-image-1328\" alt=\"\" srcset=\"https:\/\/omnidexcn.com\/wp-content\/uploads\/2025\/12\/quality-control-page-image.jpg 500w, https:\/\/omnidexcn.com\/wp-content\/uploads\/2025\/12\/quality-control-page-image-244x300.jpg 244w, https:\/\/omnidexcn.com\/wp-content\/uploads\/2025\/12\/quality-control-page-image-10x12.jpg 10w\" sizes=\"(max-width: 500px) 100vw, 500px\" \/>\t\t\t\t\t\t\t\t\t\t\t\t\t\t\t<\/div>\n\t\t\t\t<\/div>\n\t\t\t\t\t<\/div>\n\t\t<\/div>\n\t\t\t\t\t<\/div>\n\t\t<\/section>\n\t\t\t\t<section class=\"elementor-section elementor-inner-section elementor-element elementor-element-676e58e elementor-section-boxed elementor-section-height-default elementor-section-height-default\" data-id=\"676e58e\" data-element_type=\"section\">\n\t\t\t\t\t\t<div class=\"elementor-container elementor-column-gap-default\">\n\t\t\t\t\t<div class=\"elementor-column elementor-col-50 elementor-inner-column elementor-element elementor-element-23b075a\" data-id=\"23b075a\" data-element_type=\"column\">\n\t\t\t<div class=\"elementor-widget-wrap elementor-element-populated\">\n\t\t\t\t\t\t<div class=\"elementor-element elementor-element-359bf98 elementor-widget elementor-widget-image\" data-id=\"359bf98\" data-element_type=\"widget\" data-widget_type=\"image.default\">\n\t\t\t\t<div class=\"elementor-widget-container\">\n\t\t\t\t\t\t\t\t\t\t\t\t\t\t\t<img decoding=\"async\" width=\"580\" height=\"386\" src=\"https:\/\/omnidexcn.com\/wp-content\/uploads\/2026\/02\/IMG_6309-1.jpg\" class=\"attachment-large size-large wp-image-1679\" alt=\"\" srcset=\"https:\/\/omnidexcn.com\/wp-content\/uploads\/2026\/02\/IMG_6309-1.jpg 800w, https:\/\/omnidexcn.com\/wp-content\/uploads\/2026\/02\/IMG_6309-1-300x200.jpg 300w, https:\/\/omnidexcn.com\/wp-content\/uploads\/2026\/02\/IMG_6309-1-768x512.jpg 768w, https:\/\/omnidexcn.com\/wp-content\/uploads\/2026\/02\/IMG_6309-1-18x12.jpg 18w, https:\/\/omnidexcn.com\/wp-content\/uploads\/2026\/02\/IMG_6309-1-600x400.jpg 600w\" sizes=\"(max-width: 580px) 100vw, 580px\" \/>\t\t\t\t\t\t\t\t\t\t\t\t\t\t\t<\/div>\n\t\t\t\t<\/div>\n\t\t\t\t\t<\/div>\n\t\t<\/div>\n\t\t\t\t<div class=\"elementor-column elementor-col-50 elementor-inner-column elementor-element elementor-element-6d9e21b\" data-id=\"6d9e21b\" data-element_type=\"column\">\n\t\t\t<div class=\"elementor-widget-wrap elementor-element-populated\">\n\t\t\t\t\t\t<div class=\"elementor-element elementor-element-745e8c6 elementor-widget elementor-widget-icon-box\" data-id=\"745e8c6\" data-element_type=\"widget\" data-widget_type=\"icon-box.default\">\n\t\t\t\t<div class=\"elementor-widget-container\">\n\t\t\t\t\t\t\t<div class=\"elementor-icon-box-wrapper\">\n\n\t\t\t\n\t\t\t\t\t\t<div class=\"elementor-icon-box-content\">\n\n\t\t\t\t\t\t\t\t\t<h2 class=\"elementor-icon-box-title\">\n\t\t\t\t\t\t<span  >\n\t\t\t\t\t\t\tInspecci\u00f3n y Medici\u00f3n\t\t\t\t\t\t<\/span>\n\t\t\t\t\t<\/h2>\n\t\t\t\t\n\t\t\t\t\t\t\t\t\t<p class=\"elementor-icon-box-description\">\n\t\t\t\t\t\tLas inspecciones incluyen medici\u00f3n dimensional, verificaci\u00f3n visual y pruebas funcionales.\t\t\t\t\t<\/p>\n\t\t\t\t\n\t\t\t<\/div>\n\t\t\t\n\t\t<\/div>\n\t\t\t\t\t\t<\/div>\n\t\t\t\t<\/div>\n\t\t\t\t<div class=\"elementor-element elementor-element-6ffc907 elementor-widget elementor-widget-icon-box\" data-id=\"6ffc907\" data-element_type=\"widget\" data-widget_type=\"icon-box.default\">\n\t\t\t\t<div class=\"elementor-widget-container\">\n\t\t\t\t\t\t\t<div class=\"elementor-icon-box-wrapper\">\n\n\t\t\t\n\t\t\t\t\t\t<div class=\"elementor-icon-box-content\">\n\n\t\t\t\t\t\t\t\t\t<h2 class=\"elementor-icon-box-title\">\n\t\t\t\t\t\t<span  >\n\t\t\t\t\t\t\tMejora Continua\t\t\t\t\t\t<\/span>\n\t\t\t\t\t<\/h2>\n\t\t\t\t\n\t\t\t\t\t\t\t\t\t<p class=\"elementor-icon-box-description\">\n\t\t\t\t\t\tLos sistemas de calidad se mejoran continuamente mediante auditor\u00edas y revisiones.\t\t\t\t\t<\/p>\n\t\t\t\t\n\t\t\t<\/div>\n\t\t\t\n\t\t<\/div>\n\t\t\t\t\t\t<\/div>\n\t\t\t\t<\/div>\n\t\t\t\t\t<\/div>\n\t\t<\/div>\n\t\t\t\t\t<\/div>\n\t\t<\/section>\n\t\t\t\t<section class=\"elementor-section elementor-inner-section elementor-element elementor-element-3269710 elementor-section-boxed elementor-section-height-default elementor-section-height-default\" data-id=\"3269710\" data-element_type=\"section\">\n\t\t\t\t\t\t<div class=\"elementor-container elementor-column-gap-default\">\n\t\t\t\t\t<div class=\"elementor-column elementor-col-50 elementor-inner-column elementor-element elementor-element-5ea1f1c\" data-id=\"5ea1f1c\" data-element_type=\"column\">\n\t\t\t<div class=\"elementor-widget-wrap elementor-element-populated\">\n\t\t\t\t\t\t<div class=\"elementor-element elementor-element-dd6c11d elementor-widget elementor-widget-icon-box\" data-id=\"dd6c11d\" data-element_type=\"widget\" data-widget_type=\"icon-box.default\">\n\t\t\t\t<div class=\"elementor-widget-container\">\n\t\t\t\t\t\t\t<div class=\"elementor-icon-box-wrapper\">\n\n\t\t\t\n\t\t\t\t\t\t<div class=\"elementor-icon-box-content\">\n\n\t\t\t\t\t\t\t\t\t<h2 class=\"elementor-icon-box-title\">\n\t\t\t\t\t\t<span  >\n\t\t\t\t\t\t\tCalidad integrada en la fabricaci\u00f3n\t\t\t\t\t\t<\/span>\n\t\t\t\t\t<\/h2>\n\t\t\t\t\n\t\t\t\t\t\t\t\t\t<p class=\"elementor-icon-box-description\">\n\t\t\t\t\t\tEl control de calidad est\u00e1 integrado en todos los procesos de fabricaci\u00f3n.\t\t\t\t\t<\/p>\n\t\t\t\t\n\t\t\t<\/div>\n\t\t\t\n\t\t<\/div>\n\t\t\t\t\t\t<\/div>\n\t\t\t\t<\/div>\n\t\t\t\t<div class=\"elementor-element elementor-element-51c4dc0 elementor-widget elementor-widget-icon-box\" data-id=\"51c4dc0\" data-element_type=\"widget\" data-widget_type=\"icon-box.default\">\n\t\t\t\t<div class=\"elementor-widget-container\">\n\t\t\t\t\t\t\t<div class=\"elementor-icon-box-wrapper\">\n\n\t\t\t\n\t\t\t\t\t\t<div class=\"elementor-icon-box-content\">\n\n\t\t\t\t\t\t\t\t\t<h2 class=\"elementor-icon-box-title\">\n\t\t\t\t\t\t<span  >\n\t\t\t\t\t\t\tCalidad constante. Entregas fiables.\t\t\t\t\t\t<\/span>\n\t\t\t\t\t<\/h2>\n\t\t\t\t\n\t\t\t\t\t\t\t\t\t<p class=\"elementor-icon-box-description\">\n\t\t\t\t\t\tEn Omnidex, la calidad est\u00e1 integrada en cada etapa, desde la materia prima hasta la entrega final, garantizando cumplimiento total de especificaciones.\t\t\t\t\t<\/p>\n\t\t\t\t\n\t\t\t<\/div>\n\t\t\t\n\t\t<\/div>\n\t\t\t\t\t\t<\/div>\n\t\t\t\t<\/div>\n\t\t\t\t\t<\/div>\n\t\t<\/div>\n\t\t\t\t<div class=\"elementor-column elementor-col-50 elementor-inner-column elementor-element elementor-element-2c0efee\" data-id=\"2c0efee\" data-element_type=\"column\">\n\t\t\t<div class=\"elementor-widget-wrap elementor-element-populated\">\n\t\t\t\t\t\t<div class=\"elementor-element elementor-element-1635a2d elementor-widget elementor-widget-image\" data-id=\"1635a2d\" data-element_type=\"widget\" data-widget_type=\"image.default\">\n\t\t\t\t<div class=\"elementor-widget-container\">\n\t\t\t\t\t\t\t\t\t\t\t\t\t\t\t<img decoding=\"async\" width=\"580\" height=\"386\" src=\"https:\/\/omnidexcn.com\/wp-content\/uploads\/2026\/02\/IMG_6304-1.jpg\" class=\"attachment-large size-large wp-image-1678\" alt=\"\" srcset=\"https:\/\/omnidexcn.com\/wp-content\/uploads\/2026\/02\/IMG_6304-1.jpg 800w, https:\/\/omnidexcn.com\/wp-content\/uploads\/2026\/02\/IMG_6304-1-300x200.jpg 300w, https:\/\/omnidexcn.com\/wp-content\/uploads\/2026\/02\/IMG_6304-1-768x512.jpg 768w, https:\/\/omnidexcn.com\/wp-content\/uploads\/2026\/02\/IMG_6304-1-18x12.jpg 18w, https:\/\/omnidexcn.com\/wp-content\/uploads\/2026\/02\/IMG_6304-1-600x400.jpg 600w\" sizes=\"(max-width: 580px) 100vw, 580px\" \/>\t\t\t\t\t\t\t\t\t\t\t\t\t\t\t<\/div>\n\t\t\t\t<\/div>\n\t\t\t\t\t<\/div>\n\t\t<\/div>\n\t\t\t\t\t<\/div>\n\t\t<\/section>\n\t\t\t\t<section class=\"elementor-section elementor-inner-section elementor-element elementor-element-bc52dd3 elementor-section-boxed elementor-section-height-default elementor-section-height-default\" data-id=\"bc52dd3\" data-element_type=\"section\">\n\t\t\t\t\t\t<div class=\"elementor-container elementor-column-gap-default\">\n\t\t\t\t\t<div class=\"elementor-column elementor-col-50 elementor-inner-column elementor-element elementor-element-4d384b2\" data-id=\"4d384b2\" data-element_type=\"column\">\n\t\t\t<div class=\"elementor-widget-wrap elementor-element-populated\">\n\t\t\t\t\t\t<div class=\"elementor-element elementor-element-ac031db elementor-widget elementor-widget-image\" data-id=\"ac031db\" data-element_type=\"widget\" data-widget_type=\"image.default\">\n\t\t\t\t<div class=\"elementor-widget-container\">\n\t\t\t\t\t\t\t\t\t\t\t\t\t\t\t<img loading=\"lazy\" decoding=\"async\" width=\"580\" height=\"386\" src=\"https:\/\/omnidexcn.com\/wp-content\/uploads\/2026\/02\/IMG_6430-1.jpg\" class=\"attachment-large size-large wp-image-1680\" alt=\"\" srcset=\"https:\/\/omnidexcn.com\/wp-content\/uploads\/2026\/02\/IMG_6430-1.jpg 800w, https:\/\/omnidexcn.com\/wp-content\/uploads\/2026\/02\/IMG_6430-1-300x200.jpg 300w, https:\/\/omnidexcn.com\/wp-content\/uploads\/2026\/02\/IMG_6430-1-768x512.jpg 768w, https:\/\/omnidexcn.com\/wp-content\/uploads\/2026\/02\/IMG_6430-1-18x12.jpg 18w, https:\/\/omnidexcn.com\/wp-content\/uploads\/2026\/02\/IMG_6430-1-600x400.jpg 600w\" sizes=\"(max-width: 580px) 100vw, 580px\" \/>\t\t\t\t\t\t\t\t\t\t\t\t\t\t\t<\/div>\n\t\t\t\t<\/div>\n\t\t\t\t\t<\/div>\n\t\t<\/div>\n\t\t\t\t<div class=\"elementor-column elementor-col-50 elementor-inner-column elementor-element elementor-element-58b237f\" data-id=\"58b237f\" data-element_type=\"column\">\n\t\t\t<div class=\"elementor-widget-wrap elementor-element-populated\">\n\t\t\t\t\t\t<div class=\"elementor-element elementor-element-71d0e38 elementor-widget elementor-widget-icon-box\" data-id=\"71d0e38\" data-element_type=\"widget\" data-widget_type=\"icon-box.default\">\n\t\t\t\t<div class=\"elementor-widget-container\">\n\t\t\t\t\t\t\t<div class=\"elementor-icon-box-wrapper\">\n\n\t\t\t\n\t\t\t\t\t\t<div class=\"elementor-icon-box-content\">\n\n\t\t\t\t\t\t\t\t\t<h2 class=\"elementor-icon-box-title\">\n\t\t\t\t\t\t<span  >\n\t\t\t\t\t\t\tNuestro enfoque\t\t\t\t\t\t<\/span>\n\t\t\t\t\t<\/h2>\n\t\t\t\t\n\t\t\t\t\t\t\t\t\t<p class=\"elementor-icon-box-description\">\n\t\t\t\t\t\t<ul>\n<li>Revisi\u00f3n de planos y especificaciones<\/li>\n<li> Control de materiales entrantes<\/li>\n<li>Inspecciones en proceso<\/li>\n<li>Verificaci\u00f3n dimensional y visual final<\/li>\n<li>Documentaci\u00f3n completa y trazabilidad<\/li>\n<\/ul>\n\t\t\t\t\t<\/p>\n\t\t\t\t\n\t\t\t<\/div>\n\t\t\t\n\t\t<\/div>\n\t\t\t\t\t\t<\/div>\n\t\t\t\t<\/div>\n\t\t\t\t<div class=\"elementor-element elementor-element-39900bc elementor-widget elementor-widget-icon-box\" data-id=\"39900bc\" data-element_type=\"widget\" data-widget_type=\"icon-box.default\">\n\t\t\t\t<div class=\"elementor-widget-container\">\n\t\t\t\t\t\t\t<div class=\"elementor-icon-box-wrapper\">\n\n\t\t\t\n\t\t\t\t\t\t<div class=\"elementor-icon-box-content\">\n\n\t\t\t\t\t\t\t\t\t<h2 class=\"elementor-icon-box-title\">\n\t\t\t\t\t\t<span  >\n\t\t\t\t\t\t\tCapacidades de inspecci\u00f3n\t\t\t\t\t\t<\/span>\n\t\t\t\t\t<\/h2>\n\t\t\t\t\n\t\t\t\t\t\t\t\t\t<p class=\"elementor-icon-box-description\">\n\t\t\t\t\t\t<ul>\n<li>Inspecci\u00f3n de primera pieza (FAI)<\/li>\n<li>Medici\u00f3n CMM y precisi\u00f3n<\/li>\n<li>Calibres, instrumentos y utillajes<\/li>\n<li> Control de acabado superficial y dureza<\/li>\n<li> Pruebas funcionales y de ensamblaje<\/li>\n<li>Inspecci\u00f3n AQL o 100%<\/li>\n<\/ul>\n\t\t\t\t\t<\/p>\n\t\t\t\t\n\t\t\t<\/div>\n\t\t\t\n\t\t<\/div>\n\t\t\t\t\t\t<\/div>\n\t\t\t\t<\/div>\n\t\t\t\t\t<\/div>\n\t\t<\/div>\n\t\t\t\t\t<\/div>\n\t\t<\/section>\n\t\t\t\t\t<\/div>\n\t\t<\/div>\n\t\t\t\t\t<\/div>\n\t\t<\/section>\n\t\t\t\t<section class=\"elementor-section elementor-top-section elementor-element elementor-element-e1fe585 elementor-section-boxed elementor-section-height-default elementor-section-height-default\" data-id=\"e1fe585\" data-element_type=\"section\">\n\t\t\t\t\t\t<div class=\"elementor-container elementor-column-gap-default\">\n\t\t\t\t\t<div class=\"elementor-column elementor-col-100 elementor-top-column elementor-element elementor-element-a74a35f\" data-id=\"a74a35f\" data-element_type=\"column\">\n\t\t\t<div class=\"elementor-widget-wrap elementor-element-populated\">\n\t\t\t\t\t\t<div class=\"elementor-element elementor-element-d6a283a elementor-widget elementor-widget-text-editor\" data-id=\"d6a283a\" data-element_type=\"widget\" data-widget_type=\"text-editor.default\">\n\t\t\t\t<div class=\"elementor-widget-container\">\n\t\t\t\t\t\t\t\t\t<h2>Para piezas cr\u00edticas y de precisi\u00f3n<\/h2><p>Trabajamos con engranajes de precisi\u00f3n, mecanizado CNC, fabricaciones, fundiciones y ensamblajes completos. Se suministran informes dimensionales y certificados cuando es necesario.<\/p><h2>Por qu\u00e9 es importante<\/h2><p>Menos defectos. Aprobaciones m\u00e1s r\u00e1pidas. Pedidos repetitivos consistentes. Menor coste total. Confianza en cada entrega.<\/p>\t\t\t\t\t\t\t\t<\/div>\n\t\t\t\t<\/div>\n\t\t\t\t<div class=\"elementor-element elementor-element-23c2936 elementor-widget elementor-widget-text-editor\" data-id=\"23c2936\" data-element_type=\"widget\" data-widget_type=\"text-editor.default\">\n\t\t\t\t<div class=\"elementor-widget-container\">\n\t\t\t\t\t\t\t\t\t<p>Env\u00edenos sus planos y definiremos el plan de inspecci\u00f3n adecuado.<\/p>\t\t\t\t\t\t\t\t<\/div>\n\t\t\t\t<\/div>\n\t\t\t\t<div class=\"elementor-element elementor-element-5839f56 elementor-align-center elementor-widget elementor-widget-button\" data-id=\"5839f56\" data-element_type=\"widget\" data-widget_type=\"button.default\">\n\t\t\t\t<div class=\"elementor-widget-container\">\n\t\t\t\t\t\t\t\t\t<div class=\"elementor-button-wrapper\">\n\t\t\t\t\t<a class=\"elementor-button elementor-button-link elementor-size-sm\" href=\"https:\/\/omnidexcn.com\/es\/contacto\/\" target=\"_blank\">\n\t\t\t\t\t\t<span class=\"elementor-button-content-wrapper\">\n\t\t\t\t\t\t<span class=\"elementor-button-icon\">\n\t\t\t\t<i aria-hidden=\"true\" class=\"far fa-arrow-alt-circle-right\"><\/i>\t\t\t<\/span>\n\t\t\t\t\t\t\t\t\t<span class=\"elementor-button-text\">Solicitar presupuesto<\/span>\n\t\t\t\t\t<\/span>\n\t\t\t\t\t<\/a>\n\t\t\t\t<\/div>\n\t\t\t\t\t\t\t\t<\/div>\n\t\t\t\t<\/div>\n\t\t\t\t\t<\/div>\n\t\t<\/div>\n\t\t\t\t\t<\/div>\n\t\t<\/section>\n\t\t\t\t<section class=\"elementor-section elementor-top-section elementor-element elementor-element-99cff83 elementor-section-full_width elementor-section-height-default elementor-section-height-default\" data-id=\"99cff83\" data-element_type=\"section\">\n\t\t\t\t\t\t<div class=\"elementor-container elementor-column-gap-default\">\n\t\t\t\t\t<div class=\"elementor-column elementor-col-100 elementor-top-column elementor-element elementor-element-3af0f75\" data-id=\"3af0f75\" data-element_type=\"column\">\n\t\t\t<div class=\"elementor-widget-wrap elementor-element-populated\">\n\t\t\t\t\t\t<div class=\"elementor-element elementor-element-5fcdc19 elementor-widget elementor-widget-template\" data-id=\"5fcdc19\" data-element_type=\"widget\" data-widget_type=\"template.default\">\n\t\t\t\t<div class=\"elementor-widget-container\">\n\t\t\t\t\t\t\t<div class=\"elementor-template\">\n\t\t\t\t\t<div data-elementor-type=\"section\" data-elementor-id=\"1596\" class=\"elementor elementor-1596\" data-elementor-post-type=\"elementor_library\">\n\t\t\t\t\t<section class=\"elementor-section elementor-top-section elementor-element elementor-element-4cd2b9e4 elementor-section-full_width elementor-section-height-default elementor-section-height-default\" data-id=\"4cd2b9e4\" data-element_type=\"section\">\n\t\t\t\t\t\t<div class=\"elementor-container elementor-column-gap-default\">\n\t\t\t\t\t<div class=\"elementor-column elementor-col-100 elementor-top-column elementor-element elementor-element-65c281b1\" data-id=\"65c281b1\" data-element_type=\"column\">\n\t\t\t<div class=\"elementor-widget-wrap elementor-element-populated\">\n\t\t\t\t\t\t<div class=\"elementor-element elementor-element-789cf0c1 elementor-widget elementor-widget-call-us\" data-id=\"789cf0c1\" data-element_type=\"widget\" data-widget_type=\"call-us.default\">\n\t\t\t\t<div class=\"elementor-widget-container\">\n\t\t\t\t\t\t\t\t<div class=\"section-full self-intro-section-outer overlay-wraper\" style=\"background-image:url(https:\/\/gridvalley.net\/wp\/industroz\/wp-content\/uploads\/2020\/04\/bg-6.jpg)\">                                 \n\t\t\t\t<div class=\"overlay-main site-bg-secondry opacity-09\"><\/div>\n\t\t\t\t<div class=\"self-intro-top bg-gray p-t80 p-b30\">\n\t\t\t\t\t<div class=\"container\">\n\t\t\t\t\t\t<div class=\"row justify-content-end\">\n\n\t\t\t\t\t\t\t<div class=\"col-lg-6 col-md-12\">\n\t\t\t\t\t\t\t\t<!-- TITLE START-->\n\t\t\t\t\t\t\t\t<div class=\"left wt-small-separator-outer\">\n\t\t\t\t\t\t\t\t\t\t\t\t\t\t\t\t\t\t\t<div class=\"wt-small-separator site-text-primary\">\n\t\t\t\t\t\t\t\t\t\t\t<div class=\"sep-leaf-left\"><\/div>\n\t\t\t\t\t\t\t\t\t\t\t<div>Hable con nuestro equipo de ingenier\u00eda hoy<\/div>\n\t\t\t\t\t\t\t\t\t\t\t<div class=\"sep-leaf-right\"><\/div>\n\t\t\t\t\t\t\t\t\t\t<\/div>\t\n\t\t\t\t\t\t\t\t\t\t\t\t\t\t\t\t\t\t\t\t<h2>\u00bfBusca un socio de fabricaci\u00f3n fiable?<\/h2>\n\t\t\t\t\t\t\t\t\t\t\t\t\t\t\t\t\t\t\t\t<p>Optimice sus procesos con est\u00e1ndares de calidad y rendimiento<\/p>\n\t\t\t\t\t\t\t\t\t\t\t\t\t\t\t\t\t\t<\/div>\n\t\t\t\t\t\t\t\t<!-- TITLE END-->\n\t\t\t\t\t\t\t<\/div>                              \n\n\t\t\t\t\t\t<\/div>\n\t\t\t\t\t<\/div>\n\t\t\t\t<\/div> \n\t\t\t\t<div class=\"self-intro-bottom p-t80 p-b70\">\n\t\t\t\t\t<div class=\"container\">\n\t\t\t\t\t\t<div class=\"row justify-content-end\">\n\t\t\t\t\t\t\t<div class=\"col-lg-6 col-md-6\">\n\t\t\t\t\t\t\t\t<div class=\"self-info-detail\">\n\t\t\t\t\t\t\t\t\t\t\t\t\t\t\t\t\t\t\t<div class=\"wt-icon-box-wraper p-b10 left\">\n\t\t\t\t\t\t\t\t\t\t\t<div class=\"icon-md m-b20\">\n\t\t\t\t\t\t\t\t\t\t\t\t<span class=\"icon-cell site-text-primary\"><i class=\"flaticon-call\"><\/i><\/span>\n\t\t\t\t\t\t\t\t\t\t\t<\/div>\n\t\t\t\t\t\t\t\t\t\t\t<div class=\"icon-content text-white\">\n\t\t\t\t\t\t\t\t\t\t\t\t<h3 class=\"wt-tilte\">\u00bfTiene alguna pregunta?<\/h3>\n\t\t\t\t\t\t\t\t\t\t\t\t+86 20 8388 7080\t\t\t\t\t\t\t\t\t\t\t<\/div>\n\t\t\t\t\t\t\t\t\t\t<\/div>\n\t\t\t\t\t\t\t\t\t\t\t\t\t\t\t\t\t\t\t\t<div class=\"wt-icon-box-wraper p-b10 left\">\n\t\t\t\t\t\t\t\t\t\t\t<div class=\"icon-md m-b20\">\n\t\t\t\t\t\t\t\t\t\t\t\t<span class=\"icon-cell site-text-primary\"><i class=\"flaticon-mail\"><\/i><\/span>\n\t\t\t\t\t\t\t\t\t\t\t<\/div>\n\t\t\t\t\t\t\t\t\t\t\t<div class=\"icon-content text-white\">\n\t\t\t\t\t\t\t\t\t\t\t\t<h3 class=\"wt-tilte\">\u00bfNecesita ayuda? Env\u00edenos un correo electr\u00f3nico<\/h3>\n\t\t\t\t\t\t\t\t\t\t\t\tenquiries@omnidexcn.com\t\t\t\t\t\t\t\t\t\t\t<\/div>\n\t\t\t\t\t\t\t\t\t\t<\/div>\n\t\t\t\t\t\t\t\t\t\t\t\t\t\t\t\t\t\t<\/div>\n\t\t\t\t\t\t\t<\/div>\n\t\t\t\t\t\t<\/div>\n\t\t\t\t\t<\/div>\n\t\t\t\t<\/div>  \n\t\t\t\t<div class=\"container\">\n\t\t\t\t\t<div class=\"self-intro-pic-block\">\n\t\t\t\t\t\t<div class=\"wt-media\"><img decoding=\"async\" src=\"https:\/\/omnidexcn.com\/wp-content\/uploads\/2026\/02\/engineer.png\" alt=\"img\"><\/div>\n\t\t\t\t\t<\/div>\n\t\t\t\t<\/div>\n\n\t\t\t<\/div>\t\n\t\t\t\t\t\t\t\t\t<\/div>\n\t\t\t\t<\/div>\n\t\t\t\t\t<\/div>\n\t\t<\/div>\n\t\t\t\t\t<\/div>\n\t\t<\/section>\n\t\t\t\t<\/div>\n\t\t\t\t<\/div>\n\t\t\t\t\t\t<\/div>\n\t\t\t\t<\/div>\n\t\t\t\t\t<\/div>\n\t\t<\/div>\n\t\t\t\t\t<\/div>\n\t\t<\/section>\n\t\t\t\t<\/div>","protected":false},"excerpt":{"rendered":"<p>Quality Management Philosophy Quality is a core operational priority across all manufacturing activities. We maintain structured processes to ensure products consistently meet customer specifications, regulatory requirements, and internal standards. ISO 9001 Quality Management System We meticulously follow ISO 9001 quality management standards and have been audited annually for the past 12 years, passing each audit [&hellip;]<\/p>","protected":false},"author":1,"featured_media":0,"parent":0,"menu_order":0,"comment_status":"closed","ping_status":"closed","template":"","meta":{"_acf_changed":false,"pagelayer_contact_templates":[],"_pagelayer_content":"","footnotes":""},"class_list":["post-1325","page","type-page","status-publish","hentry"],"acf":[],"_links":{"self":[{"href":"https:\/\/omnidexcn.com\/es\/wp-json\/wp\/v2\/pages\/1325","targetHints":{"allow":["GET"]}}],"collection":[{"href":"https:\/\/omnidexcn.com\/es\/wp-json\/wp\/v2\/pages"}],"about":[{"href":"https:\/\/omnidexcn.com\/es\/wp-json\/wp\/v2\/types\/page"}],"author":[{"embeddable":true,"href":"https:\/\/omnidexcn.com\/es\/wp-json\/wp\/v2\/users\/1"}],"replies":[{"embeddable":true,"href":"https:\/\/omnidexcn.com\/es\/wp-json\/wp\/v2\/comments?post=1325"}],"version-history":[{"count":71,"href":"https:\/\/omnidexcn.com\/es\/wp-json\/wp\/v2\/pages\/1325\/revisions"}],"predecessor-version":[{"id":1945,"href":"https:\/\/omnidexcn.com\/es\/wp-json\/wp\/v2\/pages\/1325\/revisions\/1945"}],"wp:attachment":[{"href":"https:\/\/omnidexcn.com\/es\/wp-json\/wp\/v2\/media?parent=1325"}],"curies":[{"name":"wp","href":"https:\/\/api.w.org\/{rel}","templated":true}]}}