{"id":1755,"date":"2026-02-18T15:19:33","date_gmt":"2026-02-18T07:19:33","guid":{"rendered":"https:\/\/omnidexcn.com\/?page_id=1755"},"modified":"2026-03-13T23:31:26","modified_gmt":"2026-03-13T15:31:26","slug":"turnkey-how-it-works","status":"publish","type":"page","link":"https:\/\/omnidexcn.com\/es\/turnkey-how-it-works\/","title":{"rendered":"Proceso de fabricaci\u00f3n llave en mano"},"content":{"rendered":"<div data-elementor-type=\"wp-page\" data-elementor-id=\"1755\" class=\"elementor elementor-1755\" data-elementor-post-type=\"page\">\n\t\t\t\t\t\t<section class=\"elementor-section elementor-top-section elementor-element elementor-element-b866b70 elementor-section-boxed elementor-section-height-default elementor-section-height-default\" data-id=\"b866b70\" data-element_type=\"section\">\n\t\t\t\t\t\t<div class=\"elementor-container elementor-column-gap-default\">\n\t\t\t\t\t<div class=\"elementor-column elementor-col-100 elementor-top-column elementor-element elementor-element-8b7dad8\" data-id=\"8b7dad8\" data-element_type=\"column\">\n\t\t\t<div class=\"elementor-widget-wrap elementor-element-populated\">\n\t\t\t\t\t\t<div class=\"elementor-element elementor-element-1fffe13 elementor-widget elementor-widget-spacer\" data-id=\"1fffe13\" data-element_type=\"widget\" data-widget_type=\"spacer.default\">\n\t\t\t\t<div class=\"elementor-widget-container\">\n\t\t\t\t\t\t\t<div class=\"elementor-spacer\">\n\t\t\t<div class=\"elementor-spacer-inner\"><\/div>\n\t\t<\/div>\n\t\t\t\t\t\t<\/div>\n\t\t\t\t<\/div>\n\t\t\t\t<div class=\"elementor-element elementor-element-90be52e elementor-widget elementor-widget-text-editor\" data-id=\"90be52e\" data-element_type=\"widget\" data-widget_type=\"text-editor.default\">\n\t\t\t\t<div class=\"elementor-widget-container\">\n\t\t\t\t\t\t\t\t\t<h2>C\u00f3mo funcionan las soluciones turnkey de Omnidex<\/h2><p>Las soluciones turnkey de Omnidex se adaptan a las necesidades de cada proyecto, desde procesos simples hasta programas de fabricaci\u00f3n totalmente integrados. Los clientes pueden incorporarse en cualquier fase, desde el dise\u00f1o inicial hasta la producci\u00f3n completa, manteniendo siempre visibilidad y control sobre el proceso.<\/p><h2><span style=\"color: #000000;\"><strong>Rutas de fabricaci\u00f3n escalables para cualquier volumen<\/strong><\/span><\/h2><p>A diferencia de proveedores tradicionales, el enfoque de Omnidex es completamente escalable. Los proyectos pueden incluir pocos procesos o expandirse a programas completos, desde prototipos hasta producci\u00f3n masiva.<\/p>\t\t\t\t\t\t\t\t<\/div>\n\t\t\t\t<\/div>\n\t\t\t\t<div class=\"elementor-element elementor-element-0c63879 elementor-widget elementor-widget-heading\" data-id=\"0c63879\" data-element_type=\"widget\" data-widget_type=\"heading.default\">\n\t\t\t\t<div class=\"elementor-widget-container\">\n\t\t\t\t\t<h2 class=\"elementor-heading-title elementor-size-default\">El proceso turnkey de Omnidex<\/h2>\t\t\t\t<\/div>\n\t\t\t\t<\/div>\n\t\t\t\t<div class=\"elementor-element elementor-element-f2d2156 elementor-widget__width-initial elementor-widget elementor-widget-html\" data-id=\"f2d2156\" data-element_type=\"widget\" data-widget_type=\"html.default\">\n\t\t\t\t<div class=\"elementor-widget-container\">\n\t\t\t\t\t<h2 align=\"center\">Proceso de fabricaci\u00f3n llave en mano \u2014 C\u00f3mo funciona<\/h2>\r\n\r\n<!-- OMNIDEX TURNKEY PROCESS CHART (RESPONSIVE) -->\r\n<section class=\"omx-turnkey-chart\" aria-label=\"Omnidex Turnkey Process Chart\">\r\n  <!-- CORE FLOW (always shown) -->\r\n  <div class=\"omx-flow omx-flow-core\">\r\n    <div class=\"omx-node omx-node-start\">\r\n      <h3>Consulta<\/h3>\r\n      <p>Requisitos iniciales, planos, cantidades, coste objetivo y plazos.<\/p>\r\n    <\/div>\r\n\r\n    <div class=\"omx-arrow\" aria-hidden=\"true\"><\/div>\r\n\r\n    <div class=\"omx-node\">\r\n      <h3>Revisi\u00f3n t\u00e9cnica<\/h3>\r\n      <p>Viabilidad, materiales, tolerancias, riesgos y requisitos.<\/p>\r\n    <\/div>\r\n\r\n    <div class=\"omx-arrow\" aria-hidden=\"true\"><\/div>\r\n\r\n    <div class=\"omx-node\">\r\n      <h3>Selecci\u00f3n de proceso<\/h3>\r\n      <p>Selecci\u00f3n de procesos necesarios.<\/p>\r\n    <\/div>\r\n\r\n    <div class=\"omx-arrow\" aria-hidden=\"true\"><\/div>\r\n\r\n    <div class=\"omx-node\">\r\n      <h3>Cotizaci\u00f3n y planificaci\u00f3n<\/h3>\r\n      <p>Costes, plazos, plan de calidad y condiciones.<\/p>\r\n    <\/div>\r\n\r\n    <div class=\"omx-arrow\" aria-hidden=\"true\"><\/div>\r\n\r\n    <div class=\"omx-node\">\r\n      <h3>Producci\u00f3n<\/h3>\r\n      <p>Producci\u00f3n gestionada entre procesos y proveedores.<\/p>\r\n    <\/div>\r\n\r\n    <div class=\"omx-arrow\" aria-hidden=\"true\"><\/div>\r\n\r\n    <div class=\"omx-node\">\r\n      <h3>Control de calidad y verificaci\u00f3n<\/h3>\r\n      <p>Inspecci\u00f3n, pruebas, documentaci\u00f3n y acciones correctivas.<\/p>\r\n    <\/div>\r\n\r\n    <div class=\"omx-arrow\" aria-hidden=\"true\"><\/div>\r\n\r\n    <div class=\"omx-node omx-node-end\">\r\n      <h3>Entrega<\/h3>\r\n      <p>Embalaje, documentaci\u00f3n, env\u00edo y seguimiento.<\/p>\r\n    <\/div>\r\n  <\/div>\r\n\r\n  <!-- OPTIONAL ROUTES (desktop\/tablet: shown as cards; mobile: collapsible) -->\r\n  <div class=\"omx-optional\">\r\n    <div class=\"omx-optional-desktop\" aria-label=\"Optional process routes (desktop)\">\r\n      <h4>Procesos opcionales (a\u00f1adir solo lo necesario)<\/h4>\r\n      <div class=\"omx-grid\">\r\n        <div class=\"omx-chip\"><strong>Fundici\u00f3n<\/strong><br><span>Herramientas, moldes, fundici\u00f3n, tratamiento t\u00e9rmico<\/span><\/div>\r\n        <div class=\"omx-chip\"><strong>Mecanizado CNC<\/strong><br><span>Fresado, torneado, rectificado, multieje<\/span><\/div>\r\n        <div class=\"omx-chip\"><strong>Fabricaci\u00f3n<\/strong><br><span>Corte, doblado, soldadura, ensamblajes<\/span><\/div>\r\n        <div class=\"omx-chip\"><strong>Pl\u00e1sticos<\/strong><br><span>Inyecci\u00f3n, mecanizado, pol\u00edmeros<\/span><\/div>\r\n        <div class=\"omx-chip\"><strong>Electr\u00f3nica<\/strong><br><span>PCB\/SMT, cableado, pruebas<\/span><\/div>\r\n        <div class=\"omx-chip\"><strong>Ensamblaje y prueba<\/strong><br><span>Subconjuntos, montaje final, pruebas<\/span><\/div>\r\n        <div class=\"omx-chip\"><strong>Acabados<\/strong><br><span>Pintura, recubrimientos, anodizado<\/span><\/div>\r\n        <div class=\"omx-chip\"><strong>Log\u00edstica<\/strong><br><span>Embalaje, documentos, env\u00edo global<\/span><\/div>\r\n      <\/div>\r\n    <\/div>\r\n\r\n    <details class=\"omx-optional-mobile\">\r\n      <summary><strong>Optional process routes<\/strong> (tap to expand)<\/summary>\r\n      <div class=\"omx-grid\">\r\n        <div class=\"omx-chip\"><strong>Fundici\u00f3n<\/strong><br><span>Herramientas, moldes, fundici\u00f3n, tratamiento t\u00e9rmico<\/span><\/div>\r\n        <div class=\"omx-chip\"><strong>Mecanizado CNC<\/strong><br><span>Fresado, torneado, rectificado, multieje<\/span><\/div>\r\n        <div class=\"omx-chip\"><strong>Fabricaci\u00f3n<\/strong><br><span>Corte, doblado, soldadura, ensamblajes<\/span><\/div>\r\n        <div class=\"omx-chip\"><strong>Pl\u00e1sticos<\/strong><br><span>Inyecci\u00f3n, mecanizado, pol\u00edmeros<\/span><\/div>\r\n        <div class=\"omx-chip\"><strong>Electr\u00f3nica<\/strong><br><span>PCB\/SMT, cableado, pruebas<\/span><\/div>\r\n        <div class=\"omx-chip\"><strong>Ensamblaje y prueba<\/strong><br><span>Subconjuntos, montaje final, pruebas<\/span><\/div>\r\n        <div class=\"omx-chip\"><strong>Acabados<\/strong><br><span>Pintura, recubrimientos, anodizado<\/span><\/div>\r\n        <div class=\"omx-chip\"><strong>Log\u00edstica<\/strong><br><span>Embalaje, documentos, env\u00edo global<\/span><\/div>\r\n      <\/div>\r\n    <\/details>\r\n  <\/div>\r\n\r\n  <p class=\"omx-note\">\r\n    <strong>El flujo principal siempre se mantiene,<\/strong> a\u00f1adiendo procesos solo cuando es necesario, lo que permite adaptarse desde prototipos hasta producci\u00f3n masiva.\r\n  <\/p>\r\n<\/section>\r\n\r\n\t\t\t\t<\/div>\n\t\t\t\t<\/div>\n\t\t\t\t<section class=\"elementor-section elementor-inner-section elementor-element elementor-element-79e634d elementor-section-boxed elementor-section-height-default elementor-section-height-default\" data-id=\"79e634d\" data-element_type=\"section\">\n\t\t\t\t\t\t<div class=\"elementor-container elementor-column-gap-default\">\n\t\t\t\t\t<div class=\"elementor-column elementor-col-100 elementor-inner-column elementor-element elementor-element-6699360\" data-id=\"6699360\" data-element_type=\"column\">\n\t\t\t<div class=\"elementor-widget-wrap elementor-element-populated\">\n\t\t\t\t\t\t<div class=\"elementor-element elementor-element-4a6d068 elementor-align-center elementor-widget elementor-widget-button\" data-id=\"4a6d068\" data-element_type=\"widget\" data-widget_type=\"button.default\">\n\t\t\t\t<div class=\"elementor-widget-container\">\n\t\t\t\t\t\t\t\t\t<div class=\"elementor-button-wrapper\">\n\t\t\t\t\t<a class=\"elementor-button elementor-button-link elementor-size-sm\" href=\"https:\/\/omnidexcn.com\/es\/contacto\/\" target=\"_blank\">\n\t\t\t\t\t\t<span class=\"elementor-button-content-wrapper\">\n\t\t\t\t\t\t<span class=\"elementor-button-icon\">\n\t\t\t\t<i aria-hidden=\"true\" class=\"far fa-arrow-alt-circle-right\"><\/i>\t\t\t<\/span>\n\t\t\t\t\t\t\t\t\t<span class=\"elementor-button-text\">Solicitar presupuesto<\/span>\n\t\t\t\t\t<\/span>\n\t\t\t\t\t<\/a>\n\t\t\t\t<\/div>\n\t\t\t\t\t\t\t\t<\/div>\n\t\t\t\t<\/div>\n\t\t\t\t\t<\/div>\n\t\t<\/div>\n\t\t\t\t\t<\/div>\n\t\t<\/section>\n\t\t\t\t<div class=\"elementor-element elementor-element-382ab91 elementor-widget elementor-widget-text-editor\" data-id=\"382ab91\" data-element_type=\"widget\" data-widget_type=\"text-editor.default\">\n\t\t\t\t<div class=\"elementor-widget-container\">\n\t\t\t\t\t\t\t\t\t<h2><strong>C\u00f3mo funciona la estructura del proceso<\/strong><\/h2><p>La estructura permite combinar procesos seg\u00fan requisitos t\u00e9cnicos, costes y plazos, garantizando eficiencia y control en cada proyecto.<\/p><h2><strong>Soluciones de fabricaci\u00f3n personalizadas<\/strong><\/h2><p>Con un \u00fanico responsable t\u00e9cnico y comercial, Omnidex simplifica la cadena de suministro y reduce riesgos. Los clientes obtienen gesti\u00f3n coordinada, control de calidad integrado y acceso a una red global.<\/p>\t\t\t\t\t\t\t\t<\/div>\n\t\t\t\t<\/div>\n\t\t\t\t\t<\/div>\n\t\t<\/div>\n\t\t\t\t\t<\/div>\n\t\t<\/section>\n\t\t\t\t<section class=\"elementor-section elementor-top-section elementor-element elementor-element-5f14a8a elementor-section-boxed elementor-section-height-default elementor-section-height-default\" data-id=\"5f14a8a\" data-element_type=\"section\">\n\t\t\t\t\t\t<div class=\"elementor-container elementor-column-gap-default\">\n\t\t\t\t\t<div class=\"elementor-column elementor-col-100 elementor-top-column elementor-element elementor-element-b40cec8\" data-id=\"b40cec8\" data-element_type=\"column\">\n\t\t\t<div class=\"elementor-widget-wrap elementor-element-populated\">\n\t\t\t\t\t\t<div class=\"elementor-element elementor-element-73153bd elementor-widget elementor-widget-spacer\" data-id=\"73153bd\" data-element_type=\"widget\" data-widget_type=\"spacer.default\">\n\t\t\t\t<div class=\"elementor-widget-container\">\n\t\t\t\t\t\t\t<div class=\"elementor-spacer\">\n\t\t\t<div class=\"elementor-spacer-inner\"><\/div>\n\t\t<\/div>\n\t\t\t\t\t\t<\/div>\n\t\t\t\t<\/div>\n\t\t\t\t\t<\/div>\n\t\t<\/div>\n\t\t\t\t\t<\/div>\n\t\t<\/section>\n\t\t\t\t<\/div>","protected":false},"excerpt":{"rendered":"<p>How Omnidex Turnkey Solutions Work Omnidex turnkey manufacturing solutions are designed to adapt precisely to the needs of each project, whether the requirement is a small number of production steps or a fully integrated multi-disciplinary manufacturing programme. Our structured process allows customers to engage at any stage \u2014 from early concept development through to complete [&hellip;]<\/p>","protected":false},"author":1,"featured_media":0,"parent":0,"menu_order":0,"comment_status":"closed","ping_status":"closed","template":"","meta":{"_acf_changed":false,"pagelayer_contact_templates":[],"_pagelayer_content":"","footnotes":""},"class_list":["post-1755","page","type-page","status-publish","hentry"],"acf":[],"_links":{"self":[{"href":"https:\/\/omnidexcn.com\/es\/wp-json\/wp\/v2\/pages\/1755","targetHints":{"allow":["GET"]}}],"collection":[{"href":"https:\/\/omnidexcn.com\/es\/wp-json\/wp\/v2\/pages"}],"about":[{"href":"https:\/\/omnidexcn.com\/es\/wp-json\/wp\/v2\/types\/page"}],"author":[{"embeddable":true,"href":"https:\/\/omnidexcn.com\/es\/wp-json\/wp\/v2\/users\/1"}],"replies":[{"embeddable":true,"href":"https:\/\/omnidexcn.com\/es\/wp-json\/wp\/v2\/comments?post=1755"}],"version-history":[{"count":44,"href":"https:\/\/omnidexcn.com\/es\/wp-json\/wp\/v2\/pages\/1755\/revisions"}],"predecessor-version":[{"id":2124,"href":"https:\/\/omnidexcn.com\/es\/wp-json\/wp\/v2\/pages\/1755\/revisions\/2124"}],"wp:attachment":[{"href":"https:\/\/omnidexcn.com\/es\/wp-json\/wp\/v2\/media?parent=1755"}],"curies":[{"name":"wp","href":"https:\/\/api.w.org\/{rel}","templated":true}]}}