{"id":221,"date":"2020-04-12T13:00:03","date_gmt":"2020-04-12T13:00:03","guid":{"rendered":"https:\/\/omnidexcn.com\/?page_id=221"},"modified":"2026-03-11T11:56:20","modified_gmt":"2026-03-11T03:56:20","slug":"resumen-de-capacidades","status":"publish","type":"page","link":"https:\/\/omnidexcn.com\/es\/resumen-de-capacidades\/","title":{"rendered":"Resumen de capacidades industriales"},"content":{"rendered":"<div data-elementor-type=\"wp-page\" data-elementor-id=\"221\" class=\"elementor elementor-221\" data-elementor-post-type=\"page\">\n\t\t\t\t\t\t<section class=\"elementor-section elementor-top-section elementor-element elementor-element-84faa76 elementor-section-boxed elementor-section-height-default elementor-section-height-default\" data-id=\"84faa76\" data-element_type=\"section\" data-settings=\"{&quot;background_background&quot;:&quot;classic&quot;}\">\n\t\t\t\t\t\t<div class=\"elementor-container elementor-column-gap-default\">\n\t\t\t\t\t<div class=\"elementor-column elementor-col-100 elementor-top-column elementor-element elementor-element-937fe9c\" data-id=\"937fe9c\" data-element_type=\"column\">\n\t\t\t<div class=\"elementor-widget-wrap elementor-element-populated\">\n\t\t\t\t\t\t<div class=\"elementor-element elementor-element-753e14c elementor-widget elementor-widget-services-section\" data-id=\"753e14c\" data-element_type=\"widget\" data-widget_type=\"services-section.default\">\n\t\t\t\t<div class=\"elementor-widget-container\">\n\t\t\t\t\t\t\t\t            \n            <div class=\"section-full small-device p-b40 top-half-section-outer\">\n\t\t\t\t<!-- IMAGE CAROUSEL START -->\n\t\t\t\t<div class=\"section-content clearfix\">\n\t\t\t\t\t\t\t\t\t\t\t<div class=\"section-head center wt-small-separator-outer text-center\">\n\t\t\t\t\t\t\t<div class=\"wt-small-separator site-text-primary\">\n\t\t\t\t\t\t\t\t<div class=\"sep-leaf-left\"><\/div>\n\t\t\t\t\t\t\t\t<div> Servicios industriales de alto nivel <\/div>\n\t\t\t\t\t\t\t\t<div class=\"sep-leaf-right\"><\/div>\n\t\t\t\t\t\t\t<\/div>\n\t\t\t\t\t\t\t<h2>Capacidades industriales de alto rendimiento para m\u00faltiples sectores<\/h2>\n\t\t\t\t\t\t<\/div>\t\n\t\t\t\t\t\t\t\t\t\t\t\n\t\t\t\t\t<div class=\"row d-flex justify-content-center\">\n\t\t\t\t\t\t\t\t\t\t\t\t\t<div class=\"col-lg-4 col-md-6 m-b50\">\n\t\t\t\t\t\t\t\t<div class=\"service-border-box\">\n\t\t\t\t\t\t\t\t\t<div class=\"wt-box service-box-1\">\n\t\t\t\t\t\t\t\t\t\t<div class=\"wt-icon-box-wraper\">\n\t\t\t\t\t\t\t\t\t\t\t\n\t\t\t\t\t\t\t\t\t\t\t\t\t\t\t\t\t\t\t\t\t\t\t<div class=\"wt-icon-box-md site-bg-primary site-image-icon\">\n\t\t\t\t\t\t\t\t\t\t\t\t\t<img decoding=\"async\" src=\"https:\/\/omnidexcn.com\/wp-content\/uploads\/2020\/04\/Icon6-Black.png\" alt=\"img\">\n\t\t\t\t\t\t\t\t\t\t\t\t<\/div>\n\t\t\t\t\t\t\t\t\t\t\t\t\t\t\t\t\t\t\t\t\t\t\t\n\t\t\t\t\t\t\t\t\t\t\t<div class=\"wt-icon-number\"><span>01<\/span><\/div>\n\t\t\t\t\t\t\t\t\t\t<\/div>\n\t\t\t\t\t\t\t\t\t\t<div class=\"service-box-title title-style-2 site-text-secondry\">\n\t\t\t\t\t\t\t\t\t\t\t<span class=\"s-title-one\">Fundici\u00f3n y forja<\/span>     \n\t\t\t\t\t\t\t\t\t\t<\/div>\n\t\t\t\t\t\t\t\t\t\t<div class=\"service-box-content\">\n\t\t\t\t\t\t\t\t\t\t\t                                            \n                                            <p>Fabricaci\u00f3n de piezas met\u00e1licas de precisi\u00f3n en hierro, acero, aluminio y aleaciones especiales, con soporte completo en utillaje, mecanizado, acabado, inspecci\u00f3n y log\u00edstica internacional. &nbsp;&nbsp;&nbsp;&nbsp;&nbsp;&nbsp;&nbsp;&nbsp;&nbsp;&nbsp;&nbsp;&nbsp;&nbsp;&nbsp;&nbsp;&nbsp;&nbsp;&nbsp;&nbsp;&nbsp;&nbsp;&nbsp;&nbsp;&nbsp;&nbsp;&nbsp;&nbsp;&nbsp;&nbsp;&nbsp;&nbsp;&nbsp;&nbsp;&nbsp;&nbsp;&nbsp;&nbsp;&nbsp;&nbsp;&nbsp;<\/p>\n\t\t\t\t\t\t\t\t\t\t\t<a href=\"https:\/\/omnidexcn.com\/es\/servicios\/fundicion-forja\/\" class=\"site-button-link\">Read More<\/a>\n\t\t\t\t\t\t\t\t\t\t<\/div>\n\t\t\t\t\t\t\t\t\t<\/div>\n\t\t\t\t\t\t\t\t<\/div>    \n\t\t\t\t\t\t\t<\/div>\n\t\t\t\t\t\t\t\t\t\t\t\t\t\t<div class=\"col-lg-4 col-md-6 m-b50\">\n\t\t\t\t\t\t\t\t<div class=\"service-border-box\">\n\t\t\t\t\t\t\t\t\t<div class=\"wt-box service-box-1\">\n\t\t\t\t\t\t\t\t\t\t<div class=\"wt-icon-box-wraper\">\n\t\t\t\t\t\t\t\t\t\t\t\n\t\t\t\t\t\t\t\t\t\t\t\t\t\t\t\t\t\t\t\t\t\t\t<div class=\"wt-icon-box-md site-bg-primary site-image-icon\">\n\t\t\t\t\t\t\t\t\t\t\t\t\t<img decoding=\"async\" src=\"https:\/\/omnidexcn.com\/wp-content\/uploads\/2020\/04\/fabrication.png\" alt=\"img\">\n\t\t\t\t\t\t\t\t\t\t\t\t<\/div>\n\t\t\t\t\t\t\t\t\t\t\t\t\t\t\t\t\t\t\t\t\t\t\t\n\t\t\t\t\t\t\t\t\t\t\t<div class=\"wt-icon-number\"><span>02<\/span><\/div>\n\t\t\t\t\t\t\t\t\t\t<\/div>\n\t\t\t\t\t\t\t\t\t\t<div class=\"service-box-title title-style-2 site-text-secondry\">\n\t\t\t\t\t\t\t\t\t\t\t<span class=\"s-title-one\">Fabricaci\u00f3n met\u00e1lica y soldadura<\/span>     \n\t\t\t\t\t\t\t\t\t\t<\/div>\n\t\t\t\t\t\t\t\t\t\t<div class=\"service-box-content\">\n\t\t\t\t\t\t\t\t\t\t\t                                            \n                                            <p>Fabricaci\u00f3n personalizada que incluye corte l\u00e1ser, doblado, soldadura y ensamblajes estructurales para soluciones duraderas y precisas. &nbsp;&nbsp;&nbsp;&nbsp;&nbsp;&nbsp;&nbsp;&nbsp;&nbsp;&nbsp;&nbsp;&nbsp;&nbsp;&nbsp;&nbsp;&nbsp;&nbsp;&nbsp;&nbsp;&nbsp;&nbsp;&nbsp;&nbsp;&nbsp;&nbsp;&nbsp;&nbsp;&nbsp;&nbsp;&nbsp;&nbsp;&nbsp;&nbsp;&nbsp;&nbsp;&nbsp;&nbsp;&nbsp;&nbsp;&nbsp;<\/p>\n\t\t\t\t\t\t\t\t\t\t\t<a href=\"https:\/\/omnidexcn.com\/es\/servicios\/fabrication-welding\/\" class=\"site-button-link\">Read More<\/a>\n\t\t\t\t\t\t\t\t\t\t<\/div>\n\t\t\t\t\t\t\t\t\t<\/div>\n\t\t\t\t\t\t\t\t<\/div>    \n\t\t\t\t\t\t\t<\/div>\n\t\t\t\t\t\t\t\t\t\t\t\t\t\t<div class=\"col-lg-4 col-md-6 m-b50\">\n\t\t\t\t\t\t\t\t<div class=\"service-border-box\">\n\t\t\t\t\t\t\t\t\t<div class=\"wt-box service-box-1\">\n\t\t\t\t\t\t\t\t\t\t<div class=\"wt-icon-box-wraper\">\n\t\t\t\t\t\t\t\t\t\t\t\n\t\t\t\t\t\t\t\t\t\t\t\t\t\t\t\t\t\t\t\t\t\t\t<div class=\"wt-icon-box-md site-bg-primary site-image-icon\">\n\t\t\t\t\t\t\t\t\t\t\t\t\t<img decoding=\"async\" src=\"https:\/\/omnidexcn.com\/wp-content\/uploads\/2020\/04\/cnc-machine.png\" alt=\"img\">\n\t\t\t\t\t\t\t\t\t\t\t\t<\/div>\n\t\t\t\t\t\t\t\t\t\t\t\t\t\t\t\t\t\t\t\t\t\t\t\n\t\t\t\t\t\t\t\t\t\t\t<div class=\"wt-icon-number\"><span>03<\/span><\/div>\n\t\t\t\t\t\t\t\t\t\t<\/div>\n\t\t\t\t\t\t\t\t\t\t<div class=\"service-box-title title-style-2 site-text-secondry\">\n\t\t\t\t\t\t\t\t\t\t\t<span class=\"s-title-one\">Mecanizado CNC<\/span>     \n\t\t\t\t\t\t\t\t\t\t<\/div>\n\t\t\t\t\t\t\t\t\t\t<div class=\"service-box-content\">\n\t\t\t\t\t\t\t\t\t\t\t                                            \n                                            <p>Mecanizado CNC de alta precisi\u00f3n para piezas complejas con control de tolerancias y acabados de alta calidad.<\/p>\n\t\t\t\t\t\t\t\t\t\t\t<a href=\"https:\/\/omnidexcn.com\/es\/servicios\/cnc-machining\/\" class=\"site-button-link\">Read More<\/a>\n\t\t\t\t\t\t\t\t\t\t<\/div>\n\t\t\t\t\t\t\t\t\t<\/div>\n\t\t\t\t\t\t\t\t<\/div>    \n\t\t\t\t\t\t\t<\/div>\n\t\t\t\t\t\t\t\t\t\t\t\t\t\t<div class=\"col-lg-4 col-md-6 m-b50\">\n\t\t\t\t\t\t\t\t<div class=\"service-border-box\">\n\t\t\t\t\t\t\t\t\t<div class=\"wt-box service-box-1\">\n\t\t\t\t\t\t\t\t\t\t<div class=\"wt-icon-box-wraper\">\n\t\t\t\t\t\t\t\t\t\t\t\n\t\t\t\t\t\t\t\t\t\t\t\t\t\t\t\t\t\t\t\t\t\t\t<div class=\"wt-icon-box-md site-bg-primary site-image-icon\">\n\t\t\t\t\t\t\t\t\t\t\t\t\t<img decoding=\"async\" src=\"https:\/\/omnidexcn.com\/wp-content\/uploads\/2020\/04\/plastic.png\" alt=\"img\">\n\t\t\t\t\t\t\t\t\t\t\t\t<\/div>\n\t\t\t\t\t\t\t\t\t\t\t\t\t\t\t\t\t\t\t\t\t\t\t\n\t\t\t\t\t\t\t\t\t\t\t<div class=\"wt-icon-number\"><span>04<\/span><\/div>\n\t\t\t\t\t\t\t\t\t\t<\/div>\n\t\t\t\t\t\t\t\t\t\t<div class=\"service-box-title title-style-2 site-text-secondry\">\n\t\t\t\t\t\t\t\t\t\t\t<span class=\"s-title-one\">Pl\u00e1sticos y fibra de carbono<\/span>     \n\t\t\t\t\t\t\t\t\t\t<\/div>\n\t\t\t\t\t\t\t\t\t\t<div class=\"service-box-content\">\n\t\t\t\t\t\t\t\t\t\t\t                                            \n                                            <p>Componentes pl\u00e1sticos t\u00e9cnicos y compuestos con moldeo por inyecci\u00f3n para soluciones ligeras y resistentes. &nbsp;&nbsp;&nbsp;&nbsp;&nbsp;&nbsp;&nbsp;&nbsp;&nbsp;&nbsp;&nbsp;&nbsp;&nbsp;&nbsp;&nbsp;&nbsp;&nbsp;&nbsp;&nbsp;&nbsp;&nbsp;&nbsp;&nbsp;&nbsp;&nbsp;&nbsp;&nbsp;&nbsp;&nbsp;&nbsp;&nbsp;&nbsp;&nbsp;&nbsp;&nbsp;&nbsp;&nbsp;&nbsp;&nbsp;&nbsp;<\/p>\n\t\t\t\t\t\t\t\t\t\t\t<a href=\"https:\/\/omnidexcn.com\/es\/servicios\/plastics-carbon-fiber\/\" class=\"site-button-link\">Read More<\/a>\n\t\t\t\t\t\t\t\t\t\t<\/div>\n\t\t\t\t\t\t\t\t\t<\/div>\n\t\t\t\t\t\t\t\t<\/div>    \n\t\t\t\t\t\t\t<\/div>\n\t\t\t\t\t\t\t\t\t\t\t\t\t\t<div class=\"col-lg-4 col-md-6 m-b50\">\n\t\t\t\t\t\t\t\t<div class=\"service-border-box\">\n\t\t\t\t\t\t\t\t\t<div class=\"wt-box service-box-1\">\n\t\t\t\t\t\t\t\t\t\t<div class=\"wt-icon-box-wraper\">\n\t\t\t\t\t\t\t\t\t\t\t\n\t\t\t\t\t\t\t\t\t\t\t\t\t\t\t\t\t\t\t\t\t\t\t<div class=\"wt-icon-box-md site-bg-primary site-image-icon\">\n\t\t\t\t\t\t\t\t\t\t\t\t\t<img decoding=\"async\" src=\"https:\/\/omnidexcn.com\/wp-content\/uploads\/2020\/04\/electronics.png\" alt=\"img\">\n\t\t\t\t\t\t\t\t\t\t\t\t<\/div>\n\t\t\t\t\t\t\t\t\t\t\t\t\t\t\t\t\t\t\t\t\t\t\t\n\t\t\t\t\t\t\t\t\t\t\t<div class=\"wt-icon-number\"><span>05<\/span><\/div>\n\t\t\t\t\t\t\t\t\t\t<\/div>\n\t\t\t\t\t\t\t\t\t\t<div class=\"service-box-title title-style-2 site-text-secondry\">\n\t\t\t\t\t\t\t\t\t\t\t<span class=\"s-title-one\">Fabricaci\u00f3n electr\u00f3nica<\/span>     \n\t\t\t\t\t\t\t\t\t\t<\/div>\n\t\t\t\t\t\t\t\t\t\t<div class=\"service-box-content\">\n\t\t\t\t\t\t\t\t\t\t\t                                            \n                                            <p>Servicios electr\u00f3nicos integrados con ensamblaje PCB, suministro de componentes y pruebas funcionales. &nbsp;&nbsp;&nbsp;&nbsp;&nbsp;&nbsp;&nbsp;&nbsp;&nbsp;&nbsp;&nbsp;&nbsp;&nbsp;&nbsp;&nbsp;&nbsp;&nbsp;&nbsp;&nbsp;&nbsp;&nbsp;&nbsp;&nbsp;&nbsp;&nbsp;&nbsp;&nbsp;&nbsp;&nbsp;&nbsp;&nbsp;&nbsp;&nbsp;&nbsp;&nbsp;&nbsp;&nbsp;&nbsp;&nbsp;&nbsp;<\/p>\n\t\t\t\t\t\t\t\t\t\t\t<a href=\"https:\/\/omnidexcn.com\/es\/servicios\/electronics-manufacturing\/\" class=\"site-button-link\">Read More<\/a>\n\t\t\t\t\t\t\t\t\t\t<\/div>\n\t\t\t\t\t\t\t\t\t<\/div>\n\t\t\t\t\t\t\t\t<\/div>    \n\t\t\t\t\t\t\t<\/div>\n\t\t\t\t\t\t\t\t\t\t\t\t\t\t<div class=\"col-lg-4 col-md-6 m-b50\">\n\t\t\t\t\t\t\t\t<div class=\"service-border-box\">\n\t\t\t\t\t\t\t\t\t<div class=\"wt-box service-box-1\">\n\t\t\t\t\t\t\t\t\t\t<div class=\"wt-icon-box-wraper\">\n\t\t\t\t\t\t\t\t\t\t\t\n\t\t\t\t\t\t\t\t\t\t\t\t\t\t\t\t\t\t\t\t\t\t\t<div class=\"wt-icon-box-md site-bg-primary site-image-icon\">\n\t\t\t\t\t\t\t\t\t\t\t\t\t<img decoding=\"async\" src=\"https:\/\/omnidexcn.com\/wp-content\/uploads\/2020\/04\/turnkey.png\" alt=\"img\">\n\t\t\t\t\t\t\t\t\t\t\t\t<\/div>\n\t\t\t\t\t\t\t\t\t\t\t\t\t\t\t\t\t\t\t\t\t\t\t\n\t\t\t\t\t\t\t\t\t\t\t<div class=\"wt-icon-number\"><span>06<\/span><\/div>\n\t\t\t\t\t\t\t\t\t\t<\/div>\n\t\t\t\t\t\t\t\t\t\t<div class=\"service-box-title title-style-2 site-text-secondry\">\n\t\t\t\t\t\t\t\t\t\t\t<span class=\"s-title-one\">Fabricaci\u00f3n llave en mano y cadena de suministro<\/span>     \n\t\t\t\t\t\t\t\t\t\t<\/div>\n\t\t\t\t\t\t\t\t\t\t<div class=\"service-box-content\">\n\t\t\t\t\t\t\t\t\t\t\t                                            \n                                            <p>Soluciones completas que gestionan todo el proceso, desde el desarrollo hasta la entrega internacional, con un \u00fanico responsable.<\/p>\n\t\t\t\t\t\t\t\t\t\t\t<a href=\"https:\/\/omnidexcn.com\/es\/servicios\/turnkey-manufacturing\/\" class=\"site-button-link\">Read More<\/a>\n\t\t\t\t\t\t\t\t\t\t<\/div>\n\t\t\t\t\t\t\t\t\t<\/div>\n\t\t\t\t\t\t\t\t<\/div>    \n\t\t\t\t\t\t\t<\/div>\n\t\t\t\t\t\t\t\t\t\t\t\t<\/div>\n\t\t\t\t<\/div>\n\t\t\t<\/div>\n            \n            \n\t\t\t\t\t\t\t<\/div>\n\t\t\t\t<\/div>\n\t\t\t\t<div class=\"elementor-element elementor-element-3d94aa8 elementor-align-center elementor-widget elementor-widget-button\" data-id=\"3d94aa8\" data-element_type=\"widget\" data-widget_type=\"button.default\">\n\t\t\t\t<div class=\"elementor-widget-container\">\n\t\t\t\t\t\t\t\t\t<div class=\"elementor-button-wrapper\">\n\t\t\t\t\t<a class=\"elementor-button elementor-button-link elementor-size-sm\" href=\"https:\/\/omnidexcn.com\/es\/contacto\/\" target=\"_blank\">\n\t\t\t\t\t\t<span class=\"elementor-button-content-wrapper\">\n\t\t\t\t\t\t<span class=\"elementor-button-icon\">\n\t\t\t\t<i aria-hidden=\"true\" class=\"far fa-arrow-alt-circle-right\"><\/i>\t\t\t<\/span>\n\t\t\t\t\t\t\t\t\t<span class=\"elementor-button-text\">Solicitar presupuesto<\/span>\n\t\t\t\t\t<\/span>\n\t\t\t\t\t<\/a>\n\t\t\t\t<\/div>\n\t\t\t\t\t\t\t\t<\/div>\n\t\t\t\t<\/div>\n\t\t\t\t\t<\/div>\n\t\t<\/div>\n\t\t\t\t\t<\/div>\n\t\t<\/section>\n\t\t\t\t<\/div>","protected":false},"excerpt":{"rendered":"<p>The Best Industry services High Performance Capabilities For Multiple Industries! 01 Casting &amp; Forging Precision metal castings in iron, steel, aluminium and specialist alloys, supported by full tooling design, pattern development, machining, finishing, inspection, and global logistics \u2014 from prototypes to high-volume production runs. &nbsp;&nbsp;&nbsp;&nbsp;&nbsp;&nbsp;&nbsp;&nbsp;&nbsp;&nbsp;&nbsp;&nbsp;&nbsp;&nbsp;&nbsp;&nbsp;&nbsp;&nbsp;&nbsp;&nbsp;&nbsp;&nbsp;&nbsp;&nbsp;&nbsp;&nbsp;&nbsp;&nbsp;&nbsp;&nbsp;&nbsp;&nbsp;&nbsp;&nbsp;&nbsp;&nbsp;&nbsp;&nbsp;&nbsp;&nbsp; Read More 02 Fabrication &amp; Welding Custom metal fabrication covering [&hellip;]<\/p>","protected":false},"author":1,"featured_media":0,"parent":0,"menu_order":0,"comment_status":"closed","ping_status":"closed","template":"","meta":{"_acf_changed":false,"pagelayer_contact_templates":[],"_pagelayer_content":"","footnotes":""},"class_list":["post-221","page","type-page","status-publish","hentry"],"acf":[],"_links":{"self":[{"href":"https:\/\/omnidexcn.com\/es\/wp-json\/wp\/v2\/pages\/221","targetHints":{"allow":["GET"]}}],"collection":[{"href":"https:\/\/omnidexcn.com\/es\/wp-json\/wp\/v2\/pages"}],"about":[{"href":"https:\/\/omnidexcn.com\/es\/wp-json\/wp\/v2\/types\/page"}],"author":[{"embeddable":true,"href":"https:\/\/omnidexcn.com\/es\/wp-json\/wp\/v2\/users\/1"}],"replies":[{"embeddable":true,"href":"https:\/\/omnidexcn.com\/es\/wp-json\/wp\/v2\/comments?post=221"}],"version-history":[{"count":31,"href":"https:\/\/omnidexcn.com\/es\/wp-json\/wp\/v2\/pages\/221\/revisions"}],"predecessor-version":[{"id":1936,"href":"https:\/\/omnidexcn.com\/es\/wp-json\/wp\/v2\/pages\/221\/revisions\/1936"}],"wp:attachment":[{"href":"https:\/\/omnidexcn.com\/es\/wp-json\/wp\/v2\/media?parent=221"}],"curies":[{"name":"wp","href":"https:\/\/api.w.org\/{rel}","templated":true}]}}