{"id":1755,"date":"2026-02-18T15:19:33","date_gmt":"2026-02-18T07:19:33","guid":{"rendered":"https:\/\/omnidexcn.com\/?page_id=1755"},"modified":"2026-03-13T23:31:26","modified_gmt":"2026-03-13T15:31:26","slug":"turnkey-how-it-works","status":"publish","type":"page","link":"https:\/\/omnidexcn.com\/fr\/turnkey-how-it-works\/","title":{"rendered":"Processus de fabrication cl\u00e9 en main"},"content":{"rendered":"<div data-elementor-type=\"wp-page\" data-elementor-id=\"1755\" class=\"elementor elementor-1755\" data-elementor-post-type=\"page\">\n\t\t\t\t\t\t<section class=\"elementor-section elementor-top-section elementor-element elementor-element-b866b70 elementor-section-boxed elementor-section-height-default elementor-section-height-default\" data-id=\"b866b70\" data-element_type=\"section\">\n\t\t\t\t\t\t<div class=\"elementor-container elementor-column-gap-default\">\n\t\t\t\t\t<div class=\"elementor-column elementor-col-100 elementor-top-column elementor-element elementor-element-8b7dad8\" data-id=\"8b7dad8\" data-element_type=\"column\">\n\t\t\t<div class=\"elementor-widget-wrap elementor-element-populated\">\n\t\t\t\t\t\t<div class=\"elementor-element elementor-element-1fffe13 elementor-widget elementor-widget-spacer\" data-id=\"1fffe13\" data-element_type=\"widget\" data-widget_type=\"spacer.default\">\n\t\t\t\t<div class=\"elementor-widget-container\">\n\t\t\t\t\t\t\t<div class=\"elementor-spacer\">\n\t\t\t<div class=\"elementor-spacer-inner\"><\/div>\n\t\t<\/div>\n\t\t\t\t\t\t<\/div>\n\t\t\t\t<\/div>\n\t\t\t\t<div class=\"elementor-element elementor-element-90be52e elementor-widget elementor-widget-text-editor\" data-id=\"90be52e\" data-element_type=\"widget\" data-widget_type=\"text-editor.default\">\n\t\t\t\t<div class=\"elementor-widget-container\">\n\t\t\t\t\t\t\t\t\t<h2>Comment fonctionnent les solutions cl\u00e9 en main Omnidex<\/h2><p>Les solutions cl\u00e9 en main d\u2019Omnidex s\u2019adaptent aux besoins sp\u00e9cifiques de chaque projet, qu\u2019il s\u2019agisse de quelques \u00e9tapes ou d\u2019un programme complet. Les clients peuvent intervenir \u00e0 tout moment, du concept \u00e0 la livraison, tout en conservant visibilit\u00e9 et contr\u00f4le.<\/p><h2><span style=\"color: #000000;\"><strong>Fabrication \u00e9volutive pour tous volumes<\/strong><\/span><\/h2><p>Contrairement aux fournisseurs classiques, Omnidex propose une approche flexible et \u00e9volutive, adapt\u00e9e du prototype \u00e0 la production de masse.<\/p>\t\t\t\t\t\t\t\t<\/div>\n\t\t\t\t<\/div>\n\t\t\t\t<div class=\"elementor-element elementor-element-0c63879 elementor-widget elementor-widget-heading\" data-id=\"0c63879\" data-element_type=\"widget\" data-widget_type=\"heading.default\">\n\t\t\t\t<div class=\"elementor-widget-container\">\n\t\t\t\t\t<h2 class=\"elementor-heading-title elementor-size-default\">Le processus turnkey Omnidex<\/h2>\t\t\t\t<\/div>\n\t\t\t\t<\/div>\n\t\t\t\t<div class=\"elementor-element elementor-element-f2d2156 elementor-widget__width-initial elementor-widget elementor-widget-html\" data-id=\"f2d2156\" data-element_type=\"widget\" data-widget_type=\"html.default\">\n\t\t\t\t<div class=\"elementor-widget-container\">\n\t\t\t\t\t<h2 align=\"center\">Processus de fabrication cl\u00e9 en main \u2014 Fonctionnement<\/h2>\r\n\r\n<!-- OMNIDEX TURNKEY PROCESS CHART (RESPONSIVE) -->\r\n<section class=\"omx-turnkey-chart\" aria-label=\"Omnidex Turnkey Process Chart\">\r\n  <!-- CORE FLOW (always shown) -->\r\n  <div class=\"omx-flow omx-flow-core\">\r\n    <div class=\"omx-node omx-node-start\">\r\n      <h3>Demande<\/h3>\r\n      <p>Exigences initiales, plans, quantit\u00e9s, co\u00fbt cible et d\u00e9lais.<\/p>\r\n    <\/div>\r\n\r\n    <div class=\"omx-arrow\" aria-hidden=\"true\"><\/div>\r\n\r\n    <div class=\"omx-node\">\r\n      <h3>Analyse technique<\/h3>\r\n      <p>Faisabilit\u00e9, mat\u00e9riaux, tol\u00e9rances, risques et conformit\u00e9.<\/p>\r\n    <\/div>\r\n\r\n    <div class=\"omx-arrow\" aria-hidden=\"true\"><\/div>\r\n\r\n    <div class=\"omx-node\">\r\n      <h3>Choix du processus<\/h3>\r\n      <p>S\u00e9lection des proc\u00e9d\u00e9s requis.<\/p>\r\n    <\/div>\r\n\r\n    <div class=\"omx-arrow\" aria-hidden=\"true\"><\/div>\r\n\r\n    <div class=\"omx-node\">\r\n      <h3>Devis et planification<\/h3>\r\n      <p>Co\u00fbts, d\u00e9lais, plan qualit\u00e9 et conditions.<\/p>\r\n    <\/div>\r\n\r\n    <div class=\"omx-arrow\" aria-hidden=\"true\"><\/div>\r\n\r\n    <div class=\"omx-node\">\r\n      <h3>Production<\/h3>\r\n      <p>Fabrication coordonn\u00e9e.<\/p>\r\n    <\/div>\r\n\r\n    <div class=\"omx-arrow\" aria-hidden=\"true\"><\/div>\r\n\r\n    <div class=\"omx-node\">\r\n      <h3>Contr\u00f4le qualit\u00e9 et v\u00e9rification<\/h3>\r\n      <p>Inspection, tests, documentation et actions correctives.<\/p>\r\n    <\/div>\r\n\r\n    <div class=\"omx-arrow\" aria-hidden=\"true\"><\/div>\r\n\r\n    <div class=\"omx-node omx-node-end\">\r\n      <h3>Livraison<\/h3>\r\n      <p>Emballage, documents export, exp\u00e9dition et suivi.<\/p>\r\n    <\/div>\r\n  <\/div>\r\n\r\n  <!-- OPTIONAL ROUTES (desktop\/tablet: shown as cards; mobile: collapsible) -->\r\n  <div class=\"omx-optional\">\r\n    <div class=\"omx-optional-desktop\" aria-label=\"Optional process routes (desktop)\">\r\n      <h4>Processus optionnels (ajouter uniquement si n\u00e9cessaire)<\/h4>\r\n      <div class=\"omx-grid\">\r\n        <div class=\"omx-chip\"><strong>Fonderie<\/strong><br><span>Outillage, mod\u00e8les, fonderie, traitement thermique<\/span><\/div>\r\n        <div class=\"omx-chip\"><strong>Usinage CNC<\/strong><br><span>Fraisage, tournage, rectification<\/span><\/div>\r\n        <div class=\"omx-chip\"><strong>Fabrication<\/strong><br><span>D\u00e9coupe, pliage, soudage<\/span><\/div>\r\n        <div class=\"omx-chip\"><strong>Plastiques<\/strong><br><span>Injection, usinage<\/span><\/div>\r\n        <div class=\"omx-chip\"><strong>\u00c9lectronique<\/strong><br><span>PCB\/SMT, c\u00e2blage, tests<\/span><\/div>\r\n        <div class=\"omx-chip\"><strong>Assemblage et test<\/strong><br><span>Sous-ensembles, test fonctionnel<\/span><\/div>\r\n        <div class=\"omx-chip\"><strong>Finition<\/strong><br><span>Peinture, rev\u00eatement<\/span><\/div>\r\n        <div class=\"omx-chip\"><strong>Logistique<\/strong><br><span>Emballage, documents export<\/span><\/div>\r\n      <\/div>\r\n    <\/div>\r\n\r\n    <details class=\"omx-optional-mobile\">\r\n      <summary><strong>Optional process routes<\/strong> (tap to expand)<\/summary>\r\n      <div class=\"omx-grid\">\r\n        <div class=\"omx-chip\"><strong>Fonderie<\/strong><br><span>Outillage, mod\u00e8les, fonderie, traitement thermique<\/span><\/div>\r\n        <div class=\"omx-chip\"><strong>Usinage CNC<\/strong><br><span>Fraisage, tournage, rectification<\/span><\/div>\r\n        <div class=\"omx-chip\"><strong>Fabrication<\/strong><br><span>D\u00e9coupe, pliage, soudage<\/span><\/div>\r\n        <div class=\"omx-chip\"><strong>Plastiques<\/strong><br><span>Injection, usinage<\/span><\/div>\r\n        <div class=\"omx-chip\"><strong>\u00c9lectronique<\/strong><br><span>PCB\/SMT, c\u00e2blage, tests<\/span><\/div>\r\n        <div class=\"omx-chip\"><strong>Assemblage et test<\/strong><br><span>Sous-ensembles, test fonctionnel<\/span><\/div>\r\n        <div class=\"omx-chip\"><strong>Finition<\/strong><br><span>Peinture, rev\u00eatement<\/span><\/div>\r\n        <div class=\"omx-chip\"><strong>Logistique<\/strong><br><span>Emballage, documents export<\/span><\/div>\r\n      <\/div>\r\n    <\/details>\r\n  <\/div>\r\n\r\n  <p class=\"omx-note\">\r\n    <strong>Le flux principal est toujours suivi,<\/strong> avec des \u00e9tapes ajout\u00e9es uniquement si n\u00e9cessaire, adapt\u00e9 du prototype \u00e0 la production.\r\n  <\/p>\r\n<\/section>\r\n\r\n\t\t\t\t<\/div>\n\t\t\t\t<\/div>\n\t\t\t\t<section class=\"elementor-section elementor-inner-section elementor-element elementor-element-79e634d elementor-section-boxed elementor-section-height-default elementor-section-height-default\" data-id=\"79e634d\" data-element_type=\"section\">\n\t\t\t\t\t\t<div class=\"elementor-container elementor-column-gap-default\">\n\t\t\t\t\t<div class=\"elementor-column elementor-col-100 elementor-inner-column elementor-element elementor-element-6699360\" data-id=\"6699360\" data-element_type=\"column\">\n\t\t\t<div class=\"elementor-widget-wrap elementor-element-populated\">\n\t\t\t\t\t\t<div class=\"elementor-element elementor-element-4a6d068 elementor-align-center elementor-widget elementor-widget-button\" data-id=\"4a6d068\" data-element_type=\"widget\" data-widget_type=\"button.default\">\n\t\t\t\t<div class=\"elementor-widget-container\">\n\t\t\t\t\t\t\t\t\t<div class=\"elementor-button-wrapper\">\n\t\t\t\t\t<a class=\"elementor-button elementor-button-link elementor-size-sm\" href=\"https:\/\/omnidexcn.com\/fr\/contact-us\/\" target=\"_blank\">\n\t\t\t\t\t\t<span class=\"elementor-button-content-wrapper\">\n\t\t\t\t\t\t<span class=\"elementor-button-icon\">\n\t\t\t\t<i aria-hidden=\"true\" class=\"far fa-arrow-alt-circle-right\"><\/i>\t\t\t<\/span>\n\t\t\t\t\t\t\t\t\t<span class=\"elementor-button-text\">Demander un devis<\/span>\n\t\t\t\t\t<\/span>\n\t\t\t\t\t<\/a>\n\t\t\t\t<\/div>\n\t\t\t\t\t\t\t\t<\/div>\n\t\t\t\t<\/div>\n\t\t\t\t\t<\/div>\n\t\t<\/div>\n\t\t\t\t\t<\/div>\n\t\t<\/section>\n\t\t\t\t<div class=\"elementor-element elementor-element-382ab91 elementor-widget elementor-widget-text-editor\" data-id=\"382ab91\" data-element_type=\"widget\" data-widget_type=\"text-editor.default\">\n\t\t\t\t<div class=\"elementor-widget-container\">\n\t\t\t\t\t\t\t\t\t<h2><strong>Fonctionnement de la structure<\/strong><\/h2><p>La structure permet d\u2019adapter les processus selon les exigences, garantissant efficacit\u00e9 et contr\u00f4le qualit\u00e9.<\/p><h2><strong>Solutions de fabrication personnalis\u00e9es<\/strong><\/h2><p>Avec un interlocuteur unique, Omnidex simplifie la cha\u00eene d\u2019approvisionnement et r\u00e9duit les risques.<\/p>\t\t\t\t\t\t\t\t<\/div>\n\t\t\t\t<\/div>\n\t\t\t\t\t<\/div>\n\t\t<\/div>\n\t\t\t\t\t<\/div>\n\t\t<\/section>\n\t\t\t\t<section class=\"elementor-section elementor-top-section elementor-element elementor-element-5f14a8a elementor-section-boxed elementor-section-height-default elementor-section-height-default\" data-id=\"5f14a8a\" data-element_type=\"section\">\n\t\t\t\t\t\t<div class=\"elementor-container elementor-column-gap-default\">\n\t\t\t\t\t<div class=\"elementor-column elementor-col-100 elementor-top-column elementor-element elementor-element-b40cec8\" data-id=\"b40cec8\" data-element_type=\"column\">\n\t\t\t<div class=\"elementor-widget-wrap elementor-element-populated\">\n\t\t\t\t\t\t<div class=\"elementor-element elementor-element-73153bd elementor-widget elementor-widget-spacer\" data-id=\"73153bd\" data-element_type=\"widget\" data-widget_type=\"spacer.default\">\n\t\t\t\t<div class=\"elementor-widget-container\">\n\t\t\t\t\t\t\t<div class=\"elementor-spacer\">\n\t\t\t<div class=\"elementor-spacer-inner\"><\/div>\n\t\t<\/div>\n\t\t\t\t\t\t<\/div>\n\t\t\t\t<\/div>\n\t\t\t\t\t<\/div>\n\t\t<\/div>\n\t\t\t\t\t<\/div>\n\t\t<\/section>\n\t\t\t\t<\/div>","protected":false},"excerpt":{"rendered":"<p>How Omnidex Turnkey Solutions Work Omnidex turnkey manufacturing solutions are designed to adapt precisely to the needs of each project, whether the requirement is a small number of production steps or a fully integrated multi-disciplinary manufacturing programme. Our structured process allows customers to engage at any stage \u2014 from early concept development through to complete [&hellip;]<\/p>","protected":false},"author":1,"featured_media":0,"parent":0,"menu_order":0,"comment_status":"closed","ping_status":"closed","template":"","meta":{"_acf_changed":false,"pagelayer_contact_templates":[],"_pagelayer_content":"","footnotes":""},"class_list":["post-1755","page","type-page","status-publish","hentry"],"acf":[],"_links":{"self":[{"href":"https:\/\/omnidexcn.com\/fr\/wp-json\/wp\/v2\/pages\/1755","targetHints":{"allow":["GET"]}}],"collection":[{"href":"https:\/\/omnidexcn.com\/fr\/wp-json\/wp\/v2\/pages"}],"about":[{"href":"https:\/\/omnidexcn.com\/fr\/wp-json\/wp\/v2\/types\/page"}],"author":[{"embeddable":true,"href":"https:\/\/omnidexcn.com\/fr\/wp-json\/wp\/v2\/users\/1"}],"replies":[{"embeddable":true,"href":"https:\/\/omnidexcn.com\/fr\/wp-json\/wp\/v2\/comments?post=1755"}],"version-history":[{"count":44,"href":"https:\/\/omnidexcn.com\/fr\/wp-json\/wp\/v2\/pages\/1755\/revisions"}],"predecessor-version":[{"id":2124,"href":"https:\/\/omnidexcn.com\/fr\/wp-json\/wp\/v2\/pages\/1755\/revisions\/2124"}],"wp:attachment":[{"href":"https:\/\/omnidexcn.com\/fr\/wp-json\/wp\/v2\/media?parent=1755"}],"curies":[{"name":"wp","href":"https:\/\/api.w.org\/{rel}","templated":true}]}}