{"id":213,"date":"2020-04-12T12:58:14","date_gmt":"2020-04-12T12:58:14","guid":{"rendered":"https:\/\/omnidexcn.com\/?page_id=213"},"modified":"2026-03-10T17:49:32","modified_gmt":"2026-03-10T09:49:32","slug":"a-propos-de-nous","status":"publish","type":"page","link":"https:\/\/omnidexcn.com\/fr\/a-propos-de-nous\/","title":{"rendered":"\u00c0 propos d\u2019Omnidex"},"content":{"rendered":"<div data-elementor-type=\"wp-page\" data-elementor-id=\"213\" class=\"elementor elementor-213\" data-elementor-post-type=\"page\">\n\t\t\t\t\t\t<section class=\"elementor-section elementor-top-section elementor-element elementor-element-62aa013 elementor-section-boxed elementor-section-height-default elementor-section-height-default\" data-id=\"62aa013\" data-element_type=\"section\">\n\t\t\t\t\t\t<div class=\"elementor-container elementor-column-gap-default\">\n\t\t\t\t\t<div class=\"elementor-column elementor-col-100 elementor-top-column elementor-element elementor-element-48332c3\" data-id=\"48332c3\" data-element_type=\"column\">\n\t\t\t<div class=\"elementor-widget-wrap elementor-element-populated\">\n\t\t\t\t\t\t<div class=\"elementor-element elementor-element-56b468f elementor-widget elementor-widget-welcome-section\" data-id=\"56b468f\" data-element_type=\"widget\" data-widget_type=\"welcome-section.default\">\n\t\t\t\t<div class=\"elementor-widget-container\">\n\t\t\t\t\t\t\t\t<div class=\"row\">\n\t\t\t\t<div class=\"col-lg-6 col-md-12 m-b30\">\n\t\t\t\t\t<div class=\"welcom-to-section\">\n\t\t\t\t\t\t<!-- TITLE START-->\n\t\t\t\t\t\t\t\t\t\t\t\t\n\t\t\t\t\t\t\t\t\t\t\t\t\t<h2>Un partenaire de  <span>fabrication pilot\u00e9 <\/span>par l\u2019ing\u00e9nierie<\/h2>\n\t\t\t\t\t\t\t\t\n\t\t\t\t\t\t\t\t\t\t\t\t\t\t\t\t\t\t\t\tOmnidex est une entreprise internationale d\u2019ing\u00e9nierie et de fabrication au service des secteurs industriel, m\u00e9dical, \u00e9lectronique et technologique. Cr\u00e9\u00e9e pour combler l\u2019\u00e9cart entre conception et production fiable, Omnidex agit comme un partenaire de fabrication pilot\u00e9 plut\u00f4t que comme un simple fournisseur.\n<br><br>\nNotre r\u00f4le est d\u2019assurer une interpr\u00e9tation pr\u00e9cise des exigences techniques, un contr\u00f4le des processus et une qualit\u00e9 constante. Les clients collaborent avec Omnidex pour simplifier la cha\u00eene d\u2019approvisionnement tout en conservant un contr\u00f4le technique.\n<br><br>\t\t\t\t\t\t\t\t\t\t\t\t\t\n\t\t\t\t\t\t\t\t\t\t\t\t  \n\t\t\t\t\t<\/div>\n\t\t\t\t<\/div>\n\t\t\t\t<div class=\"col-lg-6 col-md-12 m-b30\">\n\t\t\t\t\t<div class=\"img-colarge2\">\n\t\t\t\t\t\t<div class=\"colarge-2 slide-right\">\n\t\t\t\t\t\t\t<img decoding=\"async\" src=\"https:\/\/omnidexcn.com\/wp-content\/uploads\/2025\/12\/about-page-optimized.jpg\" alt=\"img\">\n\t\t\t\t\t\t<\/div>\n\t\t\t\t\t\t<div class=\"colarge-2-1\">\n\t\t\t\t\t\t\t<img decoding=\"async\" src=\"https:\/\/omnidexcn.com\/wp-content\/uploads\/2025\/12\/about-page-2-optimized.jpg\" alt=\"\">\t\t\t\t\t\t\t<\/div>\n\t\t\t\t\t\t<div class=\"since-year-outer2\">\n\t\t\t\t\t\t\t<div class=\"since-year2\">\n\t\t\t\t\t\t\t\t\t\t\t\t\t\t\t\t\t<span>Depuis<\/span>\n\t\t\t\t\t\t\t\t\t\t\t\t\t\t\t\t\t\n\t\t\t\t\t\t\t\t\t\t\t\t\t\t\t\t\t<strong>2003<\/strong>\n\t\t\t\t\t\t\t\t\t\t\t\t\t\t\t\t\t\n\t\t\t\t\t\t\t<\/div>\n\t\t\t\t\t\t<\/div>\n\t\t\t\t\t\t\n\t\t\t\t\t<\/div>\n\t\t\t\t<\/div>\n\t\t\t<\/div>\n\t\t\t\t\t\t\t<\/div>\n\t\t\t\t<\/div>\n\t\t\t\t\t<\/div>\n\t\t<\/div>\n\t\t\t\t\t<\/div>\n\t\t<\/section>\n\t\t\t\t<section class=\"elementor-section elementor-top-section elementor-element elementor-element-645d613 elementor-section-boxed elementor-section-height-default elementor-section-height-default\" data-id=\"645d613\" data-element_type=\"section\">\n\t\t\t\t\t\t<div class=\"elementor-container elementor-column-gap-default\">\n\t\t\t\t\t<div class=\"elementor-column elementor-col-100 elementor-top-column elementor-element elementor-element-03fe0e4\" data-id=\"03fe0e4\" data-element_type=\"column\">\n\t\t\t<div class=\"elementor-widget-wrap elementor-element-populated\">\n\t\t\t\t\t\t<div class=\"elementor-element elementor-element-43bfc24 elementor-widget elementor-widget-welcome-section\" data-id=\"43bfc24\" data-element_type=\"widget\" data-widget_type=\"welcome-section.default\">\n\t\t\t\t<div class=\"elementor-widget-container\">\n\t\t\t\t\t\t\t\t<!-- ABOUT SECTION START -->\n            <div class=\"section-full welcome-section-outer\">\n            \t<div class=\"welcome-section-top bg-white p-t80 p-b40\">\n\t\t\t\t\t<div class=\"container\">\n\t\t\t\t\t\t<div class=\"row\">\n\t\t\t\t\t\t\t<div class=\"col-lg-6 col-md-12\">\n\t\t\t\t\t\t\t\t<div class=\"img-colarge-new\">\n\t\t\t\t\t\t\t\t\t<div class=\"colarge-1-new\">\n\t\t\t\t\t\t\t\t\t\t<img decoding=\"async\" src=\"https:\/\/omnidexcn.com\/wp-content\/uploads\/2025\/12\/P3-omnidex-technical-team-collaboration-manufacturing-optimized-1.jpg\" alt=\"\" class=\"slide-righ\">\t\t\t\t\t\t\t\t\t\t\n\t\t\t\t\t\t\t\t\t<\/div>\n\t\t\t\t\t\t\t\t<\/div>\n\t\t\t\t\t\t\t<\/div>\n\t\t\t\t\t\t\t<div class=\"col-lg-6 col-md-12\">\n\t\t\t\t\t\t\t\t<div class=\"welcom-to-section-new\">\n\t\t\t\t\t\t\t\t\t<!-- TITLE START-->\n\t\t\t\t\t\t\t\t\t\t\t\t\t\t\t\t\t\t\n\t\t\t\t\t\t\t\t\t\t\t\t\t\t\t\t\t\t\t<h2>Comment nous travaillons <span>Travail<\/span><\/h2>\n\t\t\t\t\t\t\t\t\t\t\t\n\t\t\t\t\t\t\t\t\t\t\t\t\t\t\t\t\t\t\t\t\t\t\t\t\t\t\t\t\tChaque projet d\u00e9bute par une revue d\u2019ing\u00e9nierie afin de d\u00e9finir clairement les sp\u00e9cifications et m\u00e9thodes de fabrication.\n<br><br>\nEn combinant supervision technique et fabrication coordonn\u00e9e, Omnidex r\u00e9duit les risques et am\u00e9liore la r\u00e9gularit\u00e9.\n<br><br>\nLe contr\u00f4le qualit\u00e9 est int\u00e9gr\u00e9 \u00e0 l\u2019ensemble du cycle de fabrication et non limit\u00e9 \u00e0 une \u00e9tape finale.\n\t\t\t\t\t\t\t\t\t\t\t\t\t\t\t\t\t\t\t\n\t\t\t\t\t\t\t\t\t\t\t\t\t\t\t\t\t\t  \n\t\t\t\t\t\t\t\t<\/div>\n\t\t\t\t\t\t\t<\/div>\n\n\t\t\t\t\t\t<\/div>\n\t\t\t\t\t<\/div>\n                <\/div>\n            <\/div>\n\t\t\t\t\t\t\t<\/div>\n\t\t\t\t<\/div>\n\t\t\t\t\t<\/div>\n\t\t<\/div>\n\t\t\t\t\t<\/div>\n\t\t<\/section>\n\t\t\t\t<section class=\"elementor-section elementor-top-section elementor-element elementor-element-6771d03 elementor-section-boxed elementor-section-height-default elementor-section-height-default\" data-id=\"6771d03\" data-element_type=\"section\">\n\t\t\t\t\t\t<div class=\"elementor-container elementor-column-gap-default\">\n\t\t\t\t\t<div class=\"elementor-column elementor-col-100 elementor-top-column elementor-element elementor-element-252365f\" data-id=\"252365f\" data-element_type=\"column\">\n\t\t\t<div class=\"elementor-widget-wrap elementor-element-populated\">\n\t\t\t\t\t\t<div class=\"elementor-element elementor-element-16e7f0a elementor-widget elementor-widget-welcome-section\" data-id=\"16e7f0a\" data-element_type=\"widget\" data-widget_type=\"welcome-section.default\">\n\t\t\t\t<div class=\"elementor-widget-container\">\n\t\t\t\t\t\t\t\t<div class=\"row\">\n\t\t\t\t<div class=\"col-lg-6 col-md-12 m-b30\">\n\t\t\t\t\t<div class=\"welcom-to-section\">\n\t\t\t\t\t\t<!-- TITLE START-->\n\t\t\t\t\t\t\t\t\t\t\t\t\n\t\t\t\t\t\t\t\t\t\t\t\t\t<h2><br><br>Direction et <span>Gouvernance<\/span><\/h2>\n\t\t\t\t\t\t\t\t\n\t\t\t\t\t\t\t\t\t\t\t\t\t\t\t\t\t\t\t\tOmnidex est dirig\u00e9e par une \u00e9quipe exp\u00e9riment\u00e9e en ing\u00e9nierie et fabrication.\n<br><br>\nLa direction strat\u00e9gique est assur\u00e9e par la direction g\u00e9n\u00e9rale, tandis que les \u00e9quipes locales g\u00e8rent les op\u00e9rations quotidiennes avec r\u00e9activit\u00e9.\t\t\t\t\t\t\t\t\t\t\t\t\t\n\t\t\t\t\t\t\t\t\t\t\t\t  \n\t\t\t\t\t<\/div>\n\t\t\t\t<\/div>\n\t\t\t\t<div class=\"col-lg-6 col-md-12 m-b30\">\n\t\t\t\t\t<div class=\"img-colarge2\">\n\t\t\t\t\t\t<div class=\"colarge-2 slide-right\">\n\t\t\t\t\t\t\t<img decoding=\"async\" src=\"https:\/\/omnidexcn.com\/wp-content\/uploads\/2025\/12\/about-page-3-optimized.jpg\" alt=\"img\">\n\t\t\t\t\t\t<\/div>\n\t\t\t\t\t\t<div class=\"colarge-2-1\">\n\t\t\t\t\t\t\t<img decoding=\"async\" src=\"https:\/\/omnidexcn.com\/wp-content\/uploads\/2025\/12\/about-page-4-optimized.jpg\" alt=\"\">\t\t\t\t\t\t\t<\/div>\n\t\t\t\t\t\t<div class=\"since-year-outer2\">\n\t\t\t\t\t\t\t<div class=\"since-year2\">\n\t\t\t\t\t\t\t\t\t\t\t\t\t\t\t\t\n\t\t\t\t\t\t\t\t\t\t\t\t\t\t\t\t\n\t\t\t\t\t\t\t<\/div>\n\t\t\t\t\t\t<\/div>\n\t\t\t\t\t\t\n\t\t\t\t\t<\/div>\n\t\t\t\t<\/div>\n\t\t\t<\/div>\n\t\t\t\t\t\t\t<\/div>\n\t\t\t\t<\/div>\n\t\t\t\t\t<\/div>\n\t\t<\/div>\n\t\t\t\t\t<\/div>\n\t\t<\/section>\n\t\t\t\t<section class=\"elementor-section elementor-top-section elementor-element elementor-element-ebea4f8 elementor-section-full_width link-sec elementor-section-height-default elementor-section-height-default\" data-id=\"ebea4f8\" data-element_type=\"section\">\n\t\t\t\t\t\t<div class=\"elementor-container elementor-column-gap-default\">\n\t\t\t\t\t<div class=\"elementor-column elementor-col-100 elementor-top-column elementor-element elementor-element-5b529d4\" data-id=\"5b529d4\" data-element_type=\"column\">\n\t\t\t<div class=\"elementor-widget-wrap elementor-element-populated\">\n\t\t\t\t\t\t<div class=\"elementor-element elementor-element-c0ed28b elementor-widget elementor-widget-template\" data-id=\"c0ed28b\" data-element_type=\"widget\" data-widget_type=\"template.default\">\n\t\t\t\t<div class=\"elementor-widget-container\">\n\t\t\t\t\t\t\t<div class=\"elementor-template\">\n\t\t\t\t\t<div data-elementor-type=\"section\" data-elementor-id=\"1596\" class=\"elementor elementor-1596\" data-elementor-post-type=\"elementor_library\">\n\t\t\t\t\t<section class=\"elementor-section elementor-top-section elementor-element elementor-element-4cd2b9e4 elementor-section-full_width elementor-section-height-default elementor-section-height-default\" data-id=\"4cd2b9e4\" data-element_type=\"section\">\n\t\t\t\t\t\t<div class=\"elementor-container elementor-column-gap-default\">\n\t\t\t\t\t<div class=\"elementor-column elementor-col-100 elementor-top-column elementor-element elementor-element-65c281b1\" data-id=\"65c281b1\" data-element_type=\"column\">\n\t\t\t<div class=\"elementor-widget-wrap elementor-element-populated\">\n\t\t\t\t\t\t<div class=\"elementor-element elementor-element-789cf0c1 elementor-widget elementor-widget-call-us\" data-id=\"789cf0c1\" data-element_type=\"widget\" data-widget_type=\"call-us.default\">\n\t\t\t\t<div class=\"elementor-widget-container\">\n\t\t\t\t\t\t\t\t<div class=\"section-full self-intro-section-outer overlay-wraper\" style=\"background-image:url(https:\/\/gridvalley.net\/wp\/industroz\/wp-content\/uploads\/2020\/04\/bg-6.jpg)\">                                 \n\t\t\t\t<div class=\"overlay-main site-bg-secondry opacity-09\"><\/div>\n\t\t\t\t<div class=\"self-intro-top bg-gray p-t80 p-b30\">\n\t\t\t\t\t<div class=\"container\">\n\t\t\t\t\t\t<div class=\"row justify-content-end\">\n\n\t\t\t\t\t\t\t<div class=\"col-lg-6 col-md-12\">\n\t\t\t\t\t\t\t\t<!-- TITLE START-->\n\t\t\t\t\t\t\t\t<div class=\"left wt-small-separator-outer\">\n\t\t\t\t\t\t\t\t\t\t\t\t\t\t\t\t\t\t\t<div class=\"wt-small-separator site-text-primary\">\n\t\t\t\t\t\t\t\t\t\t\t<div class=\"sep-leaf-left\"><\/div>\n\t\t\t\t\t\t\t\t\t\t\t<div>Parlez \u00e0 notre \u00e9quipe d\u2019ing\u00e9nierie d\u00e8s aujourd\u2019hui<\/div>\n\t\t\t\t\t\t\t\t\t\t\t<div class=\"sep-leaf-right\"><\/div>\n\t\t\t\t\t\t\t\t\t\t<\/div>\t\n\t\t\t\t\t\t\t\t\t\t\t\t\t\t\t\t\t\t\t\t<h2>Vous recherchez un partenaire fiable ?<\/h2>\n\t\t\t\t\t\t\t\t\t\t\t\t\t\t\t\t\t\t\t\t<p>Optimisez vos processus avec des standards de qualit\u00e9<\/p>\n\t\t\t\t\t\t\t\t\t\t\t\t\t\t\t\t\t\t<\/div>\n\t\t\t\t\t\t\t\t<!-- TITLE END-->\n\t\t\t\t\t\t\t<\/div>                              \n\n\t\t\t\t\t\t<\/div>\n\t\t\t\t\t<\/div>\n\t\t\t\t<\/div> \n\t\t\t\t<div class=\"self-intro-bottom p-t80 p-b70\">\n\t\t\t\t\t<div class=\"container\">\n\t\t\t\t\t\t<div class=\"row justify-content-end\">\n\t\t\t\t\t\t\t<div class=\"col-lg-6 col-md-6\">\n\t\t\t\t\t\t\t\t<div class=\"self-info-detail\">\n\t\t\t\t\t\t\t\t\t\t\t\t\t\t\t\t\t\t\t<div class=\"wt-icon-box-wraper p-b10 left\">\n\t\t\t\t\t\t\t\t\t\t\t<div class=\"icon-md m-b20\">\n\t\t\t\t\t\t\t\t\t\t\t\t<span class=\"icon-cell site-text-primary\"><i class=\"flaticon-call\"><\/i><\/span>\n\t\t\t\t\t\t\t\t\t\t\t<\/div>\n\t\t\t\t\t\t\t\t\t\t\t<div class=\"icon-content text-white\">\n\t\t\t\t\t\t\t\t\t\t\t\t<h3 class=\"wt-tilte\">Vous avez une question ? Appelez-nous<\/h3>\n\t\t\t\t\t\t\t\t\t\t\t\t+86 20 8388 7080\t\t\t\t\t\t\t\t\t\t\t<\/div>\n\t\t\t\t\t\t\t\t\t\t<\/div>\n\t\t\t\t\t\t\t\t\t\t\t\t\t\t\t\t\t\t\t\t<div class=\"wt-icon-box-wraper p-b10 left\">\n\t\t\t\t\t\t\t\t\t\t\t<div class=\"icon-md m-b20\">\n\t\t\t\t\t\t\t\t\t\t\t\t<span class=\"icon-cell site-text-primary\"><i class=\"flaticon-mail\"><\/i><\/span>\n\t\t\t\t\t\t\t\t\t\t\t<\/div>\n\t\t\t\t\t\t\t\t\t\t\t<div class=\"icon-content text-white\">\n\t\t\t\t\t\t\t\t\t\t\t\t<h3 class=\"wt-tilte\">Besoin d'aide ? Envoyez-nous un e-mail<\/h3>\n\t\t\t\t\t\t\t\t\t\t\t\tenquiries@omnidexcn.com\t\t\t\t\t\t\t\t\t\t\t<\/div>\n\t\t\t\t\t\t\t\t\t\t<\/div>\n\t\t\t\t\t\t\t\t\t\t\t\t\t\t\t\t\t\t<\/div>\n\t\t\t\t\t\t\t<\/div>\n\t\t\t\t\t\t<\/div>\n\t\t\t\t\t<\/div>\n\t\t\t\t<\/div>  \n\t\t\t\t<div class=\"container\">\n\t\t\t\t\t<div class=\"self-intro-pic-block\">\n\t\t\t\t\t\t<div class=\"wt-media\"><img decoding=\"async\" src=\"https:\/\/omnidexcn.com\/wp-content\/uploads\/2026\/02\/engineer.png\" alt=\"img\"><\/div>\n\t\t\t\t\t<\/div>\n\t\t\t\t<\/div>\n\n\t\t\t<\/div>\t\n\t\t\t\t\t\t\t\t\t<\/div>\n\t\t\t\t<\/div>\n\t\t\t\t\t<\/div>\n\t\t<\/div>\n\t\t\t\t\t<\/div>\n\t\t<\/section>\n\t\t\t\t<\/div>\n\t\t\t\t<\/div>\n\t\t\t\t\t\t<\/div>\n\t\t\t\t<\/div>\n\t\t\t\t\t<\/div>\n\t\t<\/div>\n\t\t\t\t\t<\/div>\n\t\t<\/section>\n\t\t\t\t<section class=\"elementor-section elementor-top-section elementor-element elementor-element-1a11666 elementor-section-boxed elementor-section-height-default elementor-section-height-default\" data-id=\"1a11666\" data-element_type=\"section\" data-settings=\"{&quot;background_background&quot;:&quot;classic&quot;}\">\n\t\t\t\t\t\t<div class=\"elementor-container elementor-column-gap-default\">\n\t\t\t\t\t<div class=\"elementor-column elementor-col-100 elementor-top-column elementor-element elementor-element-75c5ab2\" data-id=\"75c5ab2\" data-element_type=\"column\">\n\t\t\t<div class=\"elementor-widget-wrap elementor-element-populated\">\n\t\t\t\t\t\t<div class=\"elementor-element elementor-element-2737a29 elementor-widget elementor-widget-heading\" data-id=\"2737a29\" data-element_type=\"widget\" data-widget_type=\"heading.default\">\n\t\t\t\t<div class=\"elementor-widget-container\">\n\t\t\t\t\t<h2 class=\"elementor-heading-title elementor-size-default\">Des entreprises industrielles et technologiques de premier plan lui font confiance<\/h2>\t\t\t\t<\/div>\n\t\t\t\t<\/div>\n\t\t\t\t<div class=\"elementor-element elementor-element-6558ce6 elementor-arrows-position-outside elementor-pagination-position-outside elementor-widget elementor-widget-image-carousel\" data-id=\"6558ce6\" data-element_type=\"widget\" data-settings=\"{&quot;slides_to_show&quot;:&quot;6&quot;,&quot;slides_to_scroll&quot;:&quot;1&quot;,&quot;image_spacing_custom&quot;:{&quot;unit&quot;:&quot;px&quot;,&quot;size&quot;:28,&quot;sizes&quot;:[]},&quot;autoplay_speed&quot;:1000,&quot;navigation&quot;:&quot;both&quot;,&quot;autoplay&quot;:&quot;yes&quot;,&quot;pause_on_hover&quot;:&quot;yes&quot;,&quot;pause_on_interaction&quot;:&quot;yes&quot;,&quot;infinite&quot;:&quot;yes&quot;,&quot;speed&quot;:500,&quot;image_spacing_custom_tablet&quot;:{&quot;unit&quot;:&quot;px&quot;,&quot;size&quot;:&quot;&quot;,&quot;sizes&quot;:[]},&quot;image_spacing_custom_mobile&quot;:{&quot;unit&quot;:&quot;px&quot;,&quot;size&quot;:&quot;&quot;,&quot;sizes&quot;:[]}}\" data-widget_type=\"image-carousel.default\">\n\t\t\t\t<div class=\"elementor-widget-container\">\n\t\t\t\t\t\t\t<div class=\"elementor-image-carousel-wrapper swiper\" role=\"region\" aria-roledescription=\"carousel\" aria-label=\"Carrousel d&#039;images\" dir=\"ltr\">\n\t\t\t<div class=\"elementor-image-carousel swiper-wrapper\" aria-live=\"off\">\n\t\t\t\t\t\t\t\t<div class=\"swiper-slide\" role=\"group\" aria-roledescription=\"slide\" aria-label=\"1 von 16\" data-no-translation-aria-label=\"\"><figure class=\"swiper-slide-inner\"><img decoding=\"async\" class=\"swiper-slide-image\" src=\"https:\/\/omnidexcn.com\/wp-content\/uploads\/2025\/12\/Eight360.png\" alt=\"Huit360\" \/><\/figure><\/div><div class=\"swiper-slide\" role=\"group\" aria-roledescription=\"slide\" aria-label=\"2 von 16\" data-no-translation-aria-label=\"\"><figure class=\"swiper-slide-inner\"><img decoding=\"async\" class=\"swiper-slide-image\" src=\"https:\/\/omnidexcn.com\/wp-content\/uploads\/2025\/12\/DCI-logo.png\" alt=\"Logo de l&#039;ICD\" \/><\/figure><\/div><div class=\"swiper-slide\" role=\"group\" aria-roledescription=\"slide\" aria-label=\"3 von 16\" data-no-translation-aria-label=\"\"><figure class=\"swiper-slide-inner\"><img decoding=\"async\" class=\"swiper-slide-image\" src=\"https:\/\/omnidexcn.com\/wp-content\/uploads\/2025\/12\/Crestline-coach.png\" alt=\"Entra\u00eeneur de Crestline\" \/><\/figure><\/div><div class=\"swiper-slide\" role=\"group\" aria-roledescription=\"slide\" aria-label=\"4 von 16\" data-no-translation-aria-label=\"\"><figure class=\"swiper-slide-inner\"><img decoding=\"async\" class=\"swiper-slide-image\" src=\"https:\/\/omnidexcn.com\/wp-content\/uploads\/2025\/12\/Contrec.png\" alt=\"Contrec\" \/><\/figure><\/div><div class=\"swiper-slide\" role=\"group\" aria-roledescription=\"slide\" aria-label=\"5 von 16\" data-no-translation-aria-label=\"\"><figure class=\"swiper-slide-inner\"><img decoding=\"async\" class=\"swiper-slide-image\" src=\"https:\/\/omnidexcn.com\/wp-content\/uploads\/2025\/12\/CNC-Produkter.png\" alt=\"Produits CNC\" \/><\/figure><\/div><div class=\"swiper-slide\" role=\"group\" aria-roledescription=\"slide\" aria-label=\"6 von 16\" data-no-translation-aria-label=\"\"><figure class=\"swiper-slide-inner\"><img decoding=\"async\" class=\"swiper-slide-image\" src=\"https:\/\/omnidexcn.com\/wp-content\/uploads\/2025\/12\/Clevatech.png\" alt=\"Clevatech\" \/><\/figure><\/div><div class=\"swiper-slide\" role=\"group\" aria-roledescription=\"slide\" aria-label=\"7 von 16\" data-no-translation-aria-label=\"\"><figure class=\"swiper-slide-inner\"><img decoding=\"async\" class=\"swiper-slide-image\" src=\"https:\/\/omnidexcn.com\/wp-content\/uploads\/2025\/12\/CADDS.png\" alt=\"CADDS\" \/><\/figure><\/div><div class=\"swiper-slide\" role=\"group\" aria-roledescription=\"slide\" aria-label=\"8 von 16\" data-no-translation-aria-label=\"\"><figure class=\"swiper-slide-inner\"><img decoding=\"async\" class=\"swiper-slide-image\" src=\"https:\/\/omnidexcn.com\/wp-content\/uploads\/2025\/12\/Breezway.png\" alt=\"Breezway\" \/><\/figure><\/div><div class=\"swiper-slide\" role=\"group\" aria-roledescription=\"slide\" aria-label=\"9 von 16\" data-no-translation-aria-label=\"\"><figure class=\"swiper-slide-inner\"><img decoding=\"async\" class=\"swiper-slide-image\" src=\"https:\/\/omnidexcn.com\/wp-content\/uploads\/2025\/12\/belshaw.png\" alt=\"belshaw\" \/><\/figure><\/div><div class=\"swiper-slide\" role=\"group\" aria-roledescription=\"slide\" aria-label=\"10 von 16\" data-no-translation-aria-label=\"\"><figure class=\"swiper-slide-inner\"><img decoding=\"async\" class=\"swiper-slide-image\" src=\"https:\/\/omnidexcn.com\/wp-content\/uploads\/2025\/12\/Belly-fender.png\" alt=\"Aile ventrale\" \/><\/figure><\/div><div class=\"swiper-slide\" role=\"group\" aria-roledescription=\"slide\" aria-label=\"11 von 16\" data-no-translation-aria-label=\"\"><figure class=\"swiper-slide-inner\"><img decoding=\"async\" class=\"swiper-slide-image\" src=\"https:\/\/omnidexcn.com\/wp-content\/uploads\/2025\/12\/Arrakis-Official-Logo-2.5.png\" alt=\"Logo officiel d&#039;Arrakis-2.5\" \/><\/figure><\/div><div class=\"swiper-slide\" role=\"group\" aria-roledescription=\"slide\" aria-label=\"12 von 16\" data-no-translation-aria-label=\"\"><figure class=\"swiper-slide-inner\"><img decoding=\"async\" class=\"swiper-slide-image\" src=\"https:\/\/omnidexcn.com\/wp-content\/uploads\/2025\/12\/Aneeta.png\" alt=\"Aneeta\" \/><\/figure><\/div><div class=\"swiper-slide\" role=\"group\" aria-roledescription=\"slide\" aria-label=\"13 von 16\" data-no-translation-aria-label=\"\"><figure class=\"swiper-slide-inner\"><img decoding=\"async\" class=\"swiper-slide-image\" src=\"https:\/\/omnidexcn.com\/wp-content\/uploads\/2025\/12\/Alphafit.png\" alt=\"Alphafit\" \/><\/figure><\/div><div class=\"swiper-slide\" role=\"group\" aria-roledescription=\"slide\" aria-label=\"14 von 16\" data-no-translation-aria-label=\"\"><figure class=\"swiper-slide-inner\"><img decoding=\"async\" class=\"swiper-slide-image\" src=\"https:\/\/omnidexcn.com\/wp-content\/uploads\/2025\/12\/Algas.png\" alt=\"Algues\" \/><\/figure><\/div><div class=\"swiper-slide\" role=\"group\" aria-roledescription=\"slide\" aria-label=\"15 von 16\" data-no-translation-aria-label=\"\"><figure class=\"swiper-slide-inner\"><img decoding=\"async\" class=\"swiper-slide-image\" src=\"https:\/\/omnidexcn.com\/wp-content\/uploads\/2025\/12\/Acoustic-Data.png\" alt=\"Donn\u00e9es acoustiques\" \/><\/figure><\/div><div class=\"swiper-slide\" role=\"group\" aria-roledescription=\"slide\" aria-label=\"16 von 16\" data-no-translation-aria-label=\"\"><figure class=\"swiper-slide-inner\"><img decoding=\"async\" class=\"swiper-slide-image\" src=\"https:\/\/omnidexcn.com\/wp-content\/uploads\/2025\/12\/1iherb.png\" alt=\"1iherb\" \/><\/figure><\/div>\t\t\t<\/div>\n\t\t\t\t\t\t\t\t\t\t\t\t<div class=\"elementor-swiper-button elementor-swiper-button-prev\" role=\"button\" tabindex=\"0\">\n\t\t\t\t\t\t<i aria-hidden=\"true\" class=\"eicon-chevron-left\"><\/i>\t\t\t\t\t<\/div>\n\t\t\t\t\t<div class=\"elementor-swiper-button elementor-swiper-button-next\" role=\"button\" tabindex=\"0\">\n\t\t\t\t\t\t<i aria-hidden=\"true\" class=\"eicon-chevron-right\"><\/i>\t\t\t\t\t<\/div>\n\t\t\t\t\n\t\t\t\t\t\t\t\t\t<div class=\"swiper-pagination\"><\/div>\n\t\t\t\t\t\t\t\t\t<\/div>\n\t\t\t\t\t\t<\/div>\n\t\t\t\t<\/div>\n\t\t\t\t\t<\/div>\n\t\t<\/div>\n\t\t\t\t\t<\/div>\n\t\t<\/section>\n\t\t\t\t<\/div>","protected":false},"excerpt":{"rendered":"<p>An Engineering-Led Manufacturing Partner Omnidex is an international engineering and manufacturing organisation supporting customers across industrial, medical, electronics and technology-driven sectors. Founded to bridge the gap between design intent and reliable production, Omnidex operates as a managed manufacturing partner rather than a transactional supplier. Our role is to ensure that engineering requirements are correctly interpreted, [&hellip;]<\/p>","protected":false},"author":1,"featured_media":0,"parent":0,"menu_order":0,"comment_status":"closed","ping_status":"closed","template":"","meta":{"_acf_changed":false,"pagelayer_contact_templates":[],"_pagelayer_content":"","footnotes":""},"class_list":["post-213","page","type-page","status-publish","hentry"],"acf":[],"_links":{"self":[{"href":"https:\/\/omnidexcn.com\/fr\/wp-json\/wp\/v2\/pages\/213","targetHints":{"allow":["GET"]}}],"collection":[{"href":"https:\/\/omnidexcn.com\/fr\/wp-json\/wp\/v2\/pages"}],"about":[{"href":"https:\/\/omnidexcn.com\/fr\/wp-json\/wp\/v2\/types\/page"}],"author":[{"embeddable":true,"href":"https:\/\/omnidexcn.com\/fr\/wp-json\/wp\/v2\/users\/1"}],"replies":[{"embeddable":true,"href":"https:\/\/omnidexcn.com\/fr\/wp-json\/wp\/v2\/comments?post=213"}],"version-history":[{"count":90,"href":"https:\/\/omnidexcn.com\/fr\/wp-json\/wp\/v2\/pages\/213\/revisions"}],"predecessor-version":[{"id":1889,"href":"https:\/\/omnidexcn.com\/fr\/wp-json\/wp\/v2\/pages\/213\/revisions\/1889"}],"wp:attachment":[{"href":"https:\/\/omnidexcn.com\/fr\/wp-json\/wp\/v2\/media?parent=213"}],"curies":[{"name":"wp","href":"https:\/\/api.w.org\/{rel}","templated":true}]}}