{"id":1755,"date":"2026-02-18T15:19:33","date_gmt":"2026-02-18T07:19:33","guid":{"rendered":"https:\/\/omnidexcn.com\/?page_id=1755"},"modified":"2026-03-13T23:31:26","modified_gmt":"2026-03-13T15:31:26","slug":"turnkey-how-it-works","status":"publish","type":"page","link":"https:\/\/omnidexcn.com\/pt\/turnkey-how-it-works\/","title":{"rendered":"Processo de manufatura turnkey"},"content":{"rendered":"<div data-elementor-type=\"wp-page\" data-elementor-id=\"1755\" class=\"elementor elementor-1755\" data-elementor-post-type=\"page\">\n\t\t\t\t\t\t<section class=\"elementor-section elementor-top-section elementor-element elementor-element-b866b70 elementor-section-boxed elementor-section-height-default elementor-section-height-default\" data-id=\"b866b70\" data-element_type=\"section\">\n\t\t\t\t\t\t<div class=\"elementor-container elementor-column-gap-default\">\n\t\t\t\t\t<div class=\"elementor-column elementor-col-100 elementor-top-column elementor-element elementor-element-8b7dad8\" data-id=\"8b7dad8\" data-element_type=\"column\">\n\t\t\t<div class=\"elementor-widget-wrap elementor-element-populated\">\n\t\t\t\t\t\t<div class=\"elementor-element elementor-element-1fffe13 elementor-widget elementor-widget-spacer\" data-id=\"1fffe13\" data-element_type=\"widget\" data-widget_type=\"spacer.default\">\n\t\t\t\t<div class=\"elementor-widget-container\">\n\t\t\t\t\t\t\t<div class=\"elementor-spacer\">\n\t\t\t<div class=\"elementor-spacer-inner\"><\/div>\n\t\t<\/div>\n\t\t\t\t\t\t<\/div>\n\t\t\t\t<\/div>\n\t\t\t\t<div class=\"elementor-element elementor-element-90be52e elementor-widget elementor-widget-text-editor\" data-id=\"90be52e\" data-element_type=\"widget\" data-widget_type=\"text-editor.default\">\n\t\t\t\t<div class=\"elementor-widget-container\">\n\t\t\t\t\t\t\t\t\t<h2>Como funcionam as solu\u00e7\u00f5es turnkey da Omnidex<\/h2><p>As solu\u00e7\u00f5es turnkey da Omnidex adaptam-se a cada projeto, desde poucos processos at\u00e9 programas completos, garantindo visibilidade e controle total em todas as etapas.<\/p><h2><span style=\"color: #000000;\"><strong>Produ\u00e7\u00e3o escal\u00e1vel para qualquer volume<\/strong><\/span><\/h2><p>Diferente de fornecedores tradicionais, a Omnidex oferece um modelo escal\u00e1vel, desde prot\u00f3tipos at\u00e9 produ\u00e7\u00e3o em massa.<\/p>\t\t\t\t\t\t\t\t<\/div>\n\t\t\t\t<\/div>\n\t\t\t\t<div class=\"elementor-element elementor-element-0c63879 elementor-widget elementor-widget-heading\" data-id=\"0c63879\" data-element_type=\"widget\" data-widget_type=\"heading.default\">\n\t\t\t\t<div class=\"elementor-widget-container\">\n\t\t\t\t\t<h2 class=\"elementor-heading-title elementor-size-default\">O processo turnkey Omnidex<\/h2>\t\t\t\t<\/div>\n\t\t\t\t<\/div>\n\t\t\t\t<div class=\"elementor-element elementor-element-f2d2156 elementor-widget__width-initial elementor-widget elementor-widget-html\" data-id=\"f2d2156\" data-element_type=\"widget\" data-widget_type=\"html.default\">\n\t\t\t\t<div class=\"elementor-widget-container\">\n\t\t\t\t\t<h2 align=\"center\">Processo de manufatura turnkey \u2014 Como funciona<\/h2>\r\n\r\n<!-- OMNIDEX TURNKEY PROCESS CHART (RESPONSIVE) -->\r\n<section class=\"omx-turnkey-chart\" aria-label=\"Omnidex Turnkey Process Chart\">\r\n  <!-- CORE FLOW (always shown) -->\r\n  <div class=\"omx-flow omx-flow-core\">\r\n    <div class=\"omx-node omx-node-start\">\r\n      <h3>Consulta<\/h3>\r\n      <p>Requisitos iniciais, desenhos, quantidades, custo alvo e prazo.<\/p>\r\n    <\/div>\r\n\r\n    <div class=\"omx-arrow\" aria-hidden=\"true\"><\/div>\r\n\r\n    <div class=\"omx-node\">\r\n      <h3>Revis\u00e3o t\u00e9cnica<\/h3>\r\n      <p>Viabilidade, materiais, toler\u00e2ncias, riscos e requisitos.<\/p>\r\n    <\/div>\r\n\r\n    <div class=\"omx-arrow\" aria-hidden=\"true\"><\/div>\r\n\r\n    <div class=\"omx-node\">\r\n      <h3>Sele\u00e7\u00e3o de processo<\/h3>\r\n      <p>Defini\u00e7\u00e3o dos processos necess\u00e1rios.<\/p>\r\n    <\/div>\r\n\r\n    <div class=\"omx-arrow\" aria-hidden=\"true\"><\/div>\r\n\r\n    <div class=\"omx-node\">\r\n      <h3>Or\u00e7amento e planejamento<\/h3>\r\n      <p>Custos, prazos, plano de qualidade e condi\u00e7\u00f5es.<\/p>\r\n    <\/div>\r\n\r\n    <div class=\"omx-arrow\" aria-hidden=\"true\"><\/div>\r\n\r\n    <div class=\"omx-node\">\r\n      <h3>Produ\u00e7\u00e3o<\/h3>\r\n      <p>Fabrica\u00e7\u00e3o gerida entre processos e fornecedores.<\/p>\r\n    <\/div>\r\n\r\n    <div class=\"omx-arrow\" aria-hidden=\"true\"><\/div>\r\n\r\n    <div class=\"omx-node\">\r\n      <h3>Controle de qualidade e verifica\u00e7\u00e3o<\/h3>\r\n      <p>Inspe\u00e7\u00e3o, testes, documenta\u00e7\u00e3o e a\u00e7\u00f5es corretivas.<\/p>\r\n    <\/div>\r\n\r\n    <div class=\"omx-arrow\" aria-hidden=\"true\"><\/div>\r\n\r\n    <div class=\"omx-node omx-node-end\">\r\n      <h3>Entrega<\/h3>\r\n      <p>Embalagem, documentos, envio e rastreamento.<\/p>\r\n    <\/div>\r\n  <\/div>\r\n\r\n  <!-- OPTIONAL ROUTES (desktop\/tablet: shown as cards; mobile: collapsible) -->\r\n  <div class=\"omx-optional\">\r\n    <div class=\"omx-optional-desktop\" aria-label=\"Optional process routes (desktop)\">\r\n      <h4>Processos opcionais (adicionar conforme necess\u00e1rio)<\/h4>\r\n      <div class=\"omx-grid\">\r\n        <div class=\"omx-chip\"><strong>Fundi\u00e7\u00e3o<\/strong><br><span>Ferramentas, moldes, fundi\u00e7\u00e3o, tratamento t\u00e9rmico<\/span><\/div>\r\n        <div class=\"omx-chip\"><strong>Usinagem CNC<\/strong><br><span>Fresagem, torneamento, retifica\u00e7\u00e3o<\/span><\/div>\r\n        <div class=\"omx-chip\"><strong>Fabrica\u00e7\u00e3o<\/strong><br><span>Corte, dobra, soldagem<\/span><\/div>\r\n        <div class=\"omx-chip\"><strong>Pl\u00e1sticos<\/strong><br><span>Inje\u00e7\u00e3o, usinagem<\/span><\/div>\r\n        <div class=\"omx-chip\"><strong>Eletr\u00f4nica<\/strong><br><span>PCB\/SMT, cabeamento, testes<\/span><\/div>\r\n        <div class=\"omx-chip\"><strong>Montagem e teste<\/strong><br><span>Subconjuntos, testes<\/span><\/div>\r\n        <div class=\"omx-chip\"><strong>Acabamento<\/strong><br><span>Pintura, revestimento<\/span><\/div>\r\n        <div class=\"omx-chip\"><strong>Log\u00edstica<\/strong><br><span>Embalagem, documentos, envio global<\/span><\/div>\r\n      <\/div>\r\n    <\/div>\r\n\r\n    <details class=\"omx-optional-mobile\">\r\n      <summary><strong>Optional process routes<\/strong> (tap to expand)<\/summary>\r\n      <div class=\"omx-grid\">\r\n        <div class=\"omx-chip\"><strong>Fundi\u00e7\u00e3o<\/strong><br><span>Ferramentas, moldes, fundi\u00e7\u00e3o, tratamento t\u00e9rmico<\/span><\/div>\r\n        <div class=\"omx-chip\"><strong>Usinagem CNC<\/strong><br><span>Fresagem, torneamento, retifica\u00e7\u00e3o<\/span><\/div>\r\n        <div class=\"omx-chip\"><strong>Fabrica\u00e7\u00e3o<\/strong><br><span>Corte, dobra, soldagem<\/span><\/div>\r\n        <div class=\"omx-chip\"><strong>Pl\u00e1sticos<\/strong><br><span>Inje\u00e7\u00e3o, usinagem<\/span><\/div>\r\n        <div class=\"omx-chip\"><strong>Eletr\u00f4nica<\/strong><br><span>PCB\/SMT, cabeamento, testes<\/span><\/div>\r\n        <div class=\"omx-chip\"><strong>Montagem e teste<\/strong><br><span>Subconjuntos, testes<\/span><\/div>\r\n        <div class=\"omx-chip\"><strong>Acabamento<\/strong><br><span>Pintura, revestimento<\/span><\/div>\r\n        <div class=\"omx-chip\"><strong>Log\u00edstica<\/strong><br><span>Embalagem, documentos, envio global<\/span><\/div>\r\n      <\/div>\r\n    <\/details>\r\n  <\/div>\r\n\r\n  <p class=\"omx-note\">\r\n    <strong>O fluxo principal \u00e9 sempre seguido,<\/strong> com etapas adicionais apenas quando necess\u00e1rio, do prot\u00f3tipo \u00e0 produ\u00e7\u00e3o.\r\n  <\/p>\r\n<\/section>\r\n\r\n\t\t\t\t<\/div>\n\t\t\t\t<\/div>\n\t\t\t\t<section class=\"elementor-section elementor-inner-section elementor-element elementor-element-79e634d elementor-section-boxed elementor-section-height-default elementor-section-height-default\" data-id=\"79e634d\" data-element_type=\"section\">\n\t\t\t\t\t\t<div class=\"elementor-container elementor-column-gap-default\">\n\t\t\t\t\t<div class=\"elementor-column elementor-col-100 elementor-inner-column elementor-element elementor-element-6699360\" data-id=\"6699360\" data-element_type=\"column\">\n\t\t\t<div class=\"elementor-widget-wrap elementor-element-populated\">\n\t\t\t\t\t\t<div class=\"elementor-element elementor-element-4a6d068 elementor-align-center elementor-widget elementor-widget-button\" data-id=\"4a6d068\" data-element_type=\"widget\" data-widget_type=\"button.default\">\n\t\t\t\t<div class=\"elementor-widget-container\">\n\t\t\t\t\t\t\t\t\t<div class=\"elementor-button-wrapper\">\n\t\t\t\t\t<a class=\"elementor-button elementor-button-link elementor-size-sm\" href=\"https:\/\/omnidexcn.com\/pt\/entre-em-contato-conosco\/\" target=\"_blank\">\n\t\t\t\t\t\t<span class=\"elementor-button-content-wrapper\">\n\t\t\t\t\t\t<span class=\"elementor-button-icon\">\n\t\t\t\t<i aria-hidden=\"true\" class=\"far fa-arrow-alt-circle-right\"><\/i>\t\t\t<\/span>\n\t\t\t\t\t\t\t\t\t<span class=\"elementor-button-text\">Solicitar or\u00e7amento<\/span>\n\t\t\t\t\t<\/span>\n\t\t\t\t\t<\/a>\n\t\t\t\t<\/div>\n\t\t\t\t\t\t\t\t<\/div>\n\t\t\t\t<\/div>\n\t\t\t\t\t<\/div>\n\t\t<\/div>\n\t\t\t\t\t<\/div>\n\t\t<\/section>\n\t\t\t\t<div class=\"elementor-element elementor-element-382ab91 elementor-widget elementor-widget-text-editor\" data-id=\"382ab91\" data-element_type=\"widget\" data-widget_type=\"text-editor.default\">\n\t\t\t\t<div class=\"elementor-widget-container\">\n\t\t\t\t\t\t\t\t\t<h2><strong>Como funciona a estrutura<\/strong><\/h2><p>A estrutura permite adaptar processos conforme requisitos, garantindo efici\u00eancia e controle.<\/p><h2><strong>Solu\u00e7\u00f5es personalizadas de manufatura<\/strong><\/h2><p>Com um \u00fanico respons\u00e1vel, a Omnidex simplifica a cadeia de suprimentos e reduz riscos.<\/p>\t\t\t\t\t\t\t\t<\/div>\n\t\t\t\t<\/div>\n\t\t\t\t\t<\/div>\n\t\t<\/div>\n\t\t\t\t\t<\/div>\n\t\t<\/section>\n\t\t\t\t<section class=\"elementor-section elementor-top-section elementor-element elementor-element-5f14a8a elementor-section-boxed elementor-section-height-default elementor-section-height-default\" data-id=\"5f14a8a\" data-element_type=\"section\">\n\t\t\t\t\t\t<div class=\"elementor-container elementor-column-gap-default\">\n\t\t\t\t\t<div class=\"elementor-column elementor-col-100 elementor-top-column elementor-element elementor-element-b40cec8\" data-id=\"b40cec8\" data-element_type=\"column\">\n\t\t\t<div class=\"elementor-widget-wrap elementor-element-populated\">\n\t\t\t\t\t\t<div class=\"elementor-element elementor-element-73153bd elementor-widget elementor-widget-spacer\" data-id=\"73153bd\" data-element_type=\"widget\" data-widget_type=\"spacer.default\">\n\t\t\t\t<div class=\"elementor-widget-container\">\n\t\t\t\t\t\t\t<div class=\"elementor-spacer\">\n\t\t\t<div class=\"elementor-spacer-inner\"><\/div>\n\t\t<\/div>\n\t\t\t\t\t\t<\/div>\n\t\t\t\t<\/div>\n\t\t\t\t\t<\/div>\n\t\t<\/div>\n\t\t\t\t\t<\/div>\n\t\t<\/section>\n\t\t\t\t<\/div>","protected":false},"excerpt":{"rendered":"<p>How Omnidex Turnkey Solutions Work Omnidex turnkey manufacturing solutions are designed to adapt precisely to the needs of each project, whether the requirement is a small number of production steps or a fully integrated multi-disciplinary manufacturing programme. Our structured process allows customers to engage at any stage \u2014 from early concept development through to complete [&hellip;]<\/p>","protected":false},"author":1,"featured_media":0,"parent":0,"menu_order":0,"comment_status":"closed","ping_status":"closed","template":"","meta":{"_acf_changed":false,"pagelayer_contact_templates":[],"_pagelayer_content":"","footnotes":""},"class_list":["post-1755","page","type-page","status-publish","hentry"],"acf":[],"_links":{"self":[{"href":"https:\/\/omnidexcn.com\/pt\/wp-json\/wp\/v2\/pages\/1755","targetHints":{"allow":["GET"]}}],"collection":[{"href":"https:\/\/omnidexcn.com\/pt\/wp-json\/wp\/v2\/pages"}],"about":[{"href":"https:\/\/omnidexcn.com\/pt\/wp-json\/wp\/v2\/types\/page"}],"author":[{"embeddable":true,"href":"https:\/\/omnidexcn.com\/pt\/wp-json\/wp\/v2\/users\/1"}],"replies":[{"embeddable":true,"href":"https:\/\/omnidexcn.com\/pt\/wp-json\/wp\/v2\/comments?post=1755"}],"version-history":[{"count":44,"href":"https:\/\/omnidexcn.com\/pt\/wp-json\/wp\/v2\/pages\/1755\/revisions"}],"predecessor-version":[{"id":2124,"href":"https:\/\/omnidexcn.com\/pt\/wp-json\/wp\/v2\/pages\/1755\/revisions\/2124"}],"wp:attachment":[{"href":"https:\/\/omnidexcn.com\/pt\/wp-json\/wp\/v2\/media?parent=1755"}],"curies":[{"name":"wp","href":"https:\/\/api.w.org\/{rel}","templated":true}]}}